{"id":806,"date":"2019-06-10T18:04:44","date_gmt":"2019-06-10T16:04:44","guid":{"rendered":"http:\/\/gaisgodillots-cv.fr\/?page_id=806"},"modified":"2025-10-23T10:18:44","modified_gmt":"2025-10-23T08:18:44","slug":"une-belle-escapade-pour-les-gais-godillots","status":"publish","type":"page","link":"https:\/\/gaisgodillots-cv.fr\/?page_id=806","title":{"rendered":"Escapade dans les Alpes"},"content":{"rendered":"\r\n<p>\u00a0\u00a0\u00a0\u00a0\u00a0\u00a0\u00a0\u00a0\u00a0\u00a0\u00a0 Nos marcheurs viennent juste de rentrer de leur escapade annuelle.<\/p>\r\n\r\n\r\n\r\n\r\n\r\n<p>\u00a0\u00a0\u00a0\u00a0\u00a0\u00a0\u00a0\u00a0\u00a0\u00a0\u00a0 Cette ann\u00e9e, ils avaient choisi les Pr\u00e9alpes \u00e0 partir du centre de vacances VVF-Villages d\u2019\u00c9vian.<\/p>\r\n\r\n\r\n\r\n<p>\u00a0\u00a0\u00a0\u00a0\u00a0\u00a0\u00a0\u00a0\u00a0\u00a0\u00a0 Bien leur en a pris\u00a0! Car, au bord du L\u00e9man, ils ont \u00e9t\u00e9 accueillis par le beau temps, dans des paysages magnifiques et sur des sites tr\u00e8s int\u00e9ressants, guid\u00e9s par Jocelyne et Mireil, des guides de m\u00e9tier, particuli\u00e8rement \u00e9rudits et sympathiques.<\/p>\r\n\r\n\r\n\r\n<p>\u00a0\u00a0\u00a0\u00a0\u00a0\u00a0\u00a0\u00a0\u00a0\u00a0\u00a0 Les Gais Godillots connaissent tout de la ville d\u2019\u00c9vian : l\u2019h\u00f4tel du Parc, la mairie, ancienne maison de la famille Lumi\u00e8re, l\u2019historique des sources. \u2026 Ils ont fait le tour facile, pour se mettre en jambes, du mont Bennat, tout pr\u00e8s de la dent d\u2019Oche. Ils ont flirt\u00e9 avec la fronti\u00e8re suisse \u00e0 travers les alpages pour atteindre le joli lac d\u2019Arvoin pr\u00e8s duquel ils ont pique-niqu\u00e9. Ils ont emprunt\u00e9 le train \u00e0 cr\u00e9maill\u00e8re pour monter de Montreux \u00e0 la pointe de Naye \u00e0 plus de 2200 m\u00e8tres d\u2019altitude dans un cadre somptueux. Ils ont d\u00e9couvert le Vieux Ch\u00e2teau et le Ch\u00e2teauneuf d\u2019Allinges, distants de 150 m\u00e8tres et leur histoire mouvement\u00e9e, avant de finir leur odyss\u00e9e dans les rues de Gen\u00e8ve et au pied de son c\u00e9l\u00e8bre jet d\u2019eau. Une petite semaine vraiment agr\u00e9able et \u00e0 la port\u00e9e de tous, malgr\u00e9 quelques pentes ardues.<\/p>\r\n\r\n\r\n\r\n<p>\u00a0\u00a0\u00a0\u00a0\u00a0\u00a0\u00a0\u00a0\u00a0\u00a0\u00a0 Sans oublier qu\u2019\u00e0 l\u2019aller, ils se sont arr\u00eat\u00e9s \u00e0 Arc et Senans pour une visite tr\u00e8s instructive du site, initi\u00e9 sous le r\u00e8gne de Louis XV et r\u00e9alis\u00e9 sous celui de Louis XVI. Et au retour, ils ont appr\u00e9ci\u00e9 l\u2019historique de la famille Bel et sa r\u00e9alisation, entre autres, de la c\u00e9l\u00e8bre \u00ab\u00a0Vache qui rit\u00a0\u00bb, dans la maison \u00e9ponyme de Lons le Saunier.<\/p>\r\n\r\n\r\n\r\n<p>\u00a0\u00a0\u00a0\u00a0\u00a0\u00a0\u00a0\u00a0\u00a0\u00a0\u00a0 Maintenant la vie habituelle va reprendre son cours avec des balades dans le secteur, l\u2019entretien du balisage Club Vosgien dont les signes sont class\u00e9s au patrimoine europ\u00e9en.<\/p>\r\n\r\n\r\n\r\n<p>\u00a0\u00a0\u00a0\u00a0\u00a0\u00a0\u00a0\u00a0\u00a0\u00a0\u00a0 Et, en ao\u00fbt, une sortie en For\u00eat Noire, suivie, fin septembre par un voyage en Autriche et Allemagne au programme \u00e0 la fois sportif et culturel qui promet. Pas de repos donc pour des jambes parfois vieillissantes mais toujours valides.<\/p>\r\n<p>Cliquer sur le jour pour voir les Photos correspondantes : <a href=\"https:\/\/gaisgodillots-cv.fr\/?page_id=897\">2<\/a> &#8211;\u00a0<a href=\"https:\/\/gaisgodillots-cv.fr\/?page_id=900\">3<\/a> &#8211;<a href=\"https:\/\/gaisgodillots-cv.fr\/?page_id=884\">4<\/a> &#8211; <a href=\"https:\/\/gaisgodillots-cv.fr\/?page_id=887\">5<\/a> &#8211;\u00a0<a href=\"https:\/\/gaisgodillots-cv.fr\/?page_id=890\">6<\/a> &#8211;\u00a0<a href=\"https:\/\/gaisgodillots-cv.fr\/?page_id=893\">7<\/a><\/p>\r\n\r\n\r\n","protected":false},"excerpt":{"rendered":"<p>\u00a0\u00a0\u00a0\u00a0\u00a0\u00a0\u00a0\u00a0\u00a0\u00a0\u00a0 Nos marcheurs viennent juste de rentrer de leur escapade annuelle. \u00a0\u00a0\u00a0\u00a0\u00a0\u00a0\u00a0\u00a0\u00a0\u00a0\u00a0 Cette ann\u00e9e, ils avaient choisi les Pr\u00e9alpes \u00e0 partir du centre de vacances VVF-Villages d\u2019\u00c9vian. \u00a0\u00a0\u00a0\u00a0\u00a0\u00a0\u00a0\u00a0\u00a0\u00a0\u00a0 Bien leur en a pris\u00a0! Car, au bord du L\u00e9man, ils ont \u00e9t\u00e9 accueillis par le beau temps, dans des paysages magnifiques et sur des sites tr\u00e8s &hellip; <a href=\"https:\/\/gaisgodillots-cv.fr\/?page_id=806\" class=\"more-link\">Continuer la lecture<span class=\"screen-reader-text\"> de &laquo;&nbsp;Escapade dans les Alpes&nbsp;&raquo;<\/span><\/a><\/p>\n","protected":false},"author":1,"featured_media":0,"parent":0,"menu_order":0,"comment_status":"closed","ping_status":"closed","template":"","meta":{"_uag_custom_page_level_css":"","footnotes":""},"class_list":["post-806","page","type-page","status-publish","hentry"],"uagb_featured_image_src":{"full":false,"thumbnail":false,"medium":false,"medium_large":false,"large":false,"1536x1536":false,"2048x2048":false,"gg_gallery_thumbnail":false,"post-thumbnail":false},"uagb_author_info":{"display_name":"admin4159","author_link":"https:\/\/gaisgodillots-cv.fr\/?author=1"},"uagb_comment_info":0,"uagb_excerpt":"\u00a0\u00a0\u00a0\u00a0\u00a0\u00a0\u00a0\u00a0\u00a0\u00a0\u00a0 Nos marcheurs viennent juste de rentrer de leur escapade annuelle. \u00a0\u00a0\u00a0\u00a0\u00a0\u00a0\u00a0\u00a0\u00a0\u00a0\u00a0 Cette ann\u00e9e, ils avaient choisi les Pr\u00e9alpes \u00e0 partir du centre de vacances VVF-Villages d\u2019\u00c9vian. \u00a0\u00a0\u00a0\u00a0\u00a0\u00a0\u00a0\u00a0\u00a0\u00a0\u00a0 Bien leur en a pris\u00a0! Car, au bord du L\u00e9man, ils ont \u00e9t\u00e9 accueillis par le beau temps, dans des paysages magnifiques et sur des sites tr\u00e8s\u2026","_links":{"self":[{"href":"https:\/\/gaisgodillots-cv.fr\/index.php?rest_route=\/wp\/v2\/pages\/806","targetHints":{"allow":["GET"]}}],"collection":[{"href":"https:\/\/gaisgodillots-cv.fr\/index.php?rest_route=\/wp\/v2\/pages"}],"about":[{"href":"https:\/\/gaisgodillots-cv.fr\/index.php?rest_route=\/wp\/v2\/types\/page"}],"author":[{"embeddable":true,"href":"https:\/\/gaisgodillots-cv.fr\/index.php?rest_route=\/wp\/v2\/users\/1"}],"replies":[{"embeddable":true,"href":"https:\/\/gaisgodillots-cv.fr\/index.php?rest_route=%2Fwp%2Fv2%2Fcomments&post=806"}],"version-history":[{"count":11,"href":"https:\/\/gaisgodillots-cv.fr\/index.php?rest_route=\/wp\/v2\/pages\/806\/revisions"}],"predecessor-version":[{"id":5366,"href":"https:\/\/gaisgodillots-cv.fr\/index.php?rest_route=\/wp\/v2\/pages\/806\/revisions\/5366"}],"wp:attachment":[{"href":"https:\/\/gaisgodillots-cv.fr\/index.php?rest_route=%2Fwp%2Fv2%2Fmedia&parent=806"}],"curies":[{"name":"wp","href":"https:\/\/api.w.org\/{rel}","templated":true}]}}