{"id":4511,"date":"2025-02-11T11:24:40","date_gmt":"2025-02-11T10:24:40","guid":{"rendered":"https:\/\/gaisgodillots-cv.fr\/?page_id=4511"},"modified":"2025-07-19T09:37:10","modified_gmt":"2025-07-19T07:37:10","slug":"defile-de-straiture-la-glaciere","status":"publish","type":"page","link":"https:\/\/gaisgodillots-cv.fr\/?page_id=4511","title":{"rendered":"D\u00e9fil\u00e9 de Straiture &#8211; La Glaci\u00e8re"},"content":{"rendered":"\n\t\t<div id=\"wpgpxmaps_4511_2523128\" class=\"wpgpxmaps\">\n\t\t\t<div id=\"map_4511_2523128_cont\" style=\"width:100%; height:450px;position:relative\" >\n\t\t\t\t<div id=\"map_4511_2523128\" style=\"width:100%; height:450px\"><\/div>\n\t\t\t\t<div id=\"wpgpxmaps_4511_2523128_osm_footer\" class=\"wpgpxmaps_osm_footer\" style=\"display:none;\"><span> &copy; <a href=\"http:\/\/www.openstreetmap.org\/copyright\">OpenStreetMap<\/a> contributors<\/span><\/div>\n\t\t\t<\/div>\n\t\t\t<canvas id=\"myChart_4511_2523128\" class=\"plot\" style=\"width:100%; height:200px\"><\/canvas>\n\t\t\t<div id=\"ngimages_4511_2523128\" class=\"ngimages\" style=\"display:none\"><\/div>\n\t\t\t<div id=\"report_4511_2523128\" class=\"report\"><\/div>\n\t\t<\/div>\n\t\t\n\t\t<script type=\"text\/javascript\">\n\n\t\t\tjQuery(document).ready(function() {\n\n\t\t\t\tjQuery( \"#wpgpxmaps_4511_2523128\" ).wpgpxmaps( {\n\t\t\t\t\ttargetId           : \"4511_2523128\",\n\t\t\t\t\tmapType            : \"OSM3\",\n\t\t\t\t\tmapData            : [[48.1245600,6.9536800],[48.1242700,6.9521100],[48.1236600,6.9516700],[48.1230300,6.9509700],[48.1221300,6.9502300],[48.1217400,6.9499600],[48.1211100,6.9498600],[48.1207300,6.9497000],[48.1196200,6.9487200],[48.1194700,6.9483700],[48.1185300,6.9474800],[48.1181400,6.9465800],[48.1173200,6.9441200],[48.1169200,6.9436000],[48.1164000,6.9432300],[48.1159300,6.9436400],[48.1149800,6.9443900],[48.1143800,6.9443600],[48.1134300,6.9438100],[48.1132900,6.9432000],[48.1128200,6.9432500],[48.1119800,6.9430000],[48.1112600,6.9422400],[48.1102900,6.9417000],[48.1097900,6.9414400],[48.1089200,6.9411500],[48.1082800,6.9410100],[48.1080600,6.9417100],[48.1077000,6.9421400],[48.1081900,6.9430900],[48.1090300,6.9436200],[48.1102800,6.9442600],[48.1110000,6.9445400],[48.1116100,6.9449000],[48.1124100,6.9451800],[48.1131800,6.9454700],[48.1136400,6.9460500],[48.1138500,6.9474400],[48.1144400,6.9487600],[48.1146200,6.9492900],[48.1149000,6.9510800],[48.1152100,6.9522400],[48.1154300,6.9532500],[48.1158500,6.9540100],[48.1160600,6.9546900],[48.1159100,6.9557000],[48.1157300,6.9563300],[48.1149000,6.9583700],[48.1147800,6.9589800],[48.1143000,6.9597700],[48.1141400,6.9603100],[48.1142500,6.9606000],[48.1134700,6.9626000],[48.1127100,6.9641100],[48.1123100,6.9649600],[48.1114300,6.9660800],[48.1114400,6.9660100],[48.1106600,6.9669800],[48.1092800,6.9684300],[48.1083300,6.9693500],[48.1079600,6.9699700],[48.1067600,6.9713500],[48.1060100,6.9720000],[48.1057900,6.9723700],[48.1058600,6.9728200],[48.1062400,6.9726100],[48.1074000,6.9716500],[48.1078300,6.9711700],[48.1086900,6.9706900],[48.1091300,6.9702500],[48.1104300,6.9696900],[48.1112600,6.9690800],[48.1121500,6.9686000],[48.1125000,6.9682300],[48.1127000,6.9677800],[48.1134400,6.9666000],[48.1140500,6.9654300],[48.1146000,6.9640700],[48.1148000,6.9629900],[48.1149200,6.9616800],[48.1150100,6.9609100],[48.1149500,6.9605800],[48.1155100,6.9592000],[48.1157100,6.9582000],[48.1161300,6.9573600],[48.1167800,6.9565000],[48.1171100,6.9564200],[48.1192300,6.9551900],[48.1194800,6.9552800],[48.1200200,6.9549700],[48.1205500,6.9547000],[48.1210600,6.9546300],[48.1215300,6.9539000],[48.1216100,6.9535500],[48.1222100,6.9531800],[48.1234500,6.9533500],[48.1238300,6.9534200],[48.1245000,6.9538000]],\n\t\t\t\t\tgraphDist          : [0.00,120.90,196.18,284.02,398.27,446.04,516.89,561.05,706.14,738.00,863.43,944.48,1151.32,1210.31,1274.40,1334.87,1454.57,1522.54,1637.57,1686.50,1738.89,1834.26,1932.32,2047.42,2106.26,2205.51,2277.48,2334.92,2386.11,2475.33,2576.83,2723.97,2807.11,2880.29,2972.21,3061.18,3128.59,3235.12,3353.64,3399.05,3536.12,3629.92,3709.05,3783.07,3839.25,3916.52,3967.73,4145.04,4192.29,4271.58,4315.45,4340.24,4512.46,4653.10,4730.32,4858.83,4864.30,4977.42,5165.42,5291.54,5353.65,5522.05,5618.46,5655.24,5689.68,5734.88,5882.24,5941.91,6044.12,6102.96,6253.43,6356.25,6461.51,6509.14,6550.06,6671.31,6782.81,6901.73,6985.19,7084.53,7143.34,7169.16,7290.04,7367.83,7445.91,7542.44,7579.61,7832.70,7861.29,7925.58,7987.82,8044.82,8120.32,8147.84,8220.02,8358.50,8401.09,8480.74],\n\t\t\t\t\tgraphEle           : [585.60,587.40,589.00,599.60,604.60,605.80,613.50,618.40,641.50,649.40,670.60,685.70,719.40,723.10,726.40,727.40,736.00,748.90,769.20,779.30,779.40,785.00,790.20,793.60,794.00,799.70,802.90,803.00,802.50,806.90,801.10,791.90,783.40,776.80,766.50,755.30,746.60,734.00,721.90,711.20,698.30,684.20,677.60,666.80,658.80,650.20,644.30,643.90,641.70,640.80,639.40,638.20,648.40,657.40,655.30,661.00,662.30,672.00,686.90,696.30,703.20,711.40,715.20,715.00,718.10,722.00,724.80,727.00,733.20,731.60,736.80,739.30,744.00,743.60,735.60,719.40,702.30,687.70,680.90,665.50,655.90,651.20,635.50,628.60,623.20,618.40,618.20,604.90,605.10,606.00,605.70,602.90,597.00,595.10,592.60,588.60,587.20,585.80],\n\t\t\t\t\tgraphSpeed         : [],\n\t\t\t\t\tgraphHr            : [],\n\t\t\t\t\tgraphAtemp         : [],\n\t\t\t\t\tgraphCad           : [],\n\t\t\t\t\tgraphGrade         : [],\n\t\t\t\t\twaypoints          : [],\n\t\t\t\t\tunit               : \"0\",\n\t\t\t\t\tunitspeed          : \"0\",\n\t\t\t\t\tcolor1             : [\"#3366cc\"],\n\t\t\t\t\tcolor2             : \"#3366cc\",\n\t\t\t\t\tcolor3             : \"#ff0000\",\n\t\t\t\t\tcolor4             : \"#ff77bd\",\n\t\t\t\t\tcolor5             : \"#beecff\",\n\t\t\t\t\tcolor6             : \"#beecff\",\n\t\t\t\t\tcolor7             : \"#ff77bd\",\n\t\t\t\t\tchartFrom1         : \"\",\n\t\t\t\t\tchartTo1           : \"\",\n\t\t\t\t\tchartFrom2         : \"\",\n\t\t\t\t\tchartTo2           : \"\",\n\t\t\t\t\tstartIcon          : \"\",\n\t\t\t\t\tendIcon            : \"\",\n\t\t\t\t\tcurrentIcon        : \"\",\n\t\t\t\t\twaypointIcon       : \"\",\n\t\t\t\t\tcurrentpositioncon : \"\",\n\t\t\t\t\tusegpsposition     : \"\",\n\t\t\t\t\tzoomOnScrollWheel  : \"\",\n\t\t\t\t\tngGalleries        : [],\n\t\t\t\t\tngImages           : [],\n\t\t\t\t\tpluginUrl          : \"https:\/\/gaisgodillots-cv.fr\/wp-content\/plugins\",\n\t\t\t\t\tTFApiKey           : \"e372c03c52d94b4b89f8175faf12b31e\",\n\t\t\t\t\tMapBoxApiKey           : \"\",\n\t\t\t\t\tlangs              : {\n\t\t\t\t\t\taltitude        : \"Altitude\",\n\t\t\t\t\t\tcurrentPosition : \"Current position\",\n\t\t\t\t\t\tspeed           : \"Vitesse\",\n\t\t\t\t\t\tgrade           : \"Grade\",\n\t\t\t\t\t\theartRate       : \"Fr\u00e9quence cardiaque\",\n\t\t\t\t\t\tatemp           : \"Temperature\",\n\t\t\t\t\t\tcadence         : \"Cadence\",\n\t\t\t\t\t\tgoFullScreen    : \"Go full screen\",\n\t\t\t\t\t\texitFullFcreen  : \"Exit full screen\",\n\t\t\t\t\t\thideImages      : \"Hide images\",\n\t\t\t\t\t\tshowImages      : \"Show images\",\n\t\t\t\t\t\tbackToCenter\t: \"Back to center\"\n\t\t\t\t\t}\n\t\t\t\t});\n\n\t\t\t});\n\n\t\t<\/script><div id='wpgpxmaps_summary_4511_2523128' class='wpgpxmaps_summary' style='text-align: center;'><span class='totlen'><span class='summarylabel'><br \/><h5>\ud83d\ude03 &nbsp; D\u00e9tails &nbsp; \ud83d\udd0d<\/h5>\ud83e\udd7e &nbsp; Distance &nbsp; \ud83d\udc49\ud83c\udffd &nbsp;<\/span><span class='summaryvalue' > 8481 m<\/span><\/span><br \/><br \/>\ud83c\udfd4\ufe0f &nbsp; Altitudes :<br \/><ul style='display:inline-block;' ><li><span class='maxele'><span class='summarylabel'>&nbsp; Maximale  &nbsp; \ud83d\udc49\ud83c\udffd &nbsp;<\/span><span class='summaryvalue'> 807 m<\/span><\/span><\/li><li><span class='minele'><span class='summarylabel'>&nbsp; Minimale  &nbsp; \ud83d\udc49\ud83c\udffd &nbsp;<\/span><span class='summaryvalue'> 586 m<\/span><\/span><\/li><\/ul><br \/><span class='totaleleup'><span class='summarylabel'>\ud83d\udc4d\ud83c\udffd &nbsp; D\u00e9nivel\u00e9 positif &nbsp; \ud83d\udc49\ud83c\udffd &nbsp;<\/span><span class='summaryvalue'> 333 m<\/span><\/span><br \/><br \/><\/div>\ud83d\uddfa\ufe0f &nbsp; Fichier GPX :<br \/>\ud83d\udcbe &nbsp; <a href='https:\/\/gaisgodillots-cv.fr\/.\/Images\/gpx\/gg-straiture-le-lancoir.gpx' target='_new' download>gg-straiture-le-lancoir.gpx<\/a><br \/><br \/>\n<div id=\"wpfp_2750a9ced59a41ebbc9f17d378f91be4\" data-item=\"{&quot;sources&quot;:[{&quot;src&quot;:&quot;https:\\\/\\\/gaisgodillots-cv.fr\\\/wp-content\\\/uploads\\\/Defile-de-Straiture-La-glaciere.mp4&quot;,&quot;type&quot;:&quot;video\\\/mp4&quot;}],&quot;id&quot;:&quot;301&quot;}\" class=\"flowplayer no-brand is-splash is-paused skin-custom no-svg fp-full fp-edgy bottom-fs\" data-fv-embed=\"https:\/\/gaisgodillots-cv.fr\/?page_id=4511&amp;fv_player_embed=fvp-301\" style=\"position:relative; max-width: 960px; max-height: 540px; \" data-ratio=\"0.5625\">\n\t<div class=\"fp-ratio\" style=\"padding-top: 56.25%\"><\/div>\n\t<div class=\"fp-ui\"><noscript>Please enable JavaScript<\/noscript><div class=\"fp-play fp-visible\"><svg class=\"fp-play-sharp-fill\" xmlns=\"http:\/\/www.w3.org\/2000\/svg\" viewBox=\"0 0 100 100\"><defs><style>.fp-color-play{opacity:0.65;}.controlbutton{fill:#fff;}<\/style><\/defs><title>play-sharp-fill<\/title><path class=\"fp-color-play\" d=\"M49.9217-.078a50,50,0,1,0,50,50A50.0564,50.0564,0,0,0,49.9217-.078Z\"\/><polygon class=\"controlbutton\" points=\"73.601 50 37.968 70.573 37.968 29.427 73.601 50\" filter=\"url(#f1)\"\/><\/svg><\/div><div class=\"fp-preload\"><b><\/b><b><\/b><b><\/b><b><\/b><\/div><\/div>\n<div class='fvp-share-bar'><ul class=\"fvp-sharing\">\r\n    <li><a class=\"sharing-facebook\" href=\"https:\/\/www.facebook.com\/sharer\/sharer.php?u=https%3A%2F%2Fgaisgodillots-cv.fr%2F%3Fpage_id%3D4511\" target=\"_blank\"><\/a><\/li>\r\n    <li><a class=\"sharing-twitter\" href=\"https:\/\/twitter.com\/intent\/tweet?text=Les+Gais+Godillots+&url=https%3A%2F%2Fgaisgodillots-cv.fr%2F%3Fpage_id%3D4511\" target=\"_blank\"><\/a><\/li>\r\n    <li><a class=\"sharing-email\" href=\"mailto:?body=Check%20out%20the%20amazing%20video%20here%3A%20https%3A%2F%2Fgaisgodillots-cv.fr%2F%3Fpage_id%3D4511\" target=\"_blank\"><\/a><\/li><\/ul><div><a class=\"sharing-link\" href=\"https:\/\/gaisgodillots-cv.fr\/?page_id=4511\" target=\"_blank\">Link<\/a><\/div><div><label><a class=\"embed-code-toggle\" href=\"#\"><strong>Embed<\/strong><\/a><\/label><\/div><div class=\"embed-code\"><label>Copy and paste this HTML code into your webpage to embed.<\/label><textarea><\/textarea><\/div><\/div>\n<\/div>\n\n","protected":false},"excerpt":{"rendered":"","protected":false},"author":1,"featured_media":0,"parent":0,"menu_order":0,"comment_status":"closed","ping_status":"closed","template":"","meta":{"_uag_custom_page_level_css":"","footnotes":""},"class_list":["post-4511","page","type-page","status-publish","hentry"],"uagb_featured_image_src":{"full":false,"thumbnail":false,"medium":false,"medium_large":false,"large":false,"1536x1536":false,"2048x2048":false,"gg_gallery_thumbnail":false,"post-thumbnail":false},"uagb_author_info":{"display_name":"admin4159","author_link":"https:\/\/gaisgodillots-cv.fr\/?author=1"},"uagb_comment_info":0,"uagb_excerpt":null,"_links":{"self":[{"href":"https:\/\/gaisgodillots-cv.fr\/index.php?rest_route=\/wp\/v2\/pages\/4511","targetHints":{"allow":["GET"]}}],"collection":[{"href":"https:\/\/gaisgodillots-cv.fr\/index.php?rest_route=\/wp\/v2\/pages"}],"about":[{"href":"https:\/\/gaisgodillots-cv.fr\/index.php?rest_route=\/wp\/v2\/types\/page"}],"author":[{"embeddable":true,"href":"https:\/\/gaisgodillots-cv.fr\/index.php?rest_route=\/wp\/v2\/users\/1"}],"replies":[{"embeddable":true,"href":"https:\/\/gaisgodillots-cv.fr\/index.php?rest_route=%2Fwp%2Fv2%2Fcomments&post=4511"}],"version-history":[{"count":2,"href":"https:\/\/gaisgodillots-cv.fr\/index.php?rest_route=\/wp\/v2\/pages\/4511\/revisions"}],"predecessor-version":[{"id":4997,"href":"https:\/\/gaisgodillots-cv.fr\/index.php?rest_route=\/wp\/v2\/pages\/4511\/revisions\/4997"}],"wp:attachment":[{"href":"https:\/\/gaisgodillots-cv.fr\/index.php?rest_route=%2Fwp%2Fv2%2Fmedia&parent=4511"}],"curies":[{"name":"wp","href":"https:\/\/api.w.org\/{rel}","templated":true}]}}