{"id":4405,"date":"2025-01-26T15:03:21","date_gmt":"2025-01-26T14:03:21","guid":{"rendered":"https:\/\/gaisgodillots-cv.fr\/?page_id=4405"},"modified":"2026-04-01T14:45:22","modified_gmt":"2026-04-01T12:45:22","slug":"2025-2","status":"publish","type":"page","link":"https:\/\/gaisgodillots-cv.fr\/?page_id=4405","title":{"rendered":"Calendrier 2025"},"content":{"rendered":"<div id=\"mois\" class=\"no-print\">\n<p class=\"infostext\">Cliquer sur le mois \ud83d\udc47\ud83c\udffd<\/p>\n<p><a class=\"mois\" href=\"#janvier\">Janvier<\/a> &#8211; <a class=\"mois\" href=\"#mars\">Mars<\/a> &#8211; <a class=\"mois\" href=\"#avril\">Avril<\/a> &#8211; <a class=\"mois\" href=\"#mai\">Mai<\/a> &#8211; <a class=\"mois\" href=\"#juin\">Juin<\/a> &#8211; <a class=\"mois\" href=\"#juillet\">Juillet<\/a> &#8211; <a class=\"mois\" href=\"#aout\">Ao\u00fbt<\/a> &#8211; <a class=\"mois\" href=\"#septembre\">Septembre<\/a> &#8211; <a class=\"mois\" href=\"#octobre\">Octobre<\/a> &#8211; <a class=\"mois\" href=\"#novembre\">Novembre<\/a> &#8211; <a class=\"mois\" href=\"#decembre\">D\u00e9cembre<\/a><\/p>\n<\/div>\n<div id=\"calendrier\">\n<div id=\"janvier\">\n<p class=\"center\"><a href=\"#mois\" class=\"mois\">Janvier<\/a><\/p>\n<table>\n<tbody>\n<tr class=\"demijournee\">\n<td width=\"25%\">Jeudi 16<\/td>\n<td><a href=\"https:\/\/gaisgodillots-cv.fr\/?page_id=4409\">Galette des rois<\/a><\/td>\n<td>Les Gais Godillots<\/td>\n<\/tr>\n<\/tbody>\n<\/table>\n<\/div>\n<div id=\"mars\">\n<p class=\"center\"><a href=\"#mois\" class=\"mois\">Mars <span class=\"no-print\">\ud83d\udc46\ud83c\udffd<\/span><\/a><\/p>\n<table>\n<tbody>\n<tr class=\"journee\">\n<td width=\"25%\">Dimanche 2<\/td>\n<td><a href=\"https:\/\/gaisgodillots-cv.fr\/?page_id=4715\">Assembl\u00e9e G\u00e9n\u00e9rale<\/a><\/td>\n<td>Les Gais Godillots<\/td>\n<\/tr>\n<tr class=\"douce\">\n<td width=\"25%\">Jeudi 6<\/td>\n<td><a href=\"https:\/\/gaisgodillots-cv.fr\/?page_id=4721\">Bruy\u00e8res<br \/>Roche Pointhaie<\/a><\/td>\n<td>\u00c9lisabeth<\/td>\n<\/tr>\n<tr class=\"douce\">\n<td width=\"25%\">Jeudi 13<\/td>\n<td><a href=\"https:\/\/gaisgodillots-cv.fr\/?page_id=4745\">La Chapelle-devant-Bruy\u00e8res<\/a><\/td>\n<td>Michel<\/td>\n<\/tr>\n<tr class=\"journee\">\n<td width=\"25%\">Dimanche 23<\/td>\n<td><a href=\"https:\/\/gaisgodillots-cv.fr\/?page_id=4750\">La Houssi\u00e8re<\/a><\/td>\n<td>Michel<\/td>\n<\/tr>\n<tr class=\"demijournee\">\n<td width=\"25%\">Jeudi 27<\/td>\n<td><a href=\"https:\/\/gaisgodillots-cv.fr\/?page_id=4501\">Saint-Remy &#8211; \u00c9tival<\/a><\/td>\n<td>Jacques<\/td>\n<\/tr>\n<tr class=\"journee\">\n<td width=\"25%\">Dimanche 30<\/td>\n<td><a href=\"https:\/\/gaisgodillots-cv.fr\/?page_id=4725\">Cascades de Tendon<\/a><\/td>\n<td>Jacqueline et Jean-Pierre<\/td>\n<\/tr>\n<\/tbody>\n<\/table>\n<\/div>\n<div id=\"avril\">\n<p class=\"center\"><a href=\"#mois\" class=\"mois\">Avril <span class=\"no-print\">\ud83d\udc46\ud83c\udffd<\/span><\/a><\/p>\n<table>\n<tbody>\n<tr>\n<td width=\"25%\">Samedi 12<\/td>\n<td>Assembl\u00e9e G\u00e9n\u00e9rale<br \/>du District V<\/td>\n<td>Corcieux<\/td>\n<\/tr>\n<tr>\n<td width=\"25%\">Jeudi 3<br \/>Vendredi 4<\/td>\n<td>Cueillette des Jonquilles<\/td>\n<td>\u00a0<\/td>\n<\/tr>\n<tr>\n<td width=\"25%\">Dimanche 6<\/td>\n<td>F\u00eate des Jonquilles<\/td>\n<td>Soci\u00e9t\u00e9 des f\u00eates de G\u00e9rardmer<\/td>\n<\/tr>\n<tr class=\"douce\">\n<td width=\"25%\">Jeudi 10<\/td>\n<td><a href=\"https:\/\/gaisgodillots-cv.fr\/?page_id=4774\">Jussarupt &#8211; T\u00eate de Laleu<\/a><\/td>\n<td>\u00c9lisabeth<\/td>\n<\/tr>\n<tr class=\"journee\">\n<td width=\"25%\">Dimanche 13<\/td>\n<td><a href=\"https:\/\/gaisgodillots-cv.fr\/?page_id=4778\">Les Cerisiers de Fougerolles<\/a><\/td>\n<td>Agn\u00e8s<\/td>\n<\/tr>\n<tr class=\"demijournee\">\n<td width=\"25%\">Jeudi 17<\/td>\n<td><a href=\"https:\/\/gaisgodillots-cv.fr\/?page_id=4787\">Le Ph\u00e9ny &#8211; Sapois<\/a><br \/><span class=\"alerte\">Randonn\u00e9e annul\u00e9e pour raison m\u00e9t\u00e9orologique<\/span><\/td>\n<td>Agn\u00e8s<\/td>\n<\/tr>\n<tr class=\"journee\">\n<td width=\"25%\">Lundi 21<\/td>\n<td><a href=\"https:\/\/gaisgodillots-cv.fr\/?page_id=3904\">Lapoutroie<br \/>Le Faud\u00e9<\/a><\/td>\n<td>Patrick<\/td>\n<\/tr>\n<tr class=\"douce\">\n<td width=\"25%\">Jeudi 24<\/td>\n<td><a href=\"https:\/\/gaisgodillots-cv.fr\/?page_id=4816\">Chapelle de Month\u00e9goutte<\/a><br \/><span class=\"infosrando\">Balade nocture<\/span><\/td>\n<td>Marie-Agn\u00e8s<\/td>\n<\/tr>\n<tr class=\"journee\">\n<td width=\"25%\">Dimanche 27<\/td>\n<td><a href=\"https:\/\/gaisgodillots-cv.fr\/?page_id=4764\">Parc \u00e9olien de La Grande-Fosse<\/a><\/td>\n<td>Jacqueline et Jean-Pierre<\/td>\n<\/tr>\n<\/tbody>\n<\/table>\n<\/div>\n<div id=\"mai\">\n<p class=\"center\"><a href=\"#mois\" class=\"mois\">Mai <span class=\"no-print\">\ud83d\udc46\ud83c\udffd<\/span><\/a><\/p>\n<table>\n<tbody>\n<tr>\n<td width=\"25%\">Du 6 au 12<\/td>\n<td><a href=\"https:\/\/gaisgodillots-cv.fr\/?page_id=4867\">Carqueiranne<\/a><\/td>\n<td>Escapade<\/td>\n<\/tr>\n<tr class=\"douce\">\n<td width=\"25%\">Jeudi 15<\/td>\n<td><a href=\"https:\/\/gaisgodillots-cv.fr\/?page_id=4907\">Deycimont<\/a><\/td>\n<td>\u00c9lisabeth<\/td>\n<\/tr>\n<tr class=\"journee\">\n<td width=\"25%\">Dimanche 18<\/td>\n<td><a href=\"https:\/\/gaisgodillots-cv.fr\/?page_id=4851\">Orbey &#8211; Labaroche<\/a><\/td>\n<td>Fran\u00e7oise et Jean-Louis<\/td>\n<\/tr>\n<tr class=\"demijournee\">\n<td width=\"25%\">Jeudi 22<\/td>\n<td><a href=\"https:\/\/gaisgodillots-cv.fr\/?page_id=4862\">Basse-sur-le-Rupt<br \/>La Piquante Pierre<\/a><\/td>\n<td>Agn\u00e8s<\/td>\n<\/tr>\n<tr>\n<td width=\"25%\">Samedi 31<\/td>\n<td>Assembl\u00e9e G\u00e9n\u00e9rale<br \/>de la F\u00e9d\u00e9ration<\/td>\n<td>Wissenbourg<\/td>\n<\/tr>\n<\/tbody>\n<\/table>\n<\/div>\n<div id=\"juin\">\n<p class=\"center\"><a href=\"#mois\" class=\"mois\">Juin <span class=\"no-print\">\ud83d\udc46\ud83c\udffd<\/span><\/a><\/p>\n<table>\n<tbody>\n<tr class=\"journee\">\n<td width=\"25%\">Dimanche 1<\/td>\n<td><a href=\"https:\/\/gaisgodillots-cv.fr\/?page_id=4881\">Le Markstein<br \/>Le Treh<\/a><\/td>\n<td>Fran\u00e7oise et Jean-Louis<\/td>\n<\/tr>\n<tr class=\"douce\">\n<td width=\"25%\">Jeudi 5<\/td>\n<td><a href=\"https:\/\/gaisgodillots-cv.fr\/?page_id=4890\">Lispach<\/a><br \/><span class=\"infosrando\">Sortie Botanique<\/span><\/td>\n<td>Fran\u00e7ois V.<\/td>\n<\/tr>\n<tr class=\"journee\">\n<td width=\"25%\">Lundi 9<\/td>\n<td><a href=\"https:\/\/gaisgodillots-cv.fr\/?page_id=4898\">Saint-Sauveur<br \/>Angomont<\/a><\/td>\n<td>Marie-Agn\u00e8s<\/td>\n<\/tr>\n<tr class=\"douce\">\n<td width=\"25%\">Jeudi 12<\/td>\n<td><a href=\"https:\/\/gaisgodillots-cv.fr\/?page_id=4912\">Roches d&rsquo;Olima<\/a><\/td>\n<td>\u00c9lisabeth<\/td>\n<\/tr>\n<tr class=\"douce\">\n<td width=\"25%\">Jeudi 19<\/td>\n<td><a href=\"https:\/\/gaisgodillots-cv.fr\/?page_id=4926\">Le Grand Valtin<\/a><\/td>\n<td>Fran\u00e7oise et Jean-Louis<\/td>\n<\/tr>\n<tr class=\"populaire\">\n<td width=\"25%\">Dimanche 22<\/td>\n<td>Marche Populaire<\/td>\n<td>Gerb\u00e9pal<\/td>\n<\/tr>\n<tr class=\"demijournee\">\n<td width=\"25%\">Jeudi 26<\/td>\n<td>Tour Julius<br \/>Le Climont<br \/><span class=\"alerte\">Randonn\u00e9e annul\u00e9e<\/span><\/td>\n<td>\u00c9lisabeth<\/td>\n<\/tr>\n<tr class=\"douce\">\n<td width=\"25%\">Dimanche 29<\/td>\n<td><a href=\"https:\/\/gaisgodillots-cv.fr\/?page_id=4909\">T\u00eate des Immerlins<br \/>T\u00eate des Faux<\/a><\/td>\n<td>Durruti<\/td>\n<\/tr>\n<\/tbody>\n<\/table>\n<\/div>\n<div id=\"juillet\">\n<p class=\"center\"><a href=\"#mois\" class=\"mois\">Juillet <span class=\"no-print\">\ud83d\udc46\ud83c\udffd<\/span><\/a><\/p>\n<table>\n<tbody>\n<tr class=\"demijournee\">\n<td width=\"25%\">Jeudi 3<\/td>\n<td><a href=\"https:\/\/gaisgodillots-cv.fr\/?page_id=4968\">T\u00eate de Nayemont<\/a><\/td>\n<td>\u00c9dith et Dany<\/td>\n<\/tr>\n<tr class=\"journee\">\n<td width=\"25%\">Dimanche 6<\/td>\n<td><a href=\"https:\/\/gaisgodillots-cv.fr\/?page_id=3693\">Bergholtz-Zell<\/a><\/td>\n<td>Patrick<\/td>\n<\/tr>\n<tr class=\"demijournee\">\n<td width=\"25%\">Jeudi 10<\/td>\n<td><a href=\"https:\/\/gaisgodillots-cv.fr\/?page_id=4511\">D\u00e9fil\u00e9 de Straiture<br \/>La Glaci\u00e8re<\/a><\/td>\n<td>Marie-Agn\u00e8s, \u00c9dith et Dany<\/td>\n<\/tr>\n<tr class=\"journee\">\n<td width=\"25%\">Dimanche 13<\/td>\n<td><a href=\"https:\/\/gaisgodillots-cv.fr\/?page_id=4518\">Abbaye de Murbach<br \/>Hohrupf<br \/>Col de Wolfsgrube<\/a><\/td>\n<td>Patrick<\/td>\n<\/tr>\n<tr class=\"douce\">\n<td width=\"25%\">Jeudi 17<\/td>\n<td><a href=\"https:\/\/gaisgodillots-cv.fr\/?page_id=4990\">Les Quatre Vents<br \/>Croix de Champdray<\/a><\/td>\n<td>\u00c9lisabeth<\/td>\n<\/tr>\n<tr class=\"populaire\">\n<td width=\"25%\">Dimanche 20<\/td>\n<td>Marche Populaire<br \/><a href=\"https:\/\/gaisgodillots-cv.fr\/?page_id=5013\">Festi Forge<\/a><\/td>\n<td>G\u00e9rardmer<br \/>Corcieux<\/td>\n<\/tr>\n<tr class=\"douce\">\n<td width=\"25%\">Jeudi 24<\/td>\n<td><a href=\"https:\/\/gaisgodillots-cv.fr\/?page_id=4497\">Col de Bonnefontaine<\/a><\/td>\n<td>Jacques<\/td>\n<\/tr>\n<tr class=\"journee\">\n<td width=\"25%\">Dimanche 27<\/td>\n<td><a href=\"https:\/\/gaisgodillots-cv.fr\/?page_id=5002\">Xonrupt &#8211; Longemer<\/a><\/td>\n<td>Fran\u00e7oise et Jean-Louis<\/td>\n<\/tr>\n<\/tbody>\n<\/table>\n<\/div>\n<div id=\"aout\">\n<p class=\"center\"><a href=\"#mois\" class=\"mois\">Ao\u00fbt <span class=\"no-print\">\ud83d\udc46\ud83c\udffd<\/span><\/a><\/p>\n<table>\n<tbody>\n<tr class=\"journee\">\n<td width=\"25%\">Dimanche 3<\/td>\n<td><a href=\"https:\/\/gaisgodillots-cv.fr\/?page_id=4503\">Sainte-Marie-aux-Mines<\/a><\/td>\n<td>Jacques<\/td>\n<\/tr>\n<tr class=\"douce\">\n<td width=\"25%\">Jeudi 7<\/td>\n<td><a href=\"https:\/\/gaisgodillots-cv.fr\/?page_id=5028\">Les Cr\u00eates<br \/>Rendez-vous avec les Chamois<\/a><br \/><span class=\"infosrando\">Balade nocture<\/span><\/td>\n<td>Les Gais Godillots<\/td>\n<\/tr>\n<tr class=\"journee\">\n<td width=\"25%\">Dimanche 10<\/td>\n<td><a href=\"https:\/\/gaisgodillots-cv.fr\/?page_id=4513\">Col d&rsquo;Oderen<\/a><\/td>\n<td>\u00c9dith et Dany<\/td>\n<\/tr>\n<tr>\n<td width=\"25%\">Dimanche 17<\/td>\n<td><a href=\"https:\/\/gaisgodillots-cv.fr\/?page_id=5058\">Plancha<br \/>La Chapelle-devant-Bruy\u00e8res<\/a><\/td>\n<td>Les Gais Godillots<\/td>\n<\/tr>\n<tr class=\"douce\">\n<td width=\"25%\">Vendredi 22<\/td>\n<td><a href=\"https:\/\/gaisgodillots-cv.fr\/?page_id=5033\">Cellet<br \/>Le Beillard<br \/>Les Grandes Gueules<\/a><\/td>\n<td>\u00c9dith et Dany<\/td>\n<\/tr>\n<tr class=\"journee\">\n<td width=\"25%\">Dimanche 24<\/td>\n<td><a href=\"https:\/\/gaisgodillots-cv.fr\/?page_id=5054\">Chenim\u00e9nil<br \/>For\u00eat de Tanni\u00e8res<\/a><\/td>\n<td>Bernard et Claude<\/td>\n<\/tr>\n<tr class=\"journee\">\n<td width=\"25%\">Jeudi 28<\/td>\n<td><a href=\"https:\/\/gaisgodillots-cv.fr\/?page_id=5075\">La For\u00eat Noire<\/a><\/td>\n<td>Comit\u00e9<\/td>\n<\/tr>\n<\/tbody>\n<\/table>\n<\/div>\n<div id=\"septembre\">\n<p class=\"center\"><a href=\"#mois\" class=\"mois\">Septembre <span class=\"no-print\">\ud83d\udc46\ud83c\udffd<\/span><\/a><\/p>\n<table>\n<tbody>\n<tr class=\"douce\">\n<td width=\"25%\">Jeudi 4<\/td>\n<td>Grandvillers<br \/><span class=\"alerte\">Randonn\u00e9e annul\u00e9e<\/span><\/td>\n<td>\u00c9lisabeth<\/td>\n<\/tr>\n<tr class=\"journee\">\n<td width=\"25%\">Dimanche 7<\/td>\n<td><a href=\"https:\/\/gaisgodillots-cv.fr\/?page_id=5040\">La Croix de Rupt<br \/>La Charme<\/a><\/td>\n<td>Fran\u00e7oise et Jean-Louis<\/td>\n<\/tr>\n<tr class=\"douce\">\n<td width=\"25%\">Jeudi 11<\/td>\n<td><a href=\"https:\/\/gaisgodillots-cv.fr\/?page_id=5066\">Longemer &#8211; Retournemer<\/a><\/td>\n<td>Jacqueline et Jean-Pierre<\/td>\n<\/tr>\n<tr class=\"journee\">\n<td width=\"25%\">Dimanche 14<\/td>\n<td><a href=\"https:\/\/gaisgodillots-cv.fr\/?page_id=4505\">Tour de Mandray<\/a><\/td>\n<td>Jacques<\/td>\n<\/tr>\n<tr class=\"demijournee\">\n<td width=\"25%\">Jeudi 18<\/td>\n<td><a href=\"https:\/\/gaisgodillots-cv.fr\/?page_id=5087\">Breitsouzen<br \/>Lac de la Lande<\/a><\/td>\n<td>Agn\u00e8s<\/td>\n<\/tr>\n<tr class=\"douce\">\n<td width=\"25%\">Samedi 20<\/td>\n<td><a href=\"https:\/\/gaisgodillots-cv.fr\/?page_id=5082\">Obschel &#8211; Labaroche<\/a><br \/><span class=\"infosrando\">Traditionnel repas \u00e0 l&rsquo;Auberge<\/span><\/td>\n<td>Les Gais Godillots<\/td>\n<\/tr>\n<tr class=\"journee\">\n<td width=\"25%\">Dimanche 28<\/td>\n<td><a href=\"https:\/\/gaisgodillots-cv.fr\/?page_id=3719\">Lacs de Sewen et d\u2019Alfeld<\/a><\/td>\n<td>Patrick<\/td>\n<\/tr>\n<\/tbody>\n<\/table>\n<\/div>\n<div id=\"octobre\">\n<p class=\"center\"><a href=\"#mois\" class=\"mois\">Octobre <span class=\"no-print\">\ud83d\udc46\ud83c\udffd<\/span><\/a><\/p>\n<table>\n<tbody>\n<tr class=\"journee\">\n<td width=\"25%\">Dimanche 5<\/td>\n<td><a href=\"https:\/\/gaisgodillots-cv.fr\/?page_id=5084\">Tourbi\u00e8re de Machais<\/a><br \/><span class=\"alerte\">Randonn\u00e9e annul\u00e9e pour raison m\u00e9t\u00e9orologique<\/span><\/td>\n<td>\u00c9dith et Dany<\/td>\n<\/tr>\n<tr class=\"journee\">\n<td width=\"25%\">Jeudi 9<\/td>\n<td><a href=\"https:\/\/gaisgodillots-cv.fr\/?page_id=5941\">Ch\u00e2teau de Lun\u00e9ville<\/a><\/td>\n<td>\u00c9lisabeth<\/td>\n<\/tr>\n<tr bgcolor=\"#ffc0cb\">\n<td width=\"25%\">Samedi 11<\/td>\n<td><a href=\"https:\/\/gaisgodillots-cv.fr\/?page_id=5109\">Octobre Rose \ud83e\ude77<\/a><\/td>\n<td>Corcieux<\/td>\n<\/tr>\n<tr class=\"journee\">\n<td width=\"25%\">Dimanche 12<\/td>\n<td><a href=\"https:\/\/gaisgodillots-cv.fr\/?page_id=5105\">Voegtlinshoffen<br \/>Les 3 Ch\u00e2teaux<\/a><\/td>\n<td>Durruti<\/td>\n<\/tr>\n<tr class=\"demijournee\">\n<td width=\"25%\">Jeudi 16<\/td>\n<td><a href=\"https:\/\/gaisgodillots-cv.fr\/?page_id=4499\">Raon-l&rsquo;\u00c9tape<br \/>Roches de Faucompierre<\/a><\/td>\n<td>Jacques<\/td>\n<\/tr>\n<tr class=\"journee\">\n<td width=\"25%\">Dimanche 26<\/td>\n<td><a href=\"https:\/\/gaisgodillots-cv.fr\/?page_id=5963\">Autour de Corcieux<\/a><\/td>\n<td>\u00c9dith et Dany<\/td>\n<\/tr>\n<tr class=\"douce\">\n<td width=\"25%\">Jeudi 30<\/td>\n<td><a href=\"https:\/\/gaisgodillots-cv.fr\/?page_id=5294\">Brouvelieure<br \/>Roche Fouchon<\/a><\/td>\n<td>Agn\u00e8s<\/td>\n<\/tr>\n<\/tbody>\n<\/table>\n<\/div>\n<div id=\"novembre\">\n<p class=\"center\"><a href=\"#mois\" class=\"mois\">Novembre <span class=\"no-print\">\ud83d\udc46\ud83c\udffd<\/span><\/a><\/p>\n<table>\n<tbody>\n<tr>\n<td width=\"25%\">Jeudi 20<\/td>\n<td><a href=\"https:\/\/gaisgodillots-cv.fr\/?page_id=6016\">Beaujolais nouveau<\/a><\/td>\n<td>Comit\u00e9<\/td>\n<\/tr>\n<\/tbody>\n<\/table>\n<\/div>\n<div id=\"decembre\">\n<p class=\"center\"><a href=\"#mois\" class=\"mois\">D\u00e9cembre <span class=\"no-print\">\ud83d\udc46\ud83c\udffd<\/span><\/a><\/p>\n<table>\n<tbody>\n<tr>\n<td width=\"25%\">Du 28 Novembre<br \/>au 21 D\u00e9cembre<\/td>\n<td><a href=\"https:\/\/gaisgodillots-cv.fr\/?page_id=6028\">March\u00e9 de No\u00ebl<br \/>de Kaysersberg<\/a><\/td>\n<td>Durruti<\/td>\n<\/tr>\n<\/tbody>\n<\/table>\n<\/div>\n<\/div>\n","protected":false},"excerpt":{"rendered":"<p>Cliquer sur le mois \ud83d\udc47\ud83c\udffd Janvier &#8211; Mars &#8211; Avril &#8211; Mai &#8211; Juin &#8211; Juillet &#8211; Ao\u00fbt &#8211; Septembre &#8211; Octobre &#8211; Novembre &#8211; D\u00e9cembre Janvier Jeudi 16 Galette des rois Les Gais Godillots Mars \ud83d\udc46\ud83c\udffd Dimanche 2 Assembl\u00e9e G\u00e9n\u00e9rale Les Gais Godillots Jeudi 6 Bruy\u00e8resRoche Pointhaie \u00c9lisabeth Jeudi 13 La Chapelle-devant-Bruy\u00e8res Michel Dimanche &hellip; <a href=\"https:\/\/gaisgodillots-cv.fr\/?page_id=4405\" class=\"more-link\">Continuer la lecture<span class=\"screen-reader-text\"> de &laquo;&nbsp;Calendrier 2025&nbsp;&raquo;<\/span><\/a><\/p>\n","protected":false},"author":1,"featured_media":4810,"parent":0,"menu_order":0,"comment_status":"closed","ping_status":"closed","template":"","meta":{"_uag_custom_page_level_css":"","footnotes":""},"class_list":["post-4405","page","type-page","status-publish","has-post-thumbnail","hentry"],"uagb_featured_image_src":{"full":["https:\/\/gaisgodillots-cv.fr\/wp-content\/uploads\/cropped-Bandeau-Gais-Godillots.png",1200,532,false],"thumbnail":["https:\/\/gaisgodillots-cv.fr\/wp-content\/uploads\/cropped-Bandeau-Gais-Godillots-150x150.png",150,150,true],"medium":["https:\/\/gaisgodillots-cv.fr\/wp-content\/uploads\/cropped-Bandeau-Gais-Godillots-300x133.png",300,133,true],"medium_large":["https:\/\/gaisgodillots-cv.fr\/wp-content\/uploads\/cropped-Bandeau-Gais-Godillots-768x340.png",768,340,true],"large":["https:\/\/gaisgodillots-cv.fr\/wp-content\/uploads\/cropped-Bandeau-Gais-Godillots-1024x454.png",840,372,true],"1536x1536":["https:\/\/gaisgodillots-cv.fr\/wp-content\/uploads\/cropped-Bandeau-Gais-Godillots.png",1200,532,false],"2048x2048":["https:\/\/gaisgodillots-cv.fr\/wp-content\/uploads\/cropped-Bandeau-Gais-Godillots.png",1200,532,false],"gg_gallery_thumbnail":["https:\/\/gaisgodillots-cv.fr\/wp-content\/uploads\/cropped-Bandeau-Gais-Godillots-450x250.png",450,250,true],"post-thumbnail":["https:\/\/gaisgodillots-cv.fr\/wp-content\/uploads\/cropped-Bandeau-Gais-Godillots.png",1200,532,false]},"uagb_author_info":{"display_name":"admin4159","author_link":"https:\/\/gaisgodillots-cv.fr\/?author=1"},"uagb_comment_info":0,"uagb_excerpt":"Cliquer sur le mois \ud83d\udc47\ud83c\udffd Janvier &#8211; Mars &#8211; Avril &#8211; Mai &#8211; Juin &#8211; Juillet &#8211; Ao\u00fbt &#8211; Septembre &#8211; Octobre &#8211; Novembre &#8211; D\u00e9cembre Janvier Jeudi 16 Galette des rois Les Gais Godillots Mars \ud83d\udc46\ud83c\udffd Dimanche 2 Assembl\u00e9e G\u00e9n\u00e9rale Les Gais Godillots Jeudi 6 Bruy\u00e8resRoche Pointhaie \u00c9lisabeth Jeudi 13 La Chapelle-devant-Bruy\u00e8res Michel Dimanche\u2026","_links":{"self":[{"href":"https:\/\/gaisgodillots-cv.fr\/index.php?rest_route=\/wp\/v2\/pages\/4405","targetHints":{"allow":["GET"]}}],"collection":[{"href":"https:\/\/gaisgodillots-cv.fr\/index.php?rest_route=\/wp\/v2\/pages"}],"about":[{"href":"https:\/\/gaisgodillots-cv.fr\/index.php?rest_route=\/wp\/v2\/types\/page"}],"author":[{"embeddable":true,"href":"https:\/\/gaisgodillots-cv.fr\/index.php?rest_route=\/wp\/v2\/users\/1"}],"replies":[{"embeddable":true,"href":"https:\/\/gaisgodillots-cv.fr\/index.php?rest_route=%2Fwp%2Fv2%2Fcomments&post=4405"}],"version-history":[{"count":498,"href":"https:\/\/gaisgodillots-cv.fr\/index.php?rest_route=\/wp\/v2\/pages\/4405\/revisions"}],"predecessor-version":[{"id":6394,"href":"https:\/\/gaisgodillots-cv.fr\/index.php?rest_route=\/wp\/v2\/pages\/4405\/revisions\/6394"}],"wp:featuredmedia":[{"embeddable":true,"href":"https:\/\/gaisgodillots-cv.fr\/index.php?rest_route=\/wp\/v2\/media\/4810"}],"wp:attachment":[{"href":"https:\/\/gaisgodillots-cv.fr\/index.php?rest_route=%2Fwp%2Fv2%2Fmedia&parent=4405"}],"curies":[{"name":"wp","href":"https:\/\/api.w.org\/{rel}","templated":true}]}}