{"id":3850,"date":"2024-03-21T16:14:29","date_gmt":"2024-03-21T15:14:29","guid":{"rendered":"https:\/\/gaisgodillots-cv.fr\/?page_id=3850"},"modified":"2024-03-26T18:12:40","modified_gmt":"2024-03-26T17:12:40","slug":"assemblee-generale-2024","status":"publish","type":"page","link":"https:\/\/gaisgodillots-cv.fr\/?page_id=3850","title":{"rendered":"Assembl\u00e9e G\u00e9n\u00e9rale 2024"},"content":{"rendered":"\n<blockquote class=\"wp-block-quote is-style-plain is-layout-flow wp-block-quote-is-layout-flow\">\n<p><mark style=\"background-color:rgba(0, 0, 0, 0)\" class=\"has-inline-color has-medium-brown-color\">Merci !<\/mark><\/p>\n\n\n\n<p><br><mark style=\"background-color:rgba(0, 0, 0, 0)\" class=\"has-inline-color has-medium-brown-color\">Pour une surprise, ce fut une bonne surprise !<\/mark><\/p>\n\n\n\n<p><mark style=\"background-color:rgba(0, 0, 0, 0)\" class=\"has-inline-color has-medium-brown-color\">Nous tenons \u00e0 remercier Dany \u00e0 l\u2019origine de cette distinction, que le Pr\u00e9sident f\u00e9d\u00e9ral du club vosgien nous a remise devant vous tous.<\/mark><\/p>\n\n\n\n<p><mark style=\"background-color:rgba(0, 0, 0, 0)\" class=\"has-inline-color has-medium-brown-color\">Ces houx d\u2019or nous r\u00e9compensent certes mais r\u00e9compensent aussi tout notre club, car sans vous, sans votre assiduit\u00e9, sans votre bonne humeur, sans la sympathie que vous nous avez toujours t\u00e9moign\u00e9e, sans votre confiance nous n\u2019aurions pas fait ce que nous avons fait.<\/mark><\/p>\n\n\n\n<p><mark style=\"background-color:rgba(0, 0, 0, 0)\" class=\"has-inline-color has-medium-brown-color\">Vous nous avez soutenus et surtout vous nous avez donn\u00e9 la motivation pour chercher des balades sur notre beau massif et des escapades en France.<\/mark><\/p>\n\n\n\n<p><mark style=\"background-color:rgba(0, 0, 0, 0)\" class=\"has-inline-color has-medium-brown-color\">Donc merci \u00e0 vous tous et bon vent \u00e0 notre club avec des animateurs comp\u00e9tents et d\u00e9vou\u00e9s.<\/mark><\/p>\n\n\n\n<p><mark style=\"background-color:rgba(0, 0, 0, 0)\" class=\"has-inline-color has-medium-brown-color\">Nous ne nous attendions pas \u00e0 cl\u00f4turer de cette fa\u00e7on l\u2019assembl\u00e9e g\u00e9n\u00e9rale de notre club.<\/mark><\/p>\n<cite>Francine et Roger<\/cite><\/blockquote>\n\n\n<div id=\"wpfp_e60d72a79554d0727c309f2a08ebdf56\" data-item=\"{&quot;sources&quot;:[{&quot;src&quot;:&quot;http:\\\/\\\/gaisgodillots-cv.fr\\\/Images\\\/Assemblee-generale-3-mars-2024.mp4&quot;,&quot;type&quot;:&quot;video\\\/mp4&quot;}],&quot;id&quot;:&quot;217&quot;}\" class=\"flowplayer no-brand is-splash is-paused skin-custom no-svg fp-full fp-edgy bottom-fs\" data-fv-embed=\"https:\/\/gaisgodillots-cv.fr\/?page_id=3850&amp;fv_player_embed=fvp-217\" style=\"position:relative; max-width: 960px; max-height: 444px; \" data-ratio=\"0.4625\">\n\t<div class=\"fp-ratio\" style=\"padding-top: 46.25%\"><\/div>\n\t<div class=\"fp-ui\"><noscript>Please enable JavaScript<\/noscript><div class=\"fp-play fp-visible\"><svg class=\"fp-play-sharp-fill\" xmlns=\"http:\/\/www.w3.org\/2000\/svg\" viewBox=\"0 0 100 100\"><defs><style>.fp-color-play{opacity:0.65;}.controlbutton{fill:#fff;}<\/style><\/defs><title>play-sharp-fill<\/title><path class=\"fp-color-play\" d=\"M49.9217-.078a50,50,0,1,0,50,50A50.0564,50.0564,0,0,0,49.9217-.078Z\"\/><polygon class=\"controlbutton\" points=\"73.601 50 37.968 70.573 37.968 29.427 73.601 50\" filter=\"url(#f1)\"\/><\/svg><\/div><div class=\"fp-preload\"><b><\/b><b><\/b><b><\/b><b><\/b><\/div><\/div>\n<div class='fvp-share-bar'><ul class=\"fvp-sharing\">\r\n    <li><a class=\"sharing-facebook\" href=\"https:\/\/www.facebook.com\/sharer\/sharer.php?u=https%3A%2F%2Fgaisgodillots-cv.fr%2F%3Fpage_id%3D3850\" target=\"_blank\"><\/a><\/li>\r\n    <li><a class=\"sharing-twitter\" href=\"https:\/\/twitter.com\/intent\/tweet?text=Les+Gais+Godillots+&url=https%3A%2F%2Fgaisgodillots-cv.fr%2F%3Fpage_id%3D3850\" target=\"_blank\"><\/a><\/li>\r\n    <li><a class=\"sharing-email\" href=\"mailto:?body=Check%20out%20the%20amazing%20video%20here%3A%20https%3A%2F%2Fgaisgodillots-cv.fr%2F%3Fpage_id%3D3850\" target=\"_blank\"><\/a><\/li><\/ul><div><a class=\"sharing-link\" href=\"https:\/\/gaisgodillots-cv.fr\/?page_id=3850\" target=\"_blank\">Link<\/a><\/div><div><label><a class=\"embed-code-toggle\" href=\"#\"><strong>Embed<\/strong><\/a><\/label><\/div><div class=\"embed-code\"><label>Copy and paste this HTML code into your webpage to embed.<\/label><textarea><\/textarea><\/div><\/div>\n<\/div>\n\n","protected":false},"excerpt":{"rendered":"<p>Merci ! Pour une surprise, ce fut une bonne surprise ! Nous tenons \u00e0 remercier Dany \u00e0 l\u2019origine de cette distinction, que le Pr\u00e9sident f\u00e9d\u00e9ral du club vosgien nous a remise devant vous tous. Ces houx d\u2019or nous r\u00e9compensent certes mais r\u00e9compensent aussi tout notre club, car sans vous, sans votre assiduit\u00e9, sans votre bonne &hellip; <a href=\"https:\/\/gaisgodillots-cv.fr\/?page_id=3850\" class=\"more-link\">Continuer la lecture<span class=\"screen-reader-text\"> de &laquo;&nbsp;Assembl\u00e9e G\u00e9n\u00e9rale 2024&nbsp;&raquo;<\/span><\/a><\/p>\n","protected":false},"author":1,"featured_media":0,"parent":0,"menu_order":0,"comment_status":"closed","ping_status":"closed","template":"","meta":{"_uag_custom_page_level_css":"","footnotes":""},"class_list":["post-3850","page","type-page","status-publish","hentry"],"uagb_featured_image_src":{"full":false,"thumbnail":false,"medium":false,"medium_large":false,"large":false,"1536x1536":false,"2048x2048":false,"gg_gallery_thumbnail":false,"post-thumbnail":false},"uagb_author_info":{"display_name":"admin4159","author_link":"https:\/\/gaisgodillots-cv.fr\/?author=1"},"uagb_comment_info":0,"uagb_excerpt":"Merci ! Pour une surprise, ce fut une bonne surprise ! Nous tenons \u00e0 remercier Dany \u00e0 l\u2019origine de cette distinction, que le Pr\u00e9sident f\u00e9d\u00e9ral du club vosgien nous a remise devant vous tous. Ces houx d\u2019or nous r\u00e9compensent certes mais r\u00e9compensent aussi tout notre club, car sans vous, sans votre assiduit\u00e9, sans votre bonne\u2026","_links":{"self":[{"href":"https:\/\/gaisgodillots-cv.fr\/index.php?rest_route=\/wp\/v2\/pages\/3850","targetHints":{"allow":["GET"]}}],"collection":[{"href":"https:\/\/gaisgodillots-cv.fr\/index.php?rest_route=\/wp\/v2\/pages"}],"about":[{"href":"https:\/\/gaisgodillots-cv.fr\/index.php?rest_route=\/wp\/v2\/types\/page"}],"author":[{"embeddable":true,"href":"https:\/\/gaisgodillots-cv.fr\/index.php?rest_route=\/wp\/v2\/users\/1"}],"replies":[{"embeddable":true,"href":"https:\/\/gaisgodillots-cv.fr\/index.php?rest_route=%2Fwp%2Fv2%2Fcomments&post=3850"}],"version-history":[{"count":5,"href":"https:\/\/gaisgodillots-cv.fr\/index.php?rest_route=\/wp\/v2\/pages\/3850\/revisions"}],"predecessor-version":[{"id":3861,"href":"https:\/\/gaisgodillots-cv.fr\/index.php?rest_route=\/wp\/v2\/pages\/3850\/revisions\/3861"}],"wp:attachment":[{"href":"https:\/\/gaisgodillots-cv.fr\/index.php?rest_route=%2Fwp%2Fv2%2Fmedia&parent=3850"}],"curies":[{"name":"wp","href":"https:\/\/api.w.org\/{rel}","templated":true}]}}