{"id":3689,"date":"2023-11-04T08:05:05","date_gmt":"2023-11-04T07:05:05","guid":{"rendered":"https:\/\/gaisgodillots-cv.fr\/?page_id=3689"},"modified":"2026-04-01T14:46:06","modified_gmt":"2026-04-01T12:46:06","slug":"2024-2","status":"publish","type":"page","link":"https:\/\/gaisgodillots-cv.fr\/?page_id=3689","title":{"rendered":"Calendrier 2024"},"content":{"rendered":"<div id=\"mois\" class=\"no-print\">\n<p class=\"infostext\">Cliquer sur le mois \ud83d\udc47\ud83c\udffd<\/p>\n<p>\n<a href=\"#janvier\" class=\"mois\">Janvier<\/a> &#8211; <a href=\"#mars\" class=\"mois\">Mars<\/a> &#8211; <a href=\"#avril\" class=\"mois\">Avril<\/a> &#8211; <a href=\"#mai\" class=\"mois\">Mai<\/a> &#8211; <a href=\"#juin\" class=\"mois\">Juin<\/a> &#8211; <a href=\"#juillet\" class=\"mois\">Juillet<\/a> &#8211; <a href=\"#aout\" class=\"mois\">Ao\u00fbt<\/a> &#8211; <a href=\"#septembre\" class=\"mois\">Septembre<\/a> &#8211; <a href=\"#octobre\" class=\"mois\">Octobre<\/a> &#8211; <a href=\"#novembre\" class=\"mois\">Novembre<\/a>\n<\/p>\n<\/div>\n<div id=\"calendrier\">\n<div id=\"janvier\">\n<p class=\"center\"><a href=\"#mois\" class=\"mois\">Janvier<\/a><\/p>\n<table>\n<tbody>\n<tr class=\"demijournee\">\n<td width=\"25%\">Jeudi 18<\/td>\n<td><a href=\"https:\/\/gaisgodillots-cv.fr\/?page_id=3787\">Galette des rois<\/a><\/td>\n<td>Les Gais Godillots<\/td>\n<\/tr>\n<\/tbody>\n<\/table>\n<\/div>\n<div id=\"mars\">\n<p class=\"center\"><a href=\"#mois\" class=\"mois\">Mars <span class=\"no-print\">\ud83d\udc46\ud83c\udffd<\/span><\/a><\/p>\n<table>\n<tbody>\n<tr class=\"journee\">\n<td width=\"25%\">Dimanche 3<\/td>\n<td><a href=\"https:\/\/gaisgodillots-cv.fr\/?page_id=3850\">Assembl\u00e9e G\u00e9n\u00e9rale<\/a><\/td>\n<td>Les Gais Godillots<\/td>\n<\/tr>\n<tr class=\"douce\">\n<td width=\"25%\">Jeudi 14<\/td>\n<td><a href=\"https:\/\/gaisgodillots-cv.fr\/?page_id=3833\">Rennegoutte<\/a><\/td>\n<td>\u00c9lisabeth<\/td>\n<\/tr>\n<tr class=\"journee\">\n<td width=\"25%\">Dimanche 17<\/td>\n<td><a href=\"https:\/\/gaisgodillots-cv.fr\/?page_id=3701\">Sud du lac de Pierre-Perc\u00e9e<\/a><\/td>\n<td>\u00c9dith et Dany<\/td>\n<\/tr>\n<tr class=\"demijournee\">\n<td width=\"25%\">Jeudi 21<\/td>\n<td><a href=\"https:\/\/gaisgodillots-cv.fr\/?page_id=3830\">Sor\u00e9mont<br \/>Ban-de-Laveline<\/a><\/td>\n<td>\u00c9lisabeth<\/td>\n<\/tr>\n<tr class=\"journee\">\n<td width=\"25%\">Dimanche 24<\/td>\n<td><a href=\"https:\/\/gaisgodillots-cv.fr\/?page_id=3891\">Les Arrent\u00e8s-de-Corcieux<br \/>Lanay<\/a><\/td>\n<td>Michel<\/td>\n<\/tr>\n<tr class=\"douce\">\n<td width=\"25%\">Jeudi 28<\/td>\n<td><a href=\"https:\/\/gaisgodillots-cv.fr\/?page_id=3853\">Chemin de la Tourbi\u00e8re<br \/>Route de Rayerant<\/a><\/td>\n<td>Agn\u00e8s<\/td>\n<\/tr>\n<\/tbody>\n<\/table>\n<\/div>\n<div id=\"avril\">\n<p class=\"center\"><a href=\"#mois\" class=\"mois\">Avril <span class=\"no-print\">\ud83d\udc46\ud83c\udffd<\/span><\/a><\/p>\n<table>\n<tbody>\n<tr class=\"demijournee\">\n<td width=\"25%\">Lundi 1<\/td>\n<td><a href=\"https:\/\/gaisgodillots-cv.fr\/?page_id=3887\">Parmi les Jonquilles<\/a><\/td>\n<td>Fran\u00e7oise et Jean-Louis<\/td>\n<\/tr>\n<tr>\n<td width=\"25%\">Jeudi 4<\/td>\n<td>Forum pour la pr\u00e9vention des chutes<\/td>\n<td>Corcieux<\/td>\n<\/tr>\n<tr class=\"populaire\">\n<td width=\"25%\">Dimanche 7<\/td>\n<td><a href=\"https:\/\/gaisgodillots-cv.fr\/?page_id=3916\">Marche Populaire<\/a><\/td>\n<td>Rosheim<\/td>\n<\/tr>\n<tr class=\"demijournee\">\n<td width=\"25%\">Jeudi 11<\/td>\n<td><a href=\"https:\/\/gaisgodillots-cv.fr\/?page_id=3751\">Remiremont &#8211; Le Parmont<\/a><\/td>\n<td>Jacques<\/td>\n<\/tr>\n<tr class=\"journee\">\n<td width=\"25%\">Dimanche 14<\/td>\n<td><a href=\"https:\/\/gaisgodillots-cv.fr\/?page_id=3894\">Reherrey<br \/>T\u00eate de l&rsquo;Avuxon<\/a><\/td>\n<td>Jacques<\/td>\n<\/tr>\n<tr class=\"douce\">\n<td width=\"25%\">Jeudi 18<\/td>\n<td><a href=\"https:\/\/gaisgodillots-cv.fr\/?page_id=3939\">Haut des Fr\u00eats<\/a><br \/><span class=\"infosrando\">Balade nocture<\/span><\/td>\n<td>Marie-Agn\u00e8s<\/td>\n<\/tr>\n<tr class=\"demijournee\">\n<td width=\"25%\">Jeudi 25<\/td>\n<td><a href=\"https:\/\/gaisgodillots-cv.fr\/?page_id=3954\">Roches de La Chapelle-devant-Bruy\u00e8res<\/a><\/td>\n<td>Agn\u00e8s et Michel<\/td>\n<\/tr>\n<tr>\n<td width=\"25%\">Samedi 27<\/td>\n<td>Assembl\u00e9e G\u00e9n\u00e9rale du District V<\/td>\n<td>G\u00e9rardmer<\/td>\n<\/tr>\n<tr class=\"journee\">\n<td width=\"25%\">Dimanche 28<\/td>\n<td><a href=\"https:\/\/gaisgodillots-cv.fr\/?page_id=3943\">Jardins de Gondremer<br \/>Autrey<\/a><\/td>\n<td>Fran\u00e7oise et Jean-Louis<\/td>\n<\/tr>\n<\/tbody>\n<\/table>\n<\/div>\n<div id=\"mai\">\n<p class=\"center\"><a href=\"#mois\" class=\"mois\">Mai <span class=\"no-print\">\ud83d\udc46\ud83c\udffd<\/span><\/a><\/p>\n<table>\n<tbody>\n<tr class=\"populaire\">\n<td width=\"25%\">Mercredi 1<\/td>\n<td><a href=\"https:\/\/gaisgodillots-cv.fr\/?page_id=3949\">Le Tour du Kemberg<\/a><\/td>\n<td>Saint-Di\u00e9<\/td>\n<\/tr>\n<tr class=\"douce\">\n<td width=\"25%\">Vendredi 3<\/td>\n<td><a href=\"https:\/\/gaisgodillots-cv.fr\/?page_id=3986\">Versant de la Sauteuse<\/a><\/td>\n<td>\u00c9lisabeth<\/td>\n<\/tr>\n<tr class=\"journee\">\n<td width=\"25%\">Dimanche 05<\/td>\n<td><a href=\"https:\/\/gaisgodillots-cv.fr\/?page_id=3964\">Ventron \u2013 C\u00f4te 1008<\/a><\/td>\n<td>Jacqueline et Jean-Pierre<\/td>\n<\/tr>\n<tr class=\"journee\">\n<td width=\"25%\">Dimanche 12<\/td>\n<td><a href=\"https:\/\/gaisgodillots-cv.fr\/?page_id=3977\">Col de Sapois<br \/>La Chambre du Loup<\/a><\/td>\n<td>Fran\u00e7oise et Jean-Louis<\/td>\n<\/tr>\n<tr class=\"demijournee\">\n<td width=\"25%\">Jeudi 16<\/td>\n<td><a href=\"https:\/\/gaisgodillots-cv.fr\/?page_id=4000\">Sentier des Fourmis<\/a><br \/><span class=\"infosrando\">Sortie Botanique<\/span><\/td>\n<td>Fran\u00e7ois V.<\/td>\n<\/tr>\n<tr class=\"journee\">\n<td width=\"25%\">Lundi 20<\/td>\n<td><a href=\"https:\/\/gaisgodillots-cv.fr\/?page_id=4023\">Claussmatt<\/a><\/td>\n<td>Marie-Agn\u00e8s<\/td>\n<\/tr>\n<tr class=\"demijournee\">\n<td width=\"25%\">Jeudi 23<\/td>\n<td><a href=\"https:\/\/gaisgodillots-cv.fr\/?page_id=3759\">Saut du Bouchot<\/a><\/td>\n<td>Jacques<\/td>\n<\/tr>\n<tr class=\"journee\">\n<td width=\"25%\">Dimanche 26<\/td>\n<td><a href=\"https:\/\/gaisgodillots-cv.fr\/?page_id=3995\">Col des Feignes<br \/>Col de Falimont<\/a><\/td>\n<td>Fran\u00e7oise et Jean-Louis<\/td>\n<\/tr>\n<\/tbody>\n<\/table>\n<\/div>\n<div id=\"juin\">\n<p class=\"center\"><a href=\"#mois\" class=\"mois\">Juin <span class=\"no-print\">\ud83d\udc46\ud83c\udffd<\/span><\/a><\/p>\n<table>\n<tbody>\n<tr class=\"journee\">\n<td width=\"25%\">Dimanche 2<\/td>\n<td><a href=\"https:\/\/gaisgodillots-cv.fr\/?page_id=4009\">Taennechel &#8211; Aubure<\/a><br \/><span class=\"alerte\">Randonn\u00e9e annul\u00e9e<\/span><\/td>\n<td>Jacqueline et Jean-Pierre<\/td>\n<\/tr>\n<tr class=\"douce\">\n<td width=\"25%\">Jeudi 6<\/td>\n<td><a href=\"https:\/\/gaisgodillots-cv.fr\/?page_id=4005\">Saut des Cuves<br \/>Pr\u00e9 Petitjean<\/a><\/td>\n<td>Agn\u00e8s<\/td>\n<\/tr>\n<tr class=\"journee\">\n<td width=\"25%\">Dimanche 9<\/td>\n<td><a href=\"https:\/\/gaisgodillots-cv.fr\/?page_id=3901\">Vagney<br \/>Balcon du Solem<\/a><\/td>\n<td>\u00c9dith et Dany<\/td>\n<\/tr>\n<tr class=\"demijournee\">\n<td width=\"25%\">Jeudi 13<\/td>\n<td><a href=\"https:\/\/gaisgodillots-cv.fr\/?page_id=4034\">Les Grands Pr\u00e8s<br \/>Plainfaing<\/a><\/td>\n<td>Agn\u00e8s et Michel<\/td>\n<\/tr>\n<tr class=\"journee\">\n<td width=\"25%\">Dimanche 16<\/td>\n<td><a href=\"https:\/\/gaisgodillots-cv.fr\/?page_id=4042\">Lacs Noir, des Truites et Vert<\/a><\/td>\n<td>Durruti<\/td>\n<\/tr>\n<tr class=\"douce\">\n<td width=\"25%\">Jeudi 20<\/td>\n<td><a href=\"https:\/\/gaisgodillots-cv.fr\/?page_id=4063\">Barbey-Seroux<br \/>\u00c9tang d&rsquo;Oron<\/a><\/td>\n<td>\u00c9lisabeth<\/td>\n<\/tr>\n<tr class=\"populaire\">\n<td width=\"25%\">Dimanche 23<\/td>\n<td><a href=\"https:\/\/gaisgodillots-cv.fr\/?page_id=4065\">Marche Populaire<\/a><\/td>\n<td>Gerb\u00e9pal<\/td>\n<\/tr>\n<tr class=\"douce\">\n<td width=\"25%\">Jeudi 27<\/td>\n<td><a href=\"https:\/\/gaisgodillots-cv.fr\/?page_id=4098\">Tourbi\u00e8re de Jussarupt<br \/>Spi\u00e9mont<\/a><\/td>\n<td>Michel<\/td>\n<\/tr>\n<\/tbody>\n<\/table>\n<p><a href=\"https:\/\/gaisgodillots-cv.fr\/?page_id=4100\"><strong>Escapade \u00e0 Erquy du 30 Juin au 6 Juillet<\/strong><\/a><\/p>\n<\/div>\n<div id=\"juillet\">\n<p class=\"center\"><a href=\"#mois\" class=\"mois\">Juillet <span class=\"no-print\">\ud83d\udc46\ud83c\udffd<\/span><\/a><\/p>\n<table>\n<tbody>\n<tr class=\"demijournee\">\n<td width=\"25%\">Jeudi 11<\/td>\n<td><a href=\"https:\/\/gaisgodillots-cv.fr\/?page_id=3896\">Raon-l&rsquo;\u00c9tape<br \/>Roches de Faucompierre<\/a><\/td>\n<td>Jacques<\/td>\n<\/tr>\n<tr class=\"journee\">\n<td width=\"25%\">Dimanche 14<\/td>\n<td>\u00c9pinal<br \/>\u00c9cluses &#038; Roseraie<\/td>\n<td>Fran\u00e7oise et Jean-Louis<\/td>\n<\/tr>\n<tr class=\"demijournee\">\n<td width=\"25%\">Jeudi 18<\/td>\n<td><a href=\"https:\/\/gaisgodillots-cv.fr\/?page_id=4108\">Claingoutte<br \/>Saulcy-sur-Meurthe<\/a><\/td>\n<td>\u00c9lisabeth<\/td>\n<\/tr>\n<tr class=\"populaire\">\n<td width=\"25%\">Dimanche 21<\/td>\n<td>Marche Populaire<\/td>\n<td>G\u00e9rardmer<\/td>\n<\/tr>\n<tr class=\"demijournee\">\n<td width=\"25%\">Jeudi 25<\/td>\n<td>Roches des Bruy\u00e8res et Roitelet<br \/><span class=\"alerte\">Randonn\u00e9e annul\u00e9e<\/span><\/td>\n<td>Jacqueline et Jean-Pierre<\/td>\n<\/tr>\n<tr class=\"journee\">\n<td width=\"25%\">Dimanche 28<\/td>\n<td>Les 3 Monts<br \/>Festi Forge<\/td>\n<td>Michel<\/td>\n<\/tr>\n<\/tbody>\n<\/table>\n<\/div>\n<div id=\"aout\">\n<p class=\"center\"><a href=\"#mois\" class=\"mois\">Ao\u00fbt <span class=\"no-print\">\ud83d\udc46\ud83c\udffd<\/span><\/a><\/p>\n<table>\n<tbody>\n<tr class=\"demijournee\">\n<td width=\"25%\">Jeudi 1<\/td>\n<td>D\u00e9fil\u00e9 de Straiture<br \/>Scierie du Lan\u00e7oir<br \/><span class=\"alerte\">Randonn\u00e9e annul\u00e9e pour raison m\u00e9t\u00e9orologique<\/span><\/td>\n<td>\u00c9dith et Dany<\/td>\n<\/tr>\n<tr class=\"journee\">\n<td width=\"25%\">Dimanche 4<\/td>\n<td><a href=\"https:\/\/gaisgodillots-cv.fr\/?page_id=4142\">F\u00eate montagnarde au Chalet \u00c9richson<\/a><\/td>\n<td>Club Vosgien de Munster<\/td>\n<\/tr>\n<tr class=\"douce\">\n<td width=\"25%\">Jeudi 8<\/td>\n<td>Les Cr\u00eates<br \/>Rendez-vous avec les Chamois<br \/><span class=\"infosrando\">Balade nocture<\/span><\/td>\n<td>Les Gais Godillots<\/td>\n<\/tr>\n<tr class=\"journee\">\n<td width=\"25%\">Dimanche 11<\/td>\n<td><a href=\"https:\/\/gaisgodillots-cv.fr\/?page_id=3704\">Denipaire &#8211; la Bure<\/a><\/td>\n<td>\u00c9dith et Dany<\/td>\n<\/tr>\n<tr>\n<td width=\"25%\">Dimanche 18<\/td>\n<td><a href=\"https:\/\/gaisgodillots-cv.fr\/?page_id=4156\">\u00c9tangs de La Chapelle-devant-Bruy\u00e8res<br \/>Pique-nique<\/a><\/td>\n<td>Comit\u00e9<\/td>\n<\/tr>\n<tr class=\"douce\">\n<td width=\"25%\">Jeudi 22<\/td>\n<td><a href=\"https:\/\/gaisgodillots-cv.fr\/?page_id=4151\">Fays<\/a><\/td>\n<td>\u00c9lisabeth<\/td>\n<\/tr>\n<tr class=\"journee\">\n<td width=\"25%\">Dimanche 25<\/td>\n<td><a href=\"https:\/\/gaisgodillots-cv.fr\/?page_id=4148\">Girmont face Sud<\/a><\/td>\n<td>Fran\u00e7oise et Jean-Louis<\/td>\n<\/tr>\n<tr class=\"demijournee\">\n<td width=\"25%\">Jeudi 29<\/td>\n<td><a href=\"https:\/\/gaisgodillots-cv.fr\/?page_id=4185\">Hauteurs de Gerb\u00e9pal<\/a><\/td>\n<td>Michel M. et Jo\u00ebl<\/td>\n<\/tr>\n<\/tbody>\n<\/table>\n<\/div>\n<div id=\"septembre\">\n<p class=\"center\"><a href=\"#mois\" class=\"mois\">Septembre <span class=\"no-print\">\ud83d\udc46\ud83c\udffd<\/span><\/a><\/p>\n<table>\n<tbody>\n<tr class=\"journee\">\n<td width=\"25%\">Dimanche 1<\/td>\n<td><a href=\"https:\/\/gaisgodillots-cv.fr\/?page_id=4160\">T\u00eate du Violu<\/a><\/td>\n<td>Jacqueline et Jean-Pierre<\/td>\n<\/tr>\n<tr class=\"douce\">\n<td width=\"25%\">Jeudi 5<\/td>\n<td>La Chapelle-devant-Bruy\u00e8res<br \/>Colimont<\/td>\n<td>Fran\u00e7oise, Jean-Louis et Michel<\/td>\n<\/tr>\n<tr class=\"journee\">\n<td width=\"25%\">Dimanche 8<\/td>\n<td><a href=\"https:\/\/gaisgodillots-cv.fr\/?page_id=4177\">Claudon &#8211; Hennezel<\/a><\/td>\n<td>\u00c9lisabeth<\/td>\n<\/tr>\n<tr class=\"journee\">\n<td width=\"25%\">Jeudi 12<\/td>\n<td><a href=\"https:\/\/gaisgodillots-cv.fr\/?page_id=4264\">Cascade du Triberg<br \/>\u00c9comus\u00e9e en For\u00eat Noire<\/a><\/td>\n<td>Fran\u00e7oise et Jean-Louis<\/td>\n<\/tr>\n<tr class=\"journee\">\n<td width=\"25%\">Dimanche 15<\/td>\n<td><a href=\"https:\/\/gaisgodillots-cv.fr\/?page_id=4179\">Le Felsach<\/a><br \/><span class=\"infosrando\">Traditionnel repas \u00e0 l\u2019Auberge<\/span><\/td>\n<td>Jacqueline et Jean-Pierre<\/td>\n<\/tr>\n<tr class=\"douce\">\n<td width=\"25%\">Jeudi 19<\/td>\n<td><a href=\"https:\/\/gaisgodillots-cv.fr\/?page_id=4208\">Thiaville<\/a><\/td>\n<td>\u00c9lisabeth<\/td>\n<\/tr>\n<tr class=\"journee\">\n<td width=\"25%\">Dimanche 22<\/td>\n<td><a href=\"https:\/\/gaisgodillots-cv.fr\/?page_id=4283\">Sion<br \/>Vaud\u00e9mont<br \/>Visite du mus\u00e9e<\/a><br \/><span class=\"infosrando\">Repas de midi \u00e0 l&rsquo;Auberge<\/span><\/td>\n<td>Club de Houd\u00e9mont<\/td>\n<\/tr>\n<tr class=\"journee\">\n<td width=\"25%\">Dimanche 29<\/td>\n<td><a href=\"https:\/\/gaisgodillots-cv.fr\/?page_id=4250\">Le Petit Hohnack<br \/>Labaroche<\/a><\/td>\n<td>Durruti<\/td>\n<\/tr>\n<\/tbody>\n<\/table>\n<\/div>\n<div id=\"octobre\">\n<p class=\"center\"><a href=\"#mois\" class=\"mois\">Octobre <span class=\"no-print\">\ud83d\udc46\ud83c\udffd<\/span><\/a><\/p>\n<table>\n<tbody>\n<tr class=\"demijournee\">\n<td width=\"25%\">Jeudi 3<\/td>\n<td><a href=\"https:\/\/gaisgodillots-cv.fr\/?page_id=4346\">Roches des Semelles Montagnardes<\/a><\/td>\n<td>\u00c9dith et Dany<\/td>\n<\/tr>\n<tr bgcolor=\"#ffc0cb\">\n<td width=\"25%\">Samedi 5<\/td>\n<td style=\"text-align: center;\">Assembl\u00e9e G\u00e9n\u00e9rale de la F\u00e9d\u00e9ration<br \/>Octobre Rose \ud83e\ude77<\/td>\n<td style=\"text-align: center;\">Amn\u00e9ville<br \/>Corcieux<\/td>\n<\/tr>\n<tr class=\"journee\">\n<td width=\"25%\">Dimanche 6<\/td>\n<td><a href=\"https:\/\/gaisgodillots-cv.fr\/?page_id=4219\">Vall\u00e9e du Chajoux<br \/>Les Champis<\/a><\/td>\n<td>Dany<\/td>\n<\/tr>\n<tr class=\"douce\">\n<td width=\"25%\">Jeudi 10<\/td>\n<td><a href=\"https:\/\/gaisgodillots-cv.fr\/?page_id=4339\">\u00c9tangs Bingottes<br \/>Fontaine du parc<\/a><\/td>\n<td>\u00c9lisabeth<\/td>\n<\/tr>\n<tr class=\"journee\">\n<td width=\"25%\">Dimanche 13<\/td>\n<td><a href=\"https:\/\/gaisgodillots-cv.fr\/?page_id=4373\">Xonrupt &#8211; Longemer<\/a><\/td>\n<td>Jean Louis et Jean Pierre<\/td>\n<\/tr>\n<tr class=\"journee\">\n<td width=\"25%\">Dimanche 20<\/td>\n<td><a href=\"https:\/\/gaisgodillots-cv.fr\/?page_id=4382\">Kaysersberg &#8211; Riquewihr<\/a><\/td>\n<td>Durruti<\/td>\n<\/tr>\n<\/tbody>\n<\/table>\n<\/div>\n<div id=\"novembre\">\n<p class=\"center\"><a href=\"#mois\" class=\"mois\">Novembre <span class=\"no-print\">\ud83d\udc46\ud83c\udffd<\/span><\/a><\/p>\n<table>\n<tbody>\n<tr>\n<td width=\"25%\">Jeudi 21<\/td>\n<td><a href=\"https:\/\/gaisgodillots-cv.fr\/?page_id=4394\">Beaujolais nouveau<\/a><\/td>\n<td>Comit\u00e9<\/td>\n<\/tr>\n<\/tbody>\n<\/table>\n<\/div>\n<\/div>\n","protected":false},"excerpt":{"rendered":"<p>Cliquer sur le mois \ud83d\udc47\ud83c\udffd Janvier &#8211; Mars &#8211; Avril &#8211; Mai &#8211; Juin &#8211; Juillet &#8211; Ao\u00fbt &#8211; Septembre &#8211; Octobre &#8211; Novembre Janvier Jeudi 18 Galette des rois Les Gais Godillots Mars \ud83d\udc46\ud83c\udffd Dimanche 3 Assembl\u00e9e G\u00e9n\u00e9rale Les Gais Godillots Jeudi 14 Rennegoutte \u00c9lisabeth Dimanche 17 Sud du lac de Pierre-Perc\u00e9e \u00c9dith et &hellip; <a href=\"https:\/\/gaisgodillots-cv.fr\/?page_id=3689\" class=\"more-link\">Continuer la lecture<span class=\"screen-reader-text\"> de &laquo;&nbsp;Calendrier 2024&nbsp;&raquo;<\/span><\/a><\/p>\n","protected":false},"author":1,"featured_media":4810,"parent":0,"menu_order":0,"comment_status":"closed","ping_status":"closed","template":"","meta":{"_uag_custom_page_level_css":"","footnotes":""},"class_list":["post-3689","page","type-page","status-publish","has-post-thumbnail","hentry"],"uagb_featured_image_src":{"full":["https:\/\/gaisgodillots-cv.fr\/wp-content\/uploads\/cropped-Bandeau-Gais-Godillots.png",1200,532,false],"thumbnail":["https:\/\/gaisgodillots-cv.fr\/wp-content\/uploads\/cropped-Bandeau-Gais-Godillots-150x150.png",150,150,true],"medium":["https:\/\/gaisgodillots-cv.fr\/wp-content\/uploads\/cropped-Bandeau-Gais-Godillots-300x133.png",300,133,true],"medium_large":["https:\/\/gaisgodillots-cv.fr\/wp-content\/uploads\/cropped-Bandeau-Gais-Godillots-768x340.png",768,340,true],"large":["https:\/\/gaisgodillots-cv.fr\/wp-content\/uploads\/cropped-Bandeau-Gais-Godillots-1024x454.png",840,372,true],"1536x1536":["https:\/\/gaisgodillots-cv.fr\/wp-content\/uploads\/cropped-Bandeau-Gais-Godillots.png",1200,532,false],"2048x2048":["https:\/\/gaisgodillots-cv.fr\/wp-content\/uploads\/cropped-Bandeau-Gais-Godillots.png",1200,532,false],"gg_gallery_thumbnail":["https:\/\/gaisgodillots-cv.fr\/wp-content\/uploads\/cropped-Bandeau-Gais-Godillots-450x250.png",450,250,true],"post-thumbnail":["https:\/\/gaisgodillots-cv.fr\/wp-content\/uploads\/cropped-Bandeau-Gais-Godillots.png",1200,532,false]},"uagb_author_info":{"display_name":"admin4159","author_link":"https:\/\/gaisgodillots-cv.fr\/?author=1"},"uagb_comment_info":0,"uagb_excerpt":"Cliquer sur le mois \ud83d\udc47\ud83c\udffd Janvier &#8211; Mars &#8211; Avril &#8211; Mai &#8211; Juin &#8211; Juillet &#8211; Ao\u00fbt &#8211; Septembre &#8211; Octobre &#8211; Novembre Janvier Jeudi 18 Galette des rois Les Gais Godillots Mars \ud83d\udc46\ud83c\udffd Dimanche 3 Assembl\u00e9e G\u00e9n\u00e9rale Les Gais Godillots Jeudi 14 Rennegoutte \u00c9lisabeth Dimanche 17 Sud du lac de Pierre-Perc\u00e9e \u00c9dith et\u2026","_links":{"self":[{"href":"https:\/\/gaisgodillots-cv.fr\/index.php?rest_route=\/wp\/v2\/pages\/3689","targetHints":{"allow":["GET"]}}],"collection":[{"href":"https:\/\/gaisgodillots-cv.fr\/index.php?rest_route=\/wp\/v2\/pages"}],"about":[{"href":"https:\/\/gaisgodillots-cv.fr\/index.php?rest_route=\/wp\/v2\/types\/page"}],"author":[{"embeddable":true,"href":"https:\/\/gaisgodillots-cv.fr\/index.php?rest_route=\/wp\/v2\/users\/1"}],"replies":[{"embeddable":true,"href":"https:\/\/gaisgodillots-cv.fr\/index.php?rest_route=%2Fwp%2Fv2%2Fcomments&post=3689"}],"version-history":[{"count":311,"href":"https:\/\/gaisgodillots-cv.fr\/index.php?rest_route=\/wp\/v2\/pages\/3689\/revisions"}],"predecessor-version":[{"id":6395,"href":"https:\/\/gaisgodillots-cv.fr\/index.php?rest_route=\/wp\/v2\/pages\/3689\/revisions\/6395"}],"wp:featuredmedia":[{"embeddable":true,"href":"https:\/\/gaisgodillots-cv.fr\/index.php?rest_route=\/wp\/v2\/media\/4810"}],"wp:attachment":[{"href":"https:\/\/gaisgodillots-cv.fr\/index.php?rest_route=%2Fwp%2Fv2%2Fmedia&parent=3689"}],"curies":[{"name":"wp","href":"https:\/\/api.w.org\/{rel}","templated":true}]}}