{"id":3319,"date":"2023-03-06T07:41:43","date_gmt":"2023-03-06T06:41:43","guid":{"rendered":"https:\/\/gaisgodillots-cv.fr\/?page_id=3319"},"modified":"2025-10-23T11:51:34","modified_gmt":"2025-10-23T09:51:34","slug":"assemblee-generale-des-gais-godillots","status":"publish","type":"page","link":"https:\/\/gaisgodillots-cv.fr\/?page_id=3319","title":{"rendered":"Assembl\u00e9e G\u00e9n\u00e9rale 2023"},"content":{"rendered":"\r\n\n\t\t<div id=\"wpgpxmaps_3319_4652891\" class=\"wpgpxmaps\">\n\t\t\t<div id=\"map_3319_4652891_cont\" style=\"width:100%; height:450px;position:relative\" >\n\t\t\t\t<div id=\"map_3319_4652891\" style=\"width:100%; height:450px\"><\/div>\n\t\t\t\t<div id=\"wpgpxmaps_3319_4652891_osm_footer\" class=\"wpgpxmaps_osm_footer\" style=\"display:none;\"><span> &copy; <a href=\"http:\/\/www.openstreetmap.org\/copyright\">OpenStreetMap<\/a> contributors<\/span><\/div>\n\t\t\t<\/div>\n\t\t\t<canvas id=\"myChart_3319_4652891\" class=\"plot\" style=\"width:100%; height:200px\"><\/canvas>\n\t\t\t<div id=\"ngimages_3319_4652891\" class=\"ngimages\" style=\"display:none\"><\/div>\n\t\t\t<div id=\"report_3319_4652891\" class=\"report\"><\/div>\n\t\t<\/div>\n\t\t\n\t\t<script type=\"text\/javascript\">\n\n\t\t\tjQuery(document).ready(function() {\n\n\t\t\t\tjQuery( \"#wpgpxmaps_3319_4652891\" ).wpgpxmaps( {\n\t\t\t\t\ttargetId           : \"3319_4652891\",\n\t\t\t\t\tmapType            : \"OSM3\",\n\t\t\t\t\tmapData            : [[48.1722775,6.8782307],[48.1722774,6.8782357],[48.1722789,6.8783523],[48.1723067,6.8784329],[48.1724498,6.8784108],[48.1724762,6.8783844],[48.1724827,6.8783711],[48.1724787,6.8783887],[48.1724658,6.8784022],[48.1723833,6.8783858],[48.1723505,6.8783701],[48.1723232,6.8783587],[48.1722771,6.8782841],[48.1722772,6.8782994],[48.1722933,6.8783282],[48.1722991,6.8783405],[48.1722821,6.8783343],[48.1721520,6.8782986],[48.1720226,6.8783244],[48.1720116,6.8783256],[48.1718613,6.8783964],[48.1718514,6.8784033],[48.1718409,6.8784096],[48.1718303,6.8784141],[48.1718191,6.8784176],[48.1716873,6.8784724],[48.1715480,6.8785953],[48.1714324,6.8786770],[48.1714053,6.8786956],[48.1711768,6.8788579],[48.1710163,6.8790193],[48.1708855,6.8791106],[48.1706079,6.8792223],[48.1703749,6.8793072],[48.1702385,6.8793830],[48.1702121,6.8793955],[48.1702001,6.8793985],[48.1701736,6.8794128],[48.1699974,6.8795263],[48.1697507,6.8796528],[48.1694839,6.8797823],[48.1693387,6.8798868],[48.1693232,6.8799190],[48.1693004,6.8802057],[48.1692687,6.8802395],[48.1691361,6.8801810],[48.1691249,6.8801768],[48.1691123,6.8801726],[48.1689010,6.8801007],[48.1686898,6.8800547],[48.1685587,6.8800279],[48.1683560,6.8799929],[48.1681322,6.8799518],[48.1679416,6.8799292],[48.1676294,6.8799383],[48.1673739,6.8799497],[48.1671767,6.8799544],[48.1669439,6.8799705],[48.1667005,6.8800494],[48.1664653,6.8801538],[48.1662824,6.8801929],[48.1660852,6.8801739],[48.1658848,6.8801555],[48.1656817,6.8801214],[48.1654904,6.8800946],[48.1652771,6.8800541],[48.1650820,6.8799915],[48.1649478,6.8797479],[48.1649081,6.8794829],[48.1648219,6.8791472],[48.1647799,6.8790189],[48.1647634,6.8789828],[48.1647469,6.8789343],[48.1646233,6.8786775],[48.1644782,6.8784053],[48.1643184,6.8780988],[48.1642928,6.8779962],[48.1641860,6.8776986],[48.1639982,6.8772897],[48.1638820,6.8770479],[48.1637514,6.8767665],[48.1636035,6.8764618],[48.1634338,6.8760880],[48.1632786,6.8757902],[48.1631307,6.8754926],[48.1630102,6.8751765],[48.1629287,6.8748124],[48.1629274,6.8743930],[48.1629413,6.8740273],[48.1629021,6.8737171],[48.1628098,6.8733960],[48.1627731,6.8733562],[48.1626658,6.8733441],[48.1624750,6.8734152],[48.1622894,6.8735865],[48.1621176,6.8737131],[48.1620576,6.8737060],[48.1619148,6.8735215],[48.1617434,6.8733820],[48.1615719,6.8732605],[48.1615348,6.8730474],[48.1615528,6.8728369],[48.1615535,6.8727373],[48.1615542,6.8727216],[48.1615728,6.8724377],[48.1616079,6.8722059],[48.1615779,6.8719696],[48.1615478,6.8716760],[48.1615193,6.8713577],[48.1613821,6.8709567],[48.1613840,6.8709210],[48.1613800,6.8709002],[48.1613654,6.8708787],[48.1613540,6.8708623],[48.1613612,6.8708711],[48.1613418,6.8708230],[48.1611731,6.8705949],[48.1610795,6.8704427],[48.1610595,6.8704061],[48.1608889,6.8701711],[48.1606544,6.8700300],[48.1602997,6.8700200],[48.1599803,6.8700865],[48.1597224,6.8701569],[48.1595281,6.8702530],[48.1593149,6.8703154],[48.1591381,6.8703530],[48.1589162,6.8704760],[48.1587419,6.8705190],[48.1583978,6.8705014],[48.1580797,6.8704251],[48.1578005,6.8702444],[48.1576762,6.8701654],[48.1574851,6.8699870],[48.1573269,6.8698189],[48.1571147,6.8696954],[48.1567764,6.8694742],[48.1564207,6.8692408],[48.1561315,6.8691802],[48.1560242,6.8691935],[48.1558344,6.8692307],[48.1556592,6.8692976],[48.1555217,6.8696284],[48.1553099,6.8698194],[48.1551369,6.8697802],[48.1549510,6.8696855],[48.1547525,6.8697184],[48.1546567,6.8697846],[48.1544216,6.8699044],[48.1541337,6.8700113],[48.1537414,6.8702737],[48.1535062,6.8706175],[48.1532470,6.8709672],[48.1530043,6.8710837],[48.1526667,6.8711784],[48.1524036,6.8709692],[48.1521666,6.8707567],[48.1519106,6.8705321],[48.1518408,6.8704553],[48.1517972,6.8704778],[48.1517855,6.8704823],[48.1517910,6.8704941],[48.1517746,6.8705768],[48.1517139,6.8707689],[48.1516649,6.8709912],[48.1516545,6.8712811],[48.1516500,6.8715657],[48.1515908,6.8717986],[48.1514585,6.8719945],[48.1512832,6.8722355],[48.1512016,6.8724901],[48.1511955,6.8725107],[48.1511264,6.8727845],[48.1510668,6.8729992],[48.1509660,6.8733112],[48.1509287,6.8734150],[48.1508989,6.8734947],[48.1508188,6.8736664],[48.1507394,6.8738695],[48.1506852,6.8742093],[48.1506516,6.8747145],[48.1506200,6.8748690],[48.1505176,6.8752308],[48.1504740,6.8753386],[48.1504315,6.8755028],[48.1503607,6.8756973],[48.1502809,6.8758774],[48.1502577,6.8759327],[48.1502441,6.8759576],[48.1502065,6.8760425],[48.1501906,6.8760747],[48.1501055,6.8762636],[48.1500045,6.8764873],[48.1498350,6.8768859],[48.1498284,6.8769012],[48.1497726,6.8770246],[48.1497124,6.8771731],[48.1496254,6.8774027],[48.1495445,6.8776271],[48.1494562,6.8778586],[48.1494158,6.8780271],[48.1494466,6.8780210],[48.1494433,6.8780259],[48.1494443,6.8780273],[48.1494595,6.8780188],[48.1494820,6.8779810],[48.1495177,6.8779433],[48.1496442,6.8777939],[48.1496649,6.8777677],[48.1498130,6.8775648],[48.1500333,6.8773491],[48.1502486,6.8771718],[48.1504584,6.8769945],[48.1506369,6.8768916],[48.1506297,6.8769300],[48.1505842,6.8771490],[48.1505227,6.8774385],[48.1504904,6.8777831],[48.1505151,6.8781643],[48.1505568,6.8784598],[48.1506896,6.8785972],[48.1507417,6.8786076],[48.1509129,6.8786198],[48.1510214,6.8786358],[48.1512030,6.8787385],[48.1514626,6.8790231],[48.1516383,6.8793163],[48.1517718,6.8796000],[48.1519763,6.8799588],[48.1520325,6.8800426],[48.1520461,6.8800302],[48.1520740,6.8801006],[48.1521539,6.8803037],[48.1522428,6.8805780],[48.1523369,6.8808512],[48.1523828,6.8809412],[48.1525397,6.8811191],[48.1526611,6.8812703],[48.1526741,6.8815334],[48.1526392,6.8817925],[48.1526546,6.8821428],[48.1526262,6.8825479],[48.1526321,6.8828432],[48.1526615,6.8831987],[48.1527019,6.8835806],[48.1526893,6.8839123],[48.1526883,6.8839443],[48.1526726,6.8840342],[48.1526647,6.8840741],[48.1526475,6.8841442],[48.1526367,6.8841705],[48.1524882,6.8844935],[48.1522856,6.8847570],[48.1520539,6.8848911],[48.1518197,6.8850559],[48.1516264,6.8852845],[48.1514653,6.8856578],[48.1513318,6.8860654],[48.1511854,6.8864727],[48.1510421,6.8868928],[48.1509540,6.8873673],[48.1509198,6.8878393],[48.1508893,6.8883331],[48.1508665,6.8886478],[48.1508625,6.8890207],[48.1508934,6.8893849],[48.1509114,6.8898037],[48.1509680,6.8901817],[48.1510166,6.8906033],[48.1510677,6.8911110],[48.1511105,6.8915958],[48.1511368,6.8919852],[48.1511648,6.8923293],[48.1511840,6.8925834],[48.1512099,6.8929032],[48.1512478,6.8932443],[48.1512380,6.8935157],[48.1513327,6.8935741],[48.1513601,6.8935673],[48.1513710,6.8935618],[48.1515280,6.8934746],[48.1517046,6.8933576],[48.1518811,6.8932861],[48.1520855,6.8932907],[48.1522772,6.8932629],[48.1524683,6.8932410],[48.1525513,6.8932323],[48.1526860,6.8931755],[48.1528424,6.8930934],[48.1530341,6.8930001],[48.1532328,6.8927841],[48.1533845,6.8925155],[48.1535124,6.8923331],[48.1535223,6.8923231],[48.1536567,6.8922396],[48.1537969,6.8922620],[48.1539206,6.8923314],[48.1540422,6.8923976],[48.1542025,6.8925322],[48.1543309,6.8926437],[48.1544564,6.8927784],[48.1546023,6.8929534],[48.1547474,6.8930970],[48.1548935,6.8931285],[48.1550579,6.8931449],[48.1552089,6.8931480],[48.1553205,6.8932115],[48.1553976,6.8933221],[48.1554104,6.8933854],[48.1554317,6.8934543],[48.1554909,6.8936941],[48.1556471,6.8938500],[48.1557389,6.8939633],[48.1558442,6.8940828],[48.1558963,6.8941610],[48.1559038,6.8941725],[48.1559114,6.8941831],[48.1559253,6.8942033],[48.1561191,6.8943029],[48.1563804,6.8942744],[48.1565741,6.8942608],[48.1565969,6.8942620],[48.1566179,6.8942628],[48.1566293,6.8942630],[48.1568646,6.8942848],[48.1571911,6.8943214],[48.1574700,6.8942599],[48.1577528,6.8941217],[48.1579279,6.8939792],[48.1579818,6.8939227],[48.1579898,6.8939124],[48.1580397,6.8938611],[48.1581134,6.8937629],[48.1581443,6.8936639],[48.1581450,6.8936466],[48.1581460,6.8936311],[48.1581489,6.8936157],[48.1581585,6.8935528],[48.1581792,6.8932940],[48.1583170,6.8930874],[48.1584766,6.8929737],[48.1586550,6.8928924],[48.1588335,6.8928726],[48.1590150,6.8928761],[48.1591578,6.8927933],[48.1592821,6.8925966],[48.1593460,6.8924490],[48.1595897,6.8922586],[48.1597618,6.8920281],[48.1598497,6.8917203],[48.1599393,6.8912446],[48.1599559,6.8910545],[48.1600403,6.8905264],[48.1601832,6.8900910],[48.1602513,6.8899462],[48.1603528,6.8897102],[48.1604144,6.8892714],[48.1604025,6.8887440],[48.1604000,6.8884655],[48.1603777,6.8880570],[48.1604302,6.8876796],[48.1604843,6.8873292],[48.1605926,6.8868570],[48.1606583,6.8867124],[48.1608596,6.8864342],[48.1610914,6.8862257],[48.1614618,6.8859219],[48.1617709,6.8855707],[48.1620106,6.8852295],[48.1621938,6.8851817],[48.1622056,6.8851799],[48.1623866,6.8851658],[48.1626351,6.8850847],[48.1628816,6.8848926],[48.1630938,6.8846854],[48.1633117,6.8844419],[48.1634987,6.8842048],[48.1636862,6.8839113],[48.1638254,6.8835424],[48.1638980,6.8833855],[48.1639110,6.8833798],[48.1639239,6.8833786],[48.1639359,6.8833792],[48.1642834,6.8834180],[48.1646464,6.8834318],[48.1650153,6.8834939],[48.1653379,6.8834925],[48.1655875,6.8834550],[48.1658445,6.8833867],[48.1661173,6.8832951],[48.1664026,6.8832266],[48.1667611,6.8831688],[48.1670543,6.8831022],[48.1674021,6.8830208],[48.1676889,6.8828778],[48.1679734,6.8826447],[48.1683011,6.8824177],[48.1685743,6.8822136],[48.1688632,6.8820595],[48.1691282,6.8818957],[48.1694825,6.8816878],[48.1697816,6.8815215],[48.1700621,6.8814539],[48.1702961,6.8815039],[48.1705276,6.8815853],[48.1707545,6.8817661],[48.1710181,6.8818261],[48.1712874,6.8815868],[48.1715476,6.8814529],[48.1716112,6.8813947],[48.1718347,6.8811672],[48.1720240,6.8809579],[48.1721756,6.8807660],[48.1723538,6.8805450],[48.1724923,6.8800685],[48.1725565,6.8796326],[48.1725222,6.8793075],[48.1725022,6.8790560],[48.1725124,6.8790448],[48.1725186,6.8790314],[48.1725224,6.8790159],[48.1725239,6.8789999],[48.1725264,6.8789838],[48.1725756,6.8786645],[48.1726056,6.8785447],[48.1726096,6.8785289],[48.1726223,6.8785075],[48.1726311,6.8785011],[48.1726405,6.8784981],[48.1726501,6.8784967],[48.1726604,6.8784955],[48.1727383,6.8784573],[48.1727697,6.8784494]],\n\t\t\t\t\tgraphDist          : [0.00,2.82,11.80,18.52,34.52,38.10,39.34,41.36,43.12,52.37,57.36,60.51,68.05,69.18,71.97,73.09,75.04,89.75,104.27,105.50,123.01,124.23,125.48,126.71,127.99,143.20,161.23,175.49,178.83,207.02,228.55,244.65,276.60,303.26,319.45,322.53,323.88,327.01,348.33,377.33,408.50,426.41,429.36,450.79,455.13,470.49,471.78,473.23,497.32,521.05,535.76,558.47,583.54,604.81,639.54,667.98,689.91,715.83,743.52,770.80,791.39,813.37,835.71,858.45,879.83,903.73,925.93,949.50,969.64,996.31,1006.91,1010.16,1014.20,1037.68,1063.52,1092.43,1101.09,1126.16,1162.99,1185.09,1210.50,1238.45,1271.99,1300.02,1327.54,1354.54,1383.02,1414.13,1441.29,1464.70,1490.63,1495.66,1507.64,1529.54,1553.83,1575.17,1581.91,1603.00,1624.75,1646.02,1662.55,1678.42,1685.82,1686.99,1708.14,1725.79,1743.63,1765.68,1789.55,1823.04,1825.73,1827.34,1829.62,1831.37,1833.33,1837.50,1862.76,1878.57,1882.42,1908.25,1936.36,1975.82,2011.74,2040.88,2063.68,2087.84,2107.69,2134.00,2153.63,2191.90,2227.72,2261.53,2276.55,2301.57,2323.14,2348.45,2389.53,2432.69,2465.16,2477.14,2498.49,2518.69,2547.71,2575.19,2594.66,2616.49,2638.70,2650.43,2678.07,2711.14,2758.91,2795.46,2834.26,2862.76,2901.05,2934.18,2964.93,2997.91,3007.55,3012.75,3014.77,3015.86,3022.26,3038.03,3055.39,3076.93,3098.04,3116.53,3137.22,3163.74,3184.72,3186.40,3208.18,3225.50,3251.38,3260.16,3266.99,3282.57,3300.04,3326.07,3363.86,3375.85,3405.02,3414.37,3427.44,3443.88,3459.92,3464.76,3467.16,3474.72,3477.69,3494.60,3514.66,3549.77,3551.12,3562.20,3575.12,3594.73,3613.65,3633.43,3646.72,3650.18,3651.62,3652.63,3654.43,3658.19,3663.04,3681.06,3684.08,3706.41,3735.67,3763.00,3789.78,3811.04,3814.01,3831.08,3853.70,3879.62,3908.15,3930.75,3948.80,3954.66,3973.75,3985.90,4007.49,4043.27,4072.51,4098.29,4133.30,4142.11,4143.88,4150.15,4167.65,4190.26,4213.07,4221.50,4243.44,4261.10,4280.79,4300.39,4326.47,4356.72,4378.67,4405.24,4433.93,4458.57,4460.97,4468.05,4471.14,4476.69,4478.99,4508.08,4537.91,4565.52,4594.28,4621.66,4654.63,4688.32,4722.64,4757.63,4794.16,4829.40,4866.18,4889.66,4917.33,4944.63,4975.75,5004.53,5036.29,5074.42,5110.71,5139.74,5165.47,5184.45,5208.36,5234.06,5254.32,5265.75,5268.84,5270.13,5288.76,5310.23,5330.57,5353.34,5374.79,5396.20,5405.62,5421.28,5439.94,5462.55,5489.93,5516.20,5536.08,5537.43,5553.91,5569.88,5584.91,5599.59,5620.24,5637.00,5654.46,5675.48,5695.07,5711.75,5730.35,5747.41,5760.82,5772.89,5777.83,5783.52,5802.63,5823.68,5837.05,5851.77,5859.97,5861.16,5862.33,5864.48,5887.28,5916.42,5938.01,5940.55,5942.89,5944.16,5970.38,6006.79,6038.13,6071.21,6093.39,6100.70,6101.87,6108.61,6119.57,6127.68,6128.96,6130.12,6131.30,6136.09,6155.42,6177.09,6196.75,6217.49,6237.48,6257.91,6275.23,6295.34,6308.83,6339.45,6365.14,6390.02,6426.73,6440.97,6481.27,6517.37,6530.55,6551.44,6584.75,6623.90,6644.58,6674.98,6703.57,6730.25,6767.29,6780.28,6810.86,6841.08,6888.08,6931.29,6968.06,6988.75,6990.07,7010.23,7038.50,7069.40,7097.56,7127.83,7155.10,7185.28,7216.74,7230.93,7232.44,7233.90,7235.24,7274.00,7314.41,7355.68,7391.56,7419.44,7448.46,7479.54,7511.66,7551.74,7584.76,7623.99,7657.64,7693.71,7733.88,7767.86,7802.00,7833.89,7876.22,7911.72,7943.31,7969.60,7996.04,8024.61,8054.25,8089.05,8119.64,8127.92,8157.95,8184.10,8206.15,8231.87,8270.41,8303.51,8327.92,8346.70,8348.11,8349.32,8350.55,8351.74,8352.96,8377.27,8386.75,8388.07,8390.27,8391.52,8392.60,8393.70,8394.85,8404.44,8408.25],\n\t\t\t\t\tgraphEle           : [541.00,543.80,541.40,541.40,541.80,542.40,542.60,542.80,543.00,542.80,542.80,542.80,542.80,542.80,542.80,542.80,542.80,542.20,542.40,542.40,542.60,542.60,542.60,542.60,542.80,543.40,544.80,546.00,546.40,548.60,550.00,551.40,551.20,551.20,551.80,551.80,551.80,552.00,552.00,551.20,550.80,551.00,551.00,550.00,549.60,549.00,549.00,549.20,549.60,550.20,550.40,551.20,551.80,552.40,553.80,555.00,555.40,556.00,556.80,557.60,559.00,559.60,560.60,561.60,562.40,562.80,563.40,566.00,566.20,566.40,566.40,566.20,566.20,566.00,565.80,563.80,566.80,566.00,566.80,567.00,567.20,567.20,567.60,568.60,568.40,568.40,568.20,568.60,568.60,569.00,569.20,569.20,569.80,571.00,572.80,574.40,575.20,577.60,579.20,582.00,584.60,586.60,587.00,587.00,587.40,588.20,588.80,589.60,591.20,593.40,593.80,593.80,594.00,594.00,594.00,594.00,594.00,597.80,599.40,601.40,600.80,602.00,604.20,605.00,606.60,606.80,606.80,607.20,607.20,607.00,607.00,607.20,607.60,608.20,608.40,608.40,610.40,610.20,611.00,611.40,613.20,615.20,617.80,618.40,618.00,618.20,619.00,619.40,620.60,623.20,624.40,625.80,627.40,630.40,633.40,634.60,636.20,635.80,636.40,635.60,636.00,636.00,636.00,635.80,635.80,636.20,636.40,636.80,637.40,639.40,640.60,640.80,642.40,644.00,647.00,647.80,648.60,649.80,650.40,652.80,656.00,656.40,657.40,657.40,657.80,658.00,658.40,658.60,658.80,659.00,659.00,659.40,660.40,662.20,662.20,663.00,663.80,664.80,665.20,665.40,665.00,665.20,664.40,665.00,665.00,665.00,665.00,667.00,667.20,668.20,669.00,669.80,670.40,671.00,671.20,672.60,674.60,677.00,679.60,682.60,684.60,685.00,686.20,687.00,687.80,689.20,690.20,691.40,691.80,691.80,691.80,691.80,691.40,691.20,690.80,690.20,688.40,686.40,684.20,684.40,685.80,687.20,688.60,689.00,688.60,688.80,689.20,689.00,689.20,689.60,689.60,689.80,690.20,690.00,689.60,690.00,690.40,689.60,689.60,689.40,689.60,690.60,691.40,691.20,690.60,688.80,689.20,687.60,686.20,684.40,683.40,682.60,681.80,681.00,680.00,678.40,676.40,675.40,675.20,675.00,674.80,674.20,673.40,672.00,670.60,668.60,666.80,665.00,662.00,659.00,656.80,653.80,650.60,650.40,647.20,644.20,641.00,638.00,635.00,632.00,628.80,625.60,622.40,619.40,616.20,613.20,611.20,609.00,608.40,607.60,605.20,602.40,600.40,599.40,599.20,599.20,599.00,599.00,598.20,597.20,596.00,596.00,596.00,595.80,595.40,594.40,593.80,592.80,591.80,591.80,591.80,591.40,591.20,591.20,591.20,591.20,591.20,591.20,591.40,592.00,592.60,593.60,595.40,598.60,601.80,602.80,606.20,604.20,602.80,601.20,599.40,598.60,596.80,594.00,593.00,591.20,589.40,588.00,587.00,586.40,586.20,586.80,587.60,587.00,584.00,580.80,578.60,575.60,574.40,573.40,573.40,573.00,572.40,573.20,573.60,575.40,577.00,578.60,580.20,581.00,581.20,581.40,581.40,580.00,578.20,577.20,576.60,576.60,576.60,576.80,576.80,576.20,574.40,571.80,570.00,568.40,566.60,565.00,563.20,561.80,560.20,558.60,557.60,557.20,556.60,555.80,555.60,555.60,555.60,555.60,555.60,555.60,555.60,555.80,555.20,554.40,553.80,553.40,553.40,553.40,553.40,553.40,553.40,553.20,553.00,552.60,552.00,551.40,551.20,551.40,551.40,554.40,553.00],\n\t\t\t\t\tgraphSpeed         : [],\n\t\t\t\t\tgraphHr            : [],\n\t\t\t\t\tgraphAtemp         : [],\n\t\t\t\t\tgraphCad           : [],\n\t\t\t\t\tgraphGrade         : [],\n\t\t\t\t\twaypoints          : [],\n\t\t\t\t\tunit               : \"0\",\n\t\t\t\t\tunitspeed          : \"0\",\n\t\t\t\t\tcolor1             : [\"#3366cc\"],\n\t\t\t\t\tcolor2             : \"#3366cc\",\n\t\t\t\t\tcolor3             : \"#ff0000\",\n\t\t\t\t\tcolor4             : \"#ff77bd\",\n\t\t\t\t\tcolor5             : \"#beecff\",\n\t\t\t\t\tcolor6             : \"#beecff\",\n\t\t\t\t\tcolor7             : \"#ff77bd\",\n\t\t\t\t\tchartFrom1         : \"\",\n\t\t\t\t\tchartTo1           : \"\",\n\t\t\t\t\tchartFrom2         : \"\",\n\t\t\t\t\tchartTo2           : \"\",\n\t\t\t\t\tstartIcon          : \"\",\n\t\t\t\t\tendIcon            : \"\",\n\t\t\t\t\tcurrentIcon        : \"\",\n\t\t\t\t\twaypointIcon       : \"\",\n\t\t\t\t\tcurrentpositioncon : \"\",\n\t\t\t\t\tusegpsposition     : \"\",\n\t\t\t\t\tzoomOnScrollWheel  : \"\",\n\t\t\t\t\tngGalleries        : [],\n\t\t\t\t\tngImages           : [],\n\t\t\t\t\tpluginUrl          : \"https:\/\/gaisgodillots-cv.fr\/wp-content\/plugins\",\n\t\t\t\t\tTFApiKey           : \"e372c03c52d94b4b89f8175faf12b31e\",\n\t\t\t\t\tMapBoxApiKey           : \"\",\n\t\t\t\t\tlangs              : {\n\t\t\t\t\t\taltitude        : \"Altitude\",\n\t\t\t\t\t\tcurrentPosition : \"Current position\",\n\t\t\t\t\t\tspeed           : \"Vitesse\",\n\t\t\t\t\t\tgrade           : \"Grade\",\n\t\t\t\t\t\theartRate       : \"Fr\u00e9quence cardiaque\",\n\t\t\t\t\t\tatemp           : \"Temperature\",\n\t\t\t\t\t\tcadence         : \"Cadence\",\n\t\t\t\t\t\tgoFullScreen    : \"Go full screen\",\n\t\t\t\t\t\texitFullFcreen  : \"Exit full screen\",\n\t\t\t\t\t\thideImages      : \"Hide images\",\n\t\t\t\t\t\tshowImages      : \"Show images\",\n\t\t\t\t\t\tbackToCenter\t: \"Back to center\"\n\t\t\t\t\t}\n\t\t\t\t});\n\n\t\t\t});\n\n\t\t<\/script><div id='wpgpxmaps_summary_3319_4652891' class='wpgpxmaps_summary' style='text-align: center;'><span class='totlen'><span class='summarylabel'><br \/><h5>\ud83d\ude03 &nbsp; D\u00e9tails &nbsp; \ud83d\udd0d<\/h5>\ud83e\udd7e &nbsp; Distance &nbsp; \ud83d\udc49\ud83c\udffd &nbsp;<\/span><span class='summaryvalue' > 8408 m<\/span><\/span><br \/><br \/>\ud83c\udfd4\ufe0f &nbsp; Altitudes :<br \/><ul style='display:inline-block;' ><li><span class='maxele'><span class='summarylabel'>&nbsp; Maximale  &nbsp; \ud83d\udc49\ud83c\udffd &nbsp;<\/span><span class='summaryvalue'> 692 m<\/span><\/span><\/li><li><span class='minele'><span class='summarylabel'>&nbsp; Minimale  &nbsp; \ud83d\udc49\ud83c\udffd &nbsp;<\/span><span class='summaryvalue'> 541 m<\/span><\/span><\/li><\/ul><br \/><span class='totaleleup'><span class='summarylabel'>\ud83d\udc4d\ud83c\udffd &nbsp; D\u00e9nivel\u00e9 positif &nbsp; \ud83d\udc49\ud83c\udffd &nbsp;<\/span><span class='summaryvalue'> 204 m<\/span><\/span><br \/><br \/><\/div>\ud83d\uddfa\ufe0f &nbsp; Fichier GPX :<br \/>\ud83d\udcbe &nbsp; <a href='https:\/\/gaisgodillots-cv.fr\/.\/Images\/gpx\/BalconsCorcieux.GPX' target='_new' download>BalconsCorcieux.GPX<\/a><br \/><br \/>\r\n\r\n\r\n<div id=\"wpfp_b5ec62e8f66ebca036616a00f88d1afd\" data-item=\"{&quot;sources&quot;:[{&quot;src&quot;:&quot;http:\\\/\\\/gaisgodillots-cv.fr\\\/Images\\\/AG2023.mp4&quot;,&quot;type&quot;:&quot;video\\\/mp4&quot;}],&quot;id&quot;:&quot;159&quot;}\" class=\"flowplayer no-brand is-splash is-paused skin-custom no-svg fp-full fp-edgy bottom-fs\" data-fv-embed=\"https:\/\/gaisgodillots-cv.fr\/?page_id=3319&amp;fv_player_embed=fvp-159\" style=\"position:relative; max-width: 960px; max-height: 540px; \" data-ratio=\"0.5625\">\n\t<div class=\"fp-ratio\" style=\"padding-top: 56.25%\"><\/div>\n\t<div class=\"fp-ui\"><noscript>Please enable JavaScript<\/noscript><div class=\"fp-play fp-visible\"><svg class=\"fp-play-sharp-fill\" xmlns=\"http:\/\/www.w3.org\/2000\/svg\" viewBox=\"0 0 100 100\"><defs><style>.fp-color-play{opacity:0.65;}.controlbutton{fill:#fff;}<\/style><\/defs><title>play-sharp-fill<\/title><path class=\"fp-color-play\" d=\"M49.9217-.078a50,50,0,1,0,50,50A50.0564,50.0564,0,0,0,49.9217-.078Z\"\/><polygon class=\"controlbutton\" points=\"73.601 50 37.968 70.573 37.968 29.427 73.601 50\" filter=\"url(#f1)\"\/><\/svg><\/div><div class=\"fp-preload\"><b><\/b><b><\/b><b><\/b><b><\/b><\/div><\/div>\n<div class='fvp-share-bar'><ul class=\"fvp-sharing\">\r\n    <li><a class=\"sharing-facebook\" href=\"https:\/\/www.facebook.com\/sharer\/sharer.php?u=https%3A%2F%2Fgaisgodillots-cv.fr%2F%3Fpage_id%3D3319\" target=\"_blank\"><\/a><\/li>\r\n    <li><a class=\"sharing-twitter\" href=\"https:\/\/twitter.com\/intent\/tweet?text=Les+Gais+Godillots+&url=https%3A%2F%2Fgaisgodillots-cv.fr%2F%3Fpage_id%3D3319\" target=\"_blank\"><\/a><\/li>\r\n    <li><a class=\"sharing-email\" href=\"mailto:?body=Check%20out%20the%20amazing%20video%20here%3A%20https%3A%2F%2Fgaisgodillots-cv.fr%2F%3Fpage_id%3D3319\" target=\"_blank\"><\/a><\/li><\/ul><div><a class=\"sharing-link\" href=\"https:\/\/gaisgodillots-cv.fr\/?page_id=3319\" target=\"_blank\">Link<\/a><\/div><div><label><a class=\"embed-code-toggle\" href=\"#\"><strong>Embed<\/strong><\/a><\/label><\/div><div class=\"embed-code\"><label>Copy and paste this HTML code into your webpage to embed.<\/label><textarea><\/textarea><\/div><\/div>\n<\/div>\n\n","protected":false},"excerpt":{"rendered":"","protected":false},"author":1,"featured_media":0,"parent":0,"menu_order":0,"comment_status":"closed","ping_status":"closed","template":"","meta":{"_uag_custom_page_level_css":"","footnotes":""},"class_list":["post-3319","page","type-page","status-publish","hentry"],"uagb_featured_image_src":{"full":false,"thumbnail":false,"medium":false,"medium_large":false,"large":false,"1536x1536":false,"2048x2048":false,"gg_gallery_thumbnail":false,"post-thumbnail":false},"uagb_author_info":{"display_name":"admin4159","author_link":"https:\/\/gaisgodillots-cv.fr\/?author=1"},"uagb_comment_info":0,"uagb_excerpt":null,"_links":{"self":[{"href":"https:\/\/gaisgodillots-cv.fr\/index.php?rest_route=\/wp\/v2\/pages\/3319","targetHints":{"allow":["GET"]}}],"collection":[{"href":"https:\/\/gaisgodillots-cv.fr\/index.php?rest_route=\/wp\/v2\/pages"}],"about":[{"href":"https:\/\/gaisgodillots-cv.fr\/index.php?rest_route=\/wp\/v2\/types\/page"}],"author":[{"embeddable":true,"href":"https:\/\/gaisgodillots-cv.fr\/index.php?rest_route=\/wp\/v2\/users\/1"}],"replies":[{"embeddable":true,"href":"https:\/\/gaisgodillots-cv.fr\/index.php?rest_route=%2Fwp%2Fv2%2Fcomments&post=3319"}],"version-history":[{"count":3,"href":"https:\/\/gaisgodillots-cv.fr\/index.php?rest_route=\/wp\/v2\/pages\/3319\/revisions"}],"predecessor-version":[{"id":5456,"href":"https:\/\/gaisgodillots-cv.fr\/index.php?rest_route=\/wp\/v2\/pages\/3319\/revisions\/5456"}],"wp:attachment":[{"href":"https:\/\/gaisgodillots-cv.fr\/index.php?rest_route=%2Fwp%2Fv2%2Fmedia&parent=3319"}],"curies":[{"name":"wp","href":"https:\/\/api.w.org\/{rel}","templated":true}]}}