{"id":3252,"date":"2023-01-21T15:28:14","date_gmt":"2023-01-21T14:28:14","guid":{"rendered":"https:\/\/gaisgodillots-cv.fr\/?page_id=3252"},"modified":"2026-04-01T14:46:51","modified_gmt":"2026-04-01T12:46:51","slug":"2023-2","status":"publish","type":"page","link":"https:\/\/gaisgodillots-cv.fr\/?page_id=3252","title":{"rendered":"Calendrier 2023"},"content":{"rendered":"<div id=\"mois\" class=\"no-print\">\n<p class=\"infostext\">Cliquer sur le mois \ud83d\udc47\ud83c\udffd<\/p>\n<p>\n<a href=\"#janvier\" class=\"mois\">Janvier<\/a> &#8211; <a href=\"#fevrier\" class=\"mois\">F\u00e9vrier<\/a> &#8211; <a href=\"#mars\" class=\"mois\">Mars<\/a> &#8211; <a href=\"#avril\" class=\"mois\">Avril<\/a> &#8211; <a href=\"#mai\" class=\"mois\">Mai<\/a> &#8211; <a href=\"#juin\" class=\"mois\">Juin<\/a> &#8211; <a href=\"#juillet\" class=\"mois\">Juillet<\/a> &#8211; <a href=\"#aout\" class=\"mois\">Ao\u00fbt<\/a> &#8211; <a href=\"#septembre\" class=\"mois\">Septembre<\/a> &#8211; <a href=\"#octobre\" class=\"mois\">Octobre<\/a> &#8211; <a href=\"#novembre\" class=\"mois\">Novembre<\/a> &#8211; <a href=\"#decembre\" class=\"mois\">D\u00e9cembre<\/a>\n<\/p>\n<\/div>\n<div id=\"calendrier\">\n<div id=\"janvier\">\n<p class=\"center\"><a href=\"#mois\" class=\"mois\">Janvier<\/a><\/p>\n<table>\n<tbody>\n<tr class=\"demijournee\">\n<td width=\"25%\">Vendredi 13<\/td>\n<td><a href=\"https:\/\/gaisgodillots-cv.fr\/?page_id=3248\">Galette des rois<\/a><\/td>\n<td>Les Gais Godillots<\/td>\n<\/tr>\n<\/tbody>\n<\/table>\n<\/div>\n<div id=\"fevrier\">\n<p class=\"center\"><a href=\"#mois\" class=\"mois\">F\u00e9vrier <span class=\"no-print\">\ud83d\udc46\ud83c\udffd<\/span><\/a><\/p>\n<table>\n<tbody>\n<tr class=\"demijournee\">\n<td width=\"25%\">Mercredi 8<\/td>\n<td><a href=\"https:\/\/gaisgodillots-cv.fr\/?page_id=3280\">Col de Grosse Pierre<br \/>Roche des Bioquets<\/a><br \/><span class=\"infosrando\">Sortie Raquettes<\/span><\/td>\n<td>Fran\u00e7oise et Jean-Louis<\/td>\n<\/tr>\n<tr class=\"demijournee\">\n<td width=\"25%\">Jeudi 16<\/td>\n<td><a href=\"https:\/\/gaisgodillots-cv.fr\/?page_id=3314\">Col de La Schlucht<br \/>Le Tanet<\/a><\/td>\n<td>Fran\u00e7oise et Jean-Louis<\/td>\n<\/tr>\n<\/tbody>\n<\/table>\n<\/div>\n<div id=\"mars\">\n<p class=\"center\"><a href=\"#mois\" class=\"mois\">Mars <span class=\"no-print\">\ud83d\udc46\ud83c\udffd<\/span><\/a><\/p>\n<table>\n<tbody>\n<tr class=\"journee\">\n<td width=\"25%\">Dimanche 5<\/td>\n<td><a href=\"https:\/\/gaisgodillots-cv.fr\/?page_id=3319\">Assembl\u00e9e G\u00e9n\u00e9rale<\/a><\/td>\n<td>Les Gais Godillots<\/td>\n<\/tr>\n<\/tr>\n<tr class=\"journee\">\n<td width=\"25%\">Dimanche 19<\/td>\n<td><a href=\"https:\/\/gaisgodillots-cv.fr\/?page_id=3324\">Le Kemberg<\/a><\/td>\n<td>\u00c9dith et Dany<\/td>\n<\/tr>\n<tr class=\"journee\">\n<td width=\"25%\">Dimanche 26<\/td>\n<td><a href=\"https:\/\/gaisgodillots-cv.fr\/?page_id=3329\">Martimpr\u00e9<\/a><br \/><span class=\"alerte\">Randonn\u00e9e annul\u00e9e<\/span><\/td>\n<td>Agn\u00e8s<\/td>\n<\/tr>\n<tr class=\"demijournee\">\n<td width=\"25%\">Jeudi 30<\/td>\n<td><a href=\"https:\/\/gaisgodillots-cv.fr\/?page_id=3343\">Les 3 Monts<\/a><\/td>\n<td>Michel<\/td>\n<\/tr>\n<\/tbody>\n<\/table>\n<\/div>\n<div id=\"avril\">\n<p class=\"center\"><a href=\"#mois\" class=\"mois\">Avril <span class=\"no-print\">\ud83d\udc46\ud83c\udffd<\/span><\/a><\/p>\n<table>\n<tbody>\n<tr class=\"demijournee\">\n<td width=\"25%\">Jeudi 6<\/td>\n<td><a href=\"https:\/\/gaisgodillots-cv.fr\/?page_id=3351\">Col du Plafond<\/a><br \/><span class=\"infosrando\">Balade nocture<\/span><\/td>\n<td>Marie-Agn\u00e8s<\/td>\n<\/tr>\n<tr class=\"journee\">\n<td width=\"25%\">Lundi 10<\/td>\n<td><a href=\"https:\/\/gaisgodillots-cv.fr\/?page_id=3355\">Parmi les Jonquilles<\/a><\/td>\n<td>Fran\u00e7oise et Jean-Louis<\/td>\n<\/tr>\n<tr class=\"demijournee\">\n<td width=\"25%\">Jeudi 13<\/td>\n<td><a href=\"https:\/\/gaisgodillots-cv.fr\/?page_id=3364\">Champ de Roches<\/a><\/td>\n<td>Agn\u00e8s<\/td>\n<\/tr>\n<tr>\n<td width=\"25%\">Vendredi 14<\/td>\n<td><a href=\"https:\/\/gaisgodillots-cv.fr\/?page_id=3384\">Cueillette des Jonquilles<\/a><\/td>\n<td><\/td>\n<\/tr>\n<tr class=\"demijournee\">\n<td width=\"25%\">Jeudi 20<\/td>\n<td><a href=\"https:\/\/gaisgodillots-cv.fr\/?page_id=3370\">Bertrichamps<\/a><\/td>\n<td>\u00c9lisabeth<\/td>\n<\/tr>\n<tr class=\"journee\">\n<td width=\"25%\">Dimanche 23<\/td>\n<td><a href=\"https:\/\/gaisgodillots-cv.fr\/?page_id=3377\">Kayserstuhl<\/a><\/td>\n<td>Michel<\/td>\n<\/tr>\n<tr class=\"demijournee\">\n<td width=\"25%\">Jeudi 27<\/td>\n<td><a href=\"https:\/\/gaisgodillots-cv.fr\/?page_id=3390\">Yvoux<\/a><\/td>\n<td>Michel<\/td>\n<\/tr>\n<tr class=\"journee\">\n<td width=\"25%\">Dimanche 30<\/td>\n<td><a href=\"https:\/\/gaisgodillots-cv.fr\/?page_id=3245\">Lapoutroie<br \/>Col de Chamont<\/a><\/td>\n<td>Patrick<\/td>\n<\/tr>\n<\/tbody>\n<\/table>\n<\/div>\n<div id=\"mai\">\n<p class=\"center\"><a href=\"#mois\" class=\"mois\">Mai <span class=\"no-print\">\ud83d\udc46\ud83c\udffd<\/span><\/a><\/p>\n<table>\n<tbody>\n<tr bgcolor=\"#a68a64\">\n<td width=\"25%\">Lundi 1<\/td>\n<td><a href=\"https:\/\/gaisgodillots-cv.fr\/?page_id=3346\">Le Tour du Kemberg<\/a><\/td>\n<td>Saint-Di\u00e9<\/td>\n<\/tr>\n<tr class=\"demijournee\">\n<td width=\"25%\">Jeudi 4<\/td>\n<td><a href=\"https:\/\/gaisgodillots-cv.fr\/?page_id=3412\">La Fontaine Raon<\/a><\/td>\n<td>\u00c9lisabeth<\/td>\n<\/tr>\n<tr class=\"journee\">\n<td width=\"25%\">Dimanche 7<\/td>\n<td><a href=\"https:\/\/gaisgodillots-cv.fr\/?page_id=3394\">Moussey<br \/>Sentier des Passeurs<\/a><\/td>\n<td>\u00c9dith et Dany<\/td>\n<\/tr>\n<tr>\n<td width=\"25%\">Du 13 au 18<\/td>\n<td><a href=\"https:\/\/gaisgodillots-cv.fr\/?page_id=3435\">Carry-le-Rouet<\/a><\/td>\n<td>Escapade<\/td>\n<\/tr>\n<tr class=\"journee\">\n<td width=\"25%\">Dimanche 21<\/td>\n<td><a href=\"https:\/\/gaisgodillots-cv.fr\/?page_id=3401\">Les Bagenelles<\/a><\/td>\n<td>Jacqueline et Jean-Pierre<\/td>\n<\/tr>\n<tr class=\"demijournee\">\n<td width=\"25%\">Jeudi 25<\/td>\n<td><a href=\"https:\/\/gaisgodillots-cv.fr\/?page_id=3421\">Allarmont<\/a><br \/><span class=\"infosrando\">Sortie Botanique<\/span><\/td>\n<td>Fran\u00e7ois V.<\/td>\n<\/tr>\n<tr class=\"journee\">\n<td width=\"25%\">Lundi 29<\/td>\n<td><a href=\"https:\/\/gaisgodillots-cv.fr\/?page_id=3425\">Fort de Manonviller<\/a><\/td>\n<td>Marie-Agn\u00e8s<\/td>\n<\/tr>\n<\/tbody>\n<\/table>\n<\/div>\n<div id=\"juin\">\n<p class=\"center\"><a href=\"#mois\" class=\"mois\">Juin <span class=\"no-print\">\ud83d\udc46\ud83c\udffd<\/span><\/a><\/p>\n<table>\n<tbody>\n<tr class=\"demijournee\">\n<td width=\"25%\">Jeudi 1<\/td>\n<td>Hennef\u00eate<br \/>Pont de la Loge<\/td>\n<td>\u00c9lisabeth<\/td>\n<\/tr>\n<tr class=\"journee\">\n<td width=\"25%\">Samedi 3<\/td>\n<td>Assembl\u00e9e G\u00e9n\u00e9rale de la F\u00e9d\u00e9ration<\/td>\n<td>Barr<\/td>\n<\/tr>\n<tr class=\"journee\">\n<td width=\"25%\">Dimanche 4<\/td>\n<td><a href=\"https:\/\/gaisgodillots-cv.fr\/?page_id=3243\">Saint Gilles<br \/>Hohlandsbourg<br \/>Pflixbourg<\/a><\/td>\n<td>Patrick<\/td>\n<\/tr>\n<tr class=\"demijournee\">\n<td width=\"25%\">Jeudi 8<\/td>\n<td><a href=\"https:\/\/gaisgodillots-cv.fr\/?page_id=3440\">Gerb\u00e9pal<br \/>T\u00eate de Nayemont<\/a><\/td>\n<td>Jo\u00ebl et Michel<\/td>\n<\/tr>\n<tr class=\"journee\">\n<td width=\"25%\">Dimanche 11<\/td>\n<td><a href=\"https:\/\/gaisgodillots-cv.fr\/?page_id=3445\">Saint-Mont<\/a><\/td>\n<td>\u00c9dith et Dany<\/td>\n<\/tr>\n<tr class=\"demijournee\">\n<td width=\"25%\">Jeudi 15<\/td>\n<td><a href=\"https:\/\/gaisgodillots-cv.fr\/?page_id=3460\">Roche des Corbeaux<\/a><\/td>\n<td>Durruti et Michel<\/td>\n<\/tr>\n<tr class=\"journee\">\n<td width=\"25%\">Dimanche 18<\/td>\n<td><a href=\"https:\/\/gaisgodillots-cv.fr\/?page_id=3470\">Col de Mon Repos<\/a><\/td>\n<td>Philippe<\/td>\n<\/tr>\n<tr class=\"journee\">\n<td width=\"25%\">Dimanche 25<\/td>\n<td><a href=\"https:\/\/gaisgodillots-cv.fr\/?page_id=3451\">Le Ch\u00e2teau de Guirbaden<\/a><\/td>\n<td>Jacqueline et Jean-Pierre<\/td>\n<\/tr>\n<\/tbody>\n<\/table>\n<\/div>\n<div id=\"juillet\">\n<p class=\"center\"><a href=\"#mois\" class=\"mois\">Juillet <span class=\"no-print\">\ud83d\udc46\ud83c\udffd<\/span><\/a><\/p>\n<table>\n<tbody>\n<tr class=\"journee\">\n<td width=\"25%\">Dimanche 2<\/td>\n<td><a href=\"https:\/\/gaisgodillots-cv.fr\/?page_id=3497\">Dambach-la-Ville<\/a><\/td>\n<td>Marie-Agn\u00e8s<\/td>\n<\/tr>\n<tr class=\"demijournee\">\n<td width=\"25%\">Jeudi 6<\/td>\n<td><a href=\"https:\/\/gaisgodillots-cv.fr\/?page_id=3487\">Les \u00c9velines<br \/>La St\u00e9niole<\/a><\/td>\n<td>\u00c9dith et Dany<\/td>\n<\/tr>\n<tr class=\"journee\">\n<td width=\"25%\">Dimanche 9<\/td>\n<td><a href=\"https:\/\/gaisgodillots-cv.fr\/?page_id=3507\">G\u00e9rardmer<br \/>Les Xettes<br \/>Le Xett\u00e9<\/a><\/td>\n<td>Fran\u00e7oise et Jean-Louis<\/td>\n<\/tr>\n<tr class=\"demijournee\">\n<td width=\"25%\">Jeudi 13<\/td>\n<td><a href=\"https:\/\/gaisgodillots-cv.fr\/?page_id=3530\">Nayemont &#8211; Kichompr\u00e9<\/a><\/td>\n<td>Roger<\/td>\n<\/tr>\n<tr class=\"journee\">\n<td width=\"25%\">Dimanche 16<\/td>\n<td><a href=\"https:\/\/gaisgodillots-cv.fr\/?page_id=3541\">Les Balcons de Corcieux<br \/>Festi Forge<\/a><\/td>\n<td>Fran\u00e7oise et Jean-Louis<\/td>\n<\/tr>\n<tr class=\"demijournee\">\n<td width=\"25%\">Jeudi 20<\/td>\n<td><a href=\"https:\/\/gaisgodillots-cv.fr\/?page_id=3547\">Liezey<br \/>Champ de Laxet<\/a><\/td>\n<td>Ga\u00ebtane et Jacques<\/td>\n<\/tr>\n<tr bgcolor=\"#a68a64\">\n<td width=\"25%\">Dimanche 23<\/td>\n<td>Marche Populaire<\/td>\n<td>G\u00e9rardmer<\/td>\n<\/tr>\n<tr bgcolor=\"#a68a64\">\n<td width=\"25%\">Dimanche 30<\/td>\n<td>Marche Populaire<\/td>\n<td>Corcieux<\/td>\n<\/tr>\n<\/tbody>\n<\/table>\n<\/div>\n<div id=\"aout\">\n<p class=\"center\"><a href=\"#mois\" class=\"mois\">Ao\u00fbt <span class=\"no-print\">\ud83d\udc46\ud83c\udffd<\/span><\/a><\/p>\n<table>\n<tbody>\n<tr class=\"demijournee\">\n<td width=\"25%\">Jeudi 10<\/td>\n<td><a href=\"https:\/\/gaisgodillots-cv.fr\/?page_id=3592\">Les Cr\u00eates<br \/>Rendez-vous avec les Chamois<\/a><br \/><span class=\"infosrando\">Balade nocture<\/span><\/td>\n<td>Les Gais Godillots<\/td>\n<\/tr>\n<tr class=\"journee\">\n<td width=\"25%\">Dimanche 13<\/td>\n<td><a href=\"https:\/\/gaisgodillots-cv.fr\/?page_id=3269\">Steinbach<br \/>Mine Saint-Nicolas<\/a><\/td>\n<td>Patrick<\/td>\n<\/tr>\n<tr class=\"journee\">\n<td width=\"25%\">Dimanche 20<\/td>\n<td><a href=\"https:\/\/gaisgodillots-cv.fr\/?page_id=3584\">Remiremont &#8211; Le Parmont<\/a><\/td>\n<td>Fran\u00e7oise et Jean-Louis<\/td>\n<\/tr>\n<tr class=\"demijournee\">\n<td width=\"25%\">Jeudi 24<\/td>\n<td>Sentier des n\u00e9v\u00e9s<br \/><span class=\"alerte\">Randonn\u00e9e annul\u00e9e<\/span><\/td>\n<td>Roger<\/td>\n<\/tr>\n<tr class=\"journee\">\n<td width=\"25%\">Dimanche 27<\/td>\n<td><a href=\"https:\/\/gaisgodillots-cv.fr\/?page_id=3606\">Kastelberg<br \/>Le Markstein<\/a><\/td>\n<td>Jacqueline et Jean-Pierre<\/td>\n<\/tr>\n<\/tbody>\n<\/table>\n<\/div>\n<div id=\"septembre\">\n<p class=\"center\"><a href=\"#mois\" class=\"mois\">Septembre <span class=\"no-print\">\ud83d\udc46\ud83c\udffd<\/span><\/a><\/p>\n<table>\n<tbody>\n<tr class=\"journee\">\n<td width=\"25%\">Dimanche 3<\/td>\n<td><a href=\"https:\/\/gaisgodillots-cv.fr\/?page_id=3553\">Le Grand Valtin<br \/>S\u00e9richamp<\/a><\/td>\n<td>Jacquelines et Jean-Pierre<\/td>\n<\/tr>\n<tr class=\"demijournee\">\n<td width=\"25%\">Jeudi 7<\/td>\n<td><a href=\"https:\/\/gaisgodillots-cv.fr\/?page_id=3611\">Taintrux<\/a><\/td>\n<td>\u00c9lisabeth<\/td>\n<\/tr>\n<tr class=\"journee\">\n<td width=\"25%\">Dimanche 10<\/td>\n<td><a href=\"https:\/\/gaisgodillots-cv.fr\/?page_id=3617\">Le Petit Ballon face Sud<\/a><\/td>\n<td>Fran\u00e7oise et Jean-Louis<\/td>\n<\/tr>\n<tr class=\"demijournee\">\n<td width=\"25%\">Jeudi 14<\/td>\n<td><a href=\"https:\/\/gaisgodillots-cv.fr\/?page_id=3647\">Port autonome de Strasbourg<\/a><\/td>\n<td>Les Gais Godillots<\/td>\n<\/tr>\n<tr class=\"journee\">\n<td width=\"25%\">Dimanche 17<\/td>\n<td><a href=\"https:\/\/gaisgodillots-cv.fr\/?page_id=3629\">Gazon du Faing<\/a><\/td>\n<td>Jacqueline et Jean-Pierre<\/td>\n<\/tr>\n<tr class=\"demijournee\">\n<td width=\"25%\">Jeudi 21<\/td>\n<td><a href=\"https:\/\/gaisgodillots-cv.fr\/?page_id=3624\">G\u00e9rardmer &#8211; Grouvelin<\/a><\/td>\n<td>\u00c9dith et Dany<\/td>\n<\/tr>\n<tr class=\"journee\">\n<td width=\"25%\">Dimanche 24<\/td>\n<td><a href=\"https:\/\/gaisgodillots-cv.fr\/?page_id=3595\">Col de la Croix des Moinats<br \/>Haut du Roc<\/a><\/td>\n<td>Fran\u00e7oise et Jean-Louis<\/td>\n<\/tr>\n<tr class=\"demijournee\">\n<td width=\"25%\">Jeudi 28<\/td>\n<td><a href=\"https:\/\/gaisgodillots-cv.fr\/?page_id=3672\">Saint-Jean-du-March\u00e9<\/a><\/td>\n<td>\u00c9lisabeth<\/td>\n<\/tr>\n<\/tbody>\n<\/table>\n<\/div>\n<div id=\"octobre\">\n<p class=\"center\"><a href=\"#mois\" class=\"mois\">Octobre <span class=\"no-print\">\ud83d\udc46\ud83c\udffd<\/span><\/a><\/p>\n<table>\n<tbody>\n<tr class=\"journee\">\n<td width=\"25%\">Dimanche 1<\/td>\n<td><a href=\"https:\/\/gaisgodillots-cv.fr\/?page_id=3639\">Girmont &#8211; Val D&rsquo;Ajol<\/a><\/td>\n<td>Agn\u00e8s<\/td>\n<\/tr>\n<tr class=\"demijournee\">\n<td width=\"25%\">Jeudi 5<\/td>\n<td><a href=\"https:\/\/gaisgodillots-cv.fr\/?page_id=3654\">Tour d&rsquo;Osseux<\/a><\/td>\n<td>Agn\u00e8s<\/td>\n<\/tr>\n<tr class=\"journee\">\n<td width=\"25%\">Dimanche 8<\/td>\n<td><a href=\"https:\/\/gaisgodillots-cv.fr\/?page_id=3658\">Les Collieures &#8211; Narouel<\/a><\/td>\n<td>\u00c9dith et Dany<\/td>\n<\/tr>\n<tr class=\"journee\">\n<td width=\"25%\">Dimanche 15<\/td>\n<td><a href=\"https:\/\/gaisgodillots-cv.fr\/?page_id=3677\">Les Mille \u00c9tangs<br \/>Plateau des Grilloux<\/a><\/td>\n<td>Agn\u00e8s, Fran\u00e7oise et Jean-Louis<\/td>\n<\/tr>\n<\/tbody>\n<\/table>\n<\/div>\n<div id=\"novembre\">\n<p class=\"center\"><a href=\"#mois\" class=\"mois\">Novembre <span class=\"no-print\">\ud83d\udc46\ud83c\udffd<\/span><\/a><\/p>\n<table>\n<tbody>\n<tr class=\"demijournee\">\n<td width=\"25%\">Jeudi 16<\/td>\n<td><a href=\"https:\/\/gaisgodillots-cv.fr\/?page_id=3725\">Beaujolais nouveau<\/a><\/td>\n<td>Comit\u00e9<\/td>\n<\/tr>\n<\/tbody>\n<\/table>\n<\/div>\n<div id=\"decembre\">\n<p class=\"center\"><a href=\"#mois\" class=\"mois\">D\u00e9cembre <span class=\"no-print\">\ud83d\udc46\ud83c\udffd<\/span><\/a><\/p>\n<table>\n<tbody>\n<tr class=\"journee\">\n<td width=\"25%\">Dimanche 10<\/td>\n<td><a href=\"https:\/\/gaisgodillots-cv.fr\/?page_id=3739\">Champ de Roches<\/a><\/td>\n<td>Club Vosgien de Houdemont<\/td>\n<\/tr>\n<\/tbody>\n<\/table>\n<\/div>\n<\/div>\n","protected":false},"excerpt":{"rendered":"<p>Cliquer sur le mois \ud83d\udc47\ud83c\udffd Janvier &#8211; F\u00e9vrier &#8211; Mars &#8211; Avril &#8211; Mai &#8211; Juin &#8211; Juillet &#8211; Ao\u00fbt &#8211; Septembre &#8211; Octobre &#8211; Novembre &#8211; D\u00e9cembre Janvier Vendredi 13 Galette des rois Les Gais Godillots F\u00e9vrier \ud83d\udc46\ud83c\udffd Mercredi 8 Col de Grosse PierreRoche des BioquetsSortie Raquettes Fran\u00e7oise et Jean-Louis Jeudi 16 Col de &hellip; <a href=\"https:\/\/gaisgodillots-cv.fr\/?page_id=3252\" class=\"more-link\">Continuer la lecture<span class=\"screen-reader-text\"> de &laquo;&nbsp;Calendrier 2023&nbsp;&raquo;<\/span><\/a><\/p>\n","protected":false},"author":1,"featured_media":4810,"parent":0,"menu_order":0,"comment_status":"closed","ping_status":"closed","template":"","meta":{"_uag_custom_page_level_css":"","footnotes":""},"class_list":["post-3252","page","type-page","status-publish","has-post-thumbnail","hentry"],"uagb_featured_image_src":{"full":["https:\/\/gaisgodillots-cv.fr\/wp-content\/uploads\/cropped-Bandeau-Gais-Godillots.png",1200,532,false],"thumbnail":["https:\/\/gaisgodillots-cv.fr\/wp-content\/uploads\/cropped-Bandeau-Gais-Godillots-150x150.png",150,150,true],"medium":["https:\/\/gaisgodillots-cv.fr\/wp-content\/uploads\/cropped-Bandeau-Gais-Godillots-300x133.png",300,133,true],"medium_large":["https:\/\/gaisgodillots-cv.fr\/wp-content\/uploads\/cropped-Bandeau-Gais-Godillots-768x340.png",768,340,true],"large":["https:\/\/gaisgodillots-cv.fr\/wp-content\/uploads\/cropped-Bandeau-Gais-Godillots-1024x454.png",840,372,true],"1536x1536":["https:\/\/gaisgodillots-cv.fr\/wp-content\/uploads\/cropped-Bandeau-Gais-Godillots.png",1200,532,false],"2048x2048":["https:\/\/gaisgodillots-cv.fr\/wp-content\/uploads\/cropped-Bandeau-Gais-Godillots.png",1200,532,false],"gg_gallery_thumbnail":["https:\/\/gaisgodillots-cv.fr\/wp-content\/uploads\/cropped-Bandeau-Gais-Godillots-450x250.png",450,250,true],"post-thumbnail":["https:\/\/gaisgodillots-cv.fr\/wp-content\/uploads\/cropped-Bandeau-Gais-Godillots.png",1200,532,false]},"uagb_author_info":{"display_name":"admin4159","author_link":"https:\/\/gaisgodillots-cv.fr\/?author=1"},"uagb_comment_info":0,"uagb_excerpt":"Cliquer sur le mois \ud83d\udc47\ud83c\udffd Janvier &#8211; F\u00e9vrier &#8211; Mars &#8211; Avril &#8211; Mai &#8211; Juin &#8211; Juillet &#8211; Ao\u00fbt &#8211; Septembre &#8211; Octobre &#8211; Novembre &#8211; D\u00e9cembre Janvier Vendredi 13 Galette des rois Les Gais Godillots F\u00e9vrier \ud83d\udc46\ud83c\udffd Mercredi 8 Col de Grosse PierreRoche des BioquetsSortie Raquettes Fran\u00e7oise et Jean-Louis Jeudi 16 Col de\u2026","_links":{"self":[{"href":"https:\/\/gaisgodillots-cv.fr\/index.php?rest_route=\/wp\/v2\/pages\/3252","targetHints":{"allow":["GET"]}}],"collection":[{"href":"https:\/\/gaisgodillots-cv.fr\/index.php?rest_route=\/wp\/v2\/pages"}],"about":[{"href":"https:\/\/gaisgodillots-cv.fr\/index.php?rest_route=\/wp\/v2\/types\/page"}],"author":[{"embeddable":true,"href":"https:\/\/gaisgodillots-cv.fr\/index.php?rest_route=\/wp\/v2\/users\/1"}],"replies":[{"embeddable":true,"href":"https:\/\/gaisgodillots-cv.fr\/index.php?rest_route=%2Fwp%2Fv2%2Fcomments&post=3252"}],"version-history":[{"count":183,"href":"https:\/\/gaisgodillots-cv.fr\/index.php?rest_route=\/wp\/v2\/pages\/3252\/revisions"}],"predecessor-version":[{"id":6396,"href":"https:\/\/gaisgodillots-cv.fr\/index.php?rest_route=\/wp\/v2\/pages\/3252\/revisions\/6396"}],"wp:featuredmedia":[{"embeddable":true,"href":"https:\/\/gaisgodillots-cv.fr\/index.php?rest_route=\/wp\/v2\/media\/4810"}],"wp:attachment":[{"href":"https:\/\/gaisgodillots-cv.fr\/index.php?rest_route=%2Fwp%2Fv2%2Fmedia&parent=3252"}],"curies":[{"name":"wp","href":"https:\/\/api.w.org\/{rel}","templated":true}]}}