{"id":2850,"date":"2022-03-07T08:35:20","date_gmt":"2022-03-07T07:35:20","guid":{"rendered":"https:\/\/gaisgodillots-cv.fr\/?page_id=2850"},"modified":"2022-03-22T21:48:25","modified_gmt":"2022-03-22T20:48:25","slug":"assemblee-generale-2022","status":"publish","type":"page","link":"https:\/\/gaisgodillots-cv.fr\/?page_id=2850","title":{"rendered":"Assembl\u00e9e G\u00e9n\u00e9rale 2022"},"content":{"rendered":"\n\n\t\t<div id=\"wpgpxmaps_2850_2266169\" class=\"wpgpxmaps\">\n\t\t\t<div id=\"map_2850_2266169_cont\" style=\"width:100%; height:450px;position:relative\" >\n\t\t\t\t<div id=\"map_2850_2266169\" style=\"width:100%; height:450px\"><\/div>\n\t\t\t\t<div id=\"wpgpxmaps_2850_2266169_osm_footer\" class=\"wpgpxmaps_osm_footer\" style=\"display:none;\"><span> &copy; <a href=\"http:\/\/www.openstreetmap.org\/copyright\">OpenStreetMap<\/a> contributors<\/span><\/div>\n\t\t\t<\/div>\n\t\t\t<canvas id=\"myChart_2850_2266169\" class=\"plot\" style=\"width:100%; height:200px\"><\/canvas>\n\t\t\t<div id=\"ngimages_2850_2266169\" class=\"ngimages\" style=\"display:none\"><\/div>\n\t\t\t<div id=\"report_2850_2266169\" class=\"report\"><\/div>\n\t\t<\/div>\n\t\t\n\t\t<script type=\"text\/javascript\">\n\n\t\t\tjQuery(document).ready(function() {\n\n\t\t\t\tjQuery( \"#wpgpxmaps_2850_2266169\" ).wpgpxmaps( {\n\t\t\t\t\ttargetId           : \"2850_2266169\",\n\t\t\t\t\tmapType            : \"OSM3\",\n\t\t\t\t\tmapData            : [[48.1725504,6.8784081],[48.1725504,6.8784079],[48.1725474,6.8784073],[48.1725565,6.8785748],[48.1725895,6.8787534],[48.1726470,6.8787757],[48.1726570,6.8787802],[48.1727399,6.8788388],[48.1727924,6.8789106],[48.1729714,6.8789350],[48.1731652,6.8788913],[48.1732911,6.8788566],[48.1735333,6.8787958],[48.1738097,6.8787258],[48.1738516,6.8787176],[48.1740674,6.8786619],[48.1743397,6.8785657],[48.1745721,6.8785392],[48.1748026,6.8785400],[48.1751689,6.8784652],[48.1754981,6.8783825],[48.1757762,6.8783096],[48.1760369,6.8782482],[48.1763789,6.8781762],[48.1766727,6.8780985],[48.1768548,6.8780406],[48.1771207,6.8779635],[48.1774188,6.8778742],[48.1776583,6.8778071],[48.1779428,6.8777363],[48.1781812,6.8776808],[48.1784594,6.8776071],[48.1787641,6.8775186],[48.1790097,6.8774454],[48.1792152,6.8773507],[48.1792477,6.8770423],[48.1791335,6.8766936],[48.1789829,6.8762772],[48.1788285,6.8758844],[48.1786863,6.8754924],[48.1786315,6.8750668],[48.1786040,6.8745977],[48.1784714,6.8741709],[48.1782926,6.8737290],[48.1781459,6.8733161],[48.1780308,6.8729525],[48.1778759,6.8724522],[48.1777580,6.8720601],[48.1776196,6.8716581],[48.1774697,6.8712333],[48.1773404,6.8707920],[48.1772290,6.8703955],[48.1771145,6.8700099],[48.1770046,6.8696292],[48.1768466,6.8692265],[48.1767010,6.8689158],[48.1765217,6.8685686],[48.1763239,6.8682672],[48.1761738,6.8680714],[48.1759660,6.8678838],[48.1757530,6.8677154],[48.1755606,6.8675181],[48.1754468,6.8673841],[48.1754063,6.8673442],[48.1753957,6.8673118],[48.1753804,6.8672804],[48.1753854,6.8672932],[48.1753902,6.8672710],[48.1753786,6.8672812],[48.1753917,6.8672709],[48.1754398,6.8672039],[48.1754895,6.8670431],[48.1755823,6.8667755],[48.1756916,6.8664873],[48.1757786,6.8661677],[48.1759254,6.8658443],[48.1760873,6.8655706],[48.1762140,6.8653561],[48.1762199,6.8653448],[48.1762330,6.8653169],[48.1762398,6.8653027],[48.1763417,6.8650025],[48.1764531,6.8646459],[48.1766120,6.8643877],[48.1766286,6.8643675],[48.1768022,6.8641330],[48.1769695,6.8639231],[48.1771369,6.8636963],[48.1773296,6.8634307],[48.1774836,6.8631891],[48.1776665,6.8629070],[48.1778830,6.8626748],[48.1779385,6.8627059],[48.1781424,6.8627049],[48.1783042,6.8624990],[48.1783852,6.8621880],[48.1783641,6.8618677],[48.1782900,6.8615352],[48.1782101,6.8611762],[48.1781159,6.8608742],[48.1779687,6.8605499],[48.1778382,6.8602116],[48.1777409,6.8598998],[48.1776645,6.8595335],[48.1776098,6.8592079],[48.1775543,6.8591345],[48.1775098,6.8591155],[48.1774512,6.8591008],[48.1772430,6.8590807],[48.1770743,6.8590537],[48.1770681,6.8590518],[48.1770364,6.8590465],[48.1770249,6.8590424],[48.1770032,6.8590340],[48.1767839,6.8589478],[48.1765649,6.8588728],[48.1763043,6.8588399],[48.1760179,6.8588617],[48.1757855,6.8590104],[48.1756120,6.8592332],[48.1754365,6.8594689],[48.1752670,6.8596923],[48.1751206,6.8599086],[48.1750746,6.8599447],[48.1750685,6.8599573],[48.1750067,6.8600913],[48.1748972,6.8602673],[48.1747721,6.8605033],[48.1746110,6.8607158],[48.1746013,6.8607219],[48.1744657,6.8607923],[48.1743110,6.8608461],[48.1741638,6.8608737],[48.1741230,6.8608637],[48.1740777,6.8608571],[48.1740041,6.8608678],[48.1738049,6.8608975],[48.1736695,6.8609166],[48.1736269,6.8609408],[48.1734633,6.8610939],[48.1734482,6.8611121],[48.1734406,6.8611228],[48.1733023,6.8613247],[48.1732921,6.8614654],[48.1733593,6.8618288],[48.1733927,6.8620651],[48.1734631,6.8625295],[48.1735099,6.8628343],[48.1734844,6.8628641],[48.1734759,6.8628719],[48.1734086,6.8628981],[48.1733307,6.8628215],[48.1733351,6.8628674],[48.1733576,6.8629113],[48.1733339,6.8629401],[48.1732616,6.8630034],[48.1732447,6.8630192],[48.1731561,6.8630830],[48.1730014,6.8632109],[48.1728885,6.8633096],[48.1726398,6.8635267],[48.1724125,6.8637205],[48.1724043,6.8637533],[48.1723889,6.8637764],[48.1723756,6.8637908],[48.1723675,6.8638034],[48.1723605,6.8638165],[48.1723533,6.8638307],[48.1723465,6.8638465],[48.1723401,6.8638622],[48.1721775,6.8642307],[48.1721625,6.8642513],[48.1721556,6.8642661],[48.1721496,6.8642805],[48.1721434,6.8642933],[48.1719656,6.8645081],[48.1717495,6.8647523],[48.1716222,6.8651082],[48.1714345,6.8653891],[48.1712082,6.8654726],[48.1709383,6.8655021],[48.1706741,6.8655024],[48.1703454,6.8654097],[48.1702967,6.8653829],[48.1702880,6.8653742],[48.1702794,6.8653667],[48.1702697,6.8653582],[48.1702603,6.8653497],[48.1702511,6.8653419],[48.1700556,6.8651570],[48.1699484,6.8650561],[48.1699396,6.8650528],[48.1699304,6.8650446],[48.1699214,6.8650370],[48.1699122,6.8650295],[48.1699033,6.8650211],[48.1698944,6.8650128],[48.1698852,6.8650051],[48.1696867,6.8648461],[48.1694743,6.8647177],[48.1693497,6.8646995],[48.1693244,6.8646997],[48.1692920,6.8647074],[48.1690419,6.8648204],[48.1688543,6.8648965],[48.1686884,6.8649590],[48.1685033,6.8649038],[48.1683218,6.8647492],[48.1681876,6.8646607],[48.1679621,6.8645505],[48.1677422,6.8644592],[48.1675183,6.8643041],[48.1673936,6.8640465],[48.1672440,6.8637041],[48.1670358,6.8634707],[48.1668201,6.8633880],[48.1665803,6.8634534],[48.1663298,6.8635423],[48.1660752,6.8636477],[48.1658451,6.8637269],[48.1655982,6.8638171],[48.1653263,6.8639191],[48.1650806,6.8639665],[48.1648153,6.8639888],[48.1645377,6.8640207],[48.1643432,6.8640144],[48.1643352,6.8640498],[48.1643327,6.8640658],[48.1643355,6.8640703],[48.1643344,6.8640807],[48.1643158,6.8641221],[48.1643005,6.8641919],[48.1642640,6.8643408],[48.1642232,6.8644609],[48.1641886,6.8645673],[48.1641755,6.8646051],[48.1641305,6.8649780],[48.1642987,6.8653252],[48.1644832,6.8656704],[48.1646136,6.8658914],[48.1647608,6.8661791],[48.1649050,6.8665280],[48.1650268,6.8668355],[48.1650741,6.8669976],[48.1650631,6.8670409],[48.1650262,6.8670415],[48.1648933,6.8669810],[48.1648117,6.8669282],[48.1645614,6.8668194],[48.1643377,6.8667096],[48.1640959,6.8665773],[48.1638576,6.8664549],[48.1636762,6.8663830],[48.1636390,6.8663619],[48.1636293,6.8663579],[48.1636198,6.8663537],[48.1634024,6.8662810],[48.1631915,6.8662655],[48.1629678,6.8662990],[48.1627538,6.8662883],[48.1625306,6.8662516],[48.1623097,6.8662073],[48.1621142,6.8661647],[48.1620539,6.8661344],[48.1619463,6.8660576],[48.1617783,6.8659170],[48.1615426,6.8657327],[48.1613671,6.8656084],[48.1613525,6.8655953],[48.1613428,6.8655898],[48.1613237,6.8655800],[48.1610916,6.8654902],[48.1608501,6.8654029],[48.1606150,6.8653254],[48.1603852,6.8652626],[48.1601628,6.8652314],[48.1599790,6.8652511],[48.1598016,6.8652755],[48.1595639,6.8653254],[48.1593085,6.8653637],[48.1590462,6.8653548],[48.1587771,6.8653270],[48.1584995,6.8652655],[48.1583393,6.8652483],[48.1582490,6.8652289],[48.1582380,6.8652286],[48.1582261,6.8652282],[48.1582144,6.8652239],[48.1582027,6.8652175],[48.1581916,6.8652133],[48.1581802,6.8652104],[48.1581691,6.8652080],[48.1579188,6.8651536],[48.1576250,6.8650961],[48.1574110,6.8650032],[48.1572798,6.8649010],[48.1572387,6.8648844],[48.1571910,6.8648596],[48.1571931,6.8649448],[48.1572002,6.8649572],[48.1572129,6.8650232],[48.1572227,6.8650758],[48.1572589,6.8651870],[48.1573196,6.8653245],[48.1574027,6.8654876],[48.1575322,6.8656970],[48.1575700,6.8657601],[48.1575914,6.8657914],[48.1577384,6.8659833],[48.1578497,6.8662030],[48.1578991,6.8665195],[48.1579202,6.8668985],[48.1579672,6.8672742],[48.1580754,6.8676948],[48.1581894,6.8680471],[48.1582564,6.8683250],[48.1582105,6.8684871],[48.1581033,6.8686346],[48.1579334,6.8686983],[48.1577677,6.8686825],[48.1577487,6.8688153],[48.1577781,6.8689867],[48.1578227,6.8691846],[48.1579228,6.8693990],[48.1578718,6.8696433],[48.1578177,6.8697499],[48.1578547,6.8700115],[48.1579622,6.8702918],[48.1580803,6.8704204],[48.1581297,6.8704483],[48.1583175,6.8704583],[48.1583997,6.8704607],[48.1586026,6.8704931],[48.1589031,6.8704398],[48.1591347,6.8703533],[48.1593860,6.8702480],[48.1596695,6.8701734],[48.1599506,6.8700525],[48.1603150,6.8699616],[48.1606128,6.8700027],[48.1608811,6.8701280],[48.1611452,6.8704540],[48.1612881,6.8707303],[48.1613707,6.8708797],[48.1614977,6.8712397],[48.1615842,6.8715684],[48.1616285,6.8718481],[48.1616454,6.8721090],[48.1616441,6.8722879],[48.1616163,6.8725931],[48.1615878,6.8728721],[48.1615960,6.8731358],[48.1617279,6.8733255],[48.1619283,6.8734660],[48.1620290,6.8736085],[48.1620368,6.8736224],[48.1620486,6.8736294],[48.1620583,6.8736390],[48.1620674,6.8736499],[48.1620760,6.8736595],[48.1621262,6.8737302],[48.1621807,6.8737198],[48.1621717,6.8737089],[48.1621921,6.8736908],[48.1622025,6.8736816],[48.1622140,6.8736734],[48.1622255,6.8736656],[48.1622346,6.8736562],[48.1623818,6.8735214],[48.1626021,6.8733534],[48.1628147,6.8733486],[48.1628679,6.8734585],[48.1629564,6.8737520],[48.1629781,6.8741172],[48.1629530,6.8745621],[48.1629724,6.8749037],[48.1630381,6.8751775],[48.1631626,6.8754844],[48.1632998,6.8757680],[48.1634256,6.8760126],[48.1636105,6.8763874],[48.1638072,6.8767788],[48.1639500,6.8770786],[48.1641120,6.8774165],[48.1642405,6.8777644],[48.1644040,6.8781865],[48.1645857,6.8785036],[48.1647354,6.8787923],[48.1648591,6.8791752],[48.1649152,6.8795033],[48.1649575,6.8798312],[48.1652017,6.8800457],[48.1654847,6.8801059],[48.1657143,6.8801483],[48.1660991,6.8802067],[48.1664790,6.8801911],[48.1668585,6.8800513],[48.1671765,6.8800166],[48.1674516,6.8800091],[48.1676855,6.8799815],[48.1680156,6.8799866],[48.1683347,6.8800406],[48.1686412,6.8800833],[48.1690245,6.8801794],[48.1693414,6.8802458],[48.1694519,6.8803125],[48.1694537,6.8803144],[48.1694530,6.8803130],[48.1694516,6.8803068],[48.1694506,6.8803056],[48.1694107,6.8802544],[48.1693922,6.8802512],[48.1693382,6.8801651],[48.1693114,6.8800810],[48.1693099,6.8800660],[48.1693078,6.8800506],[48.1693024,6.8799457],[48.1693906,6.8798650],[48.1694277,6.8798398],[48.1696748,6.8797082],[48.1698396,6.8796089],[48.1700562,6.8795126],[48.1702878,6.8794019],[48.1705208,6.8792900],[48.1708021,6.8791478],[48.1709600,6.8790631],[48.1710264,6.8789859],[48.1711005,6.8789341],[48.1711109,6.8789238],[48.1711217,6.8789151],[48.1711335,6.8789065],[48.1711453,6.8788979],[48.1711548,6.8788879],[48.1712149,6.8788468],[48.1712270,6.8788377],[48.1714467,6.8786802],[48.1716709,6.8784724],[48.1718789,6.8783337],[48.1720780,6.8782046],[48.1721831,6.8782488],[48.1723022,6.8782978],[48.1723093,6.8783228],[48.1723130,6.8783386],[48.1723171,6.8783532],[48.1723683,6.8784556],[48.1723794,6.8784586],[48.1724576,6.8784393]],\n\t\t\t\t\tgraphDist          : [0.00,1.20,5.02,18.26,32.00,38.61,39.77,49.95,57.87,77.87,99.70,113.92,141.27,172.45,177.15,201.51,232.61,258.53,284.16,325.26,362.37,393.77,423.11,461.51,494.68,515.39,545.50,579.30,606.39,638.45,665.30,696.71,731.22,759.07,782.98,806.13,834.93,870.04,903.84,936.93,969.06,1003.97,1038.87,1077.19,1111.87,1141.71,1182.61,1214.49,1248.02,1283.66,1319.40,1351.29,1382.58,1413.34,1447.98,1476.13,1508.69,1540.04,1562.15,1589.12,1615.89,1641.80,1657.92,1663.36,1666.26,1669.16,1670.39,1672.12,1673.62,1675.51,1683.19,1696.41,1718.82,1743.42,1769.03,1798.03,1825.15,1846.40,1847.47,1850.00,1851.31,1876.28,1905.48,1931.53,1933.92,1959.91,1984.15,2009.24,2038.34,2063.12,2092.29,2121.89,2128.48,2151.23,2174.87,2199.70,2223.57,2249.60,2277.66,2302.40,2331.49,2360.48,2386.01,2414.47,2439.36,2447.61,2453.47,2460.07,2483.26,2502.43,2503.49,2507.47,2509.86,2512.83,2538.20,2563.17,2592.26,2624.18,2652.33,2677.76,2703.96,2729.06,2751.92,2757.69,2758.84,2770.93,2788.78,2811.16,2835.07,2836.23,2852.21,2869.91,2886.43,2891.09,2896.82,2905.04,2927.32,2942.45,2947.90,2969.49,2971.68,2972.86,2994.50,3005.02,3032.98,3050.89,3086.19,3109.38,3112.98,3114.10,3121.83,3132.18,3135.62,3139.75,3143.14,3152.45,3154.80,3165.73,3185.37,3199.90,3231.90,3260.98,3263.61,3266.04,3267.87,3269.17,3270.43,3271.75,3273.15,3274.51,3307.28,3309.54,3310.89,3312.15,3313.33,3338.71,3368.80,3398.75,3428.32,3454.30,3484.42,3513.81,3551.02,3556.79,3557.95,3559.06,3560.32,3561.54,3562.72,3588.42,3602.51,3604.16,3605.35,3606.50,3607.66,3608.83,3610.00,3611.17,3636.26,3661.89,3675.87,3678.70,3682.35,3711.45,3733.07,3752.36,3773.40,3796.65,3813.26,3839.70,3865.08,3892.61,3916.28,3946.78,3975.75,4000.63,4027.76,4056.47,4085.87,4112.14,4140.49,4171.71,4199.31,4228.89,4259.84,4281.60,4284.37,4285.66,4286.66,4287.68,4291.39,4296.83,4308.61,4318.60,4327.81,4331.03,4359.29,4391.16,4423.96,4445.84,4472.73,4503.17,4529.69,4542.81,4546.69,4551.40,4566.88,4576.77,4605.75,4631.95,4660.58,4688.67,4709.75,4714.24,4715.42,4716.55,4741.40,4764.99,4790.01,4813.90,4838.86,4863.69,4885.80,4892.93,4906.21,4927.60,4957.16,4978.89,4980.82,4982.04,4984.37,5011.08,5038.74,5065.55,5091.61,5116.65,5137.18,5157.14,5183.86,5212.55,5241.73,5271.72,5302.93,5320.79,5330.93,5332.15,5333.49,5334.84,5336.22,5337.51,5338.79,5340.04,5368.15,5401.10,5425.88,5442.31,5447.05,5452.66,5459.43,5460.78,5465.87,5469.92,5479.12,5491.37,5506.59,5527.77,5534.06,5537.39,5559.06,5579.52,5603.80,5632.10,5660.55,5694.10,5723.29,5745.36,5758.76,5775.21,5794.94,5813.68,5824.19,5837.70,5853.51,5873.18,5892.30,5902.23,5922.06,5946.06,5962.61,5968.60,5989.48,5998.63,6021.31,6054.95,6081.49,6110.50,6142.51,6175.02,6216.17,6249.43,6280.68,6318.75,6344.90,6359.36,6389.64,6415.88,6437.20,6456.66,6469.94,6492.80,6513.73,6533.41,6553.98,6578.76,6594.26,6595.62,6597.03,6598.33,6599.63,6600.82,6608.58,6614.71,6616.06,6618.69,6620.03,6621.45,6622.86,6624.08,6643.32,6670.89,6694.58,6704.66,6728.55,6755.74,6788.85,6814.28,6835.86,6862.50,6888.48,6911.38,6945.95,6982.30,7009.61,7040.47,7069.96,7106.15,7137.16,7164.27,7195.82,7220.94,7245.70,7277.20,7309.01,7334.75,7377.78,7420.08,7463.55,7499.03,7529.63,7555.72,7592.44,7628.17,7662.40,7705.62,7741.21,7754.52,7757.73,7761.13,7764.57,7767.57,7773.42,7775.48,7784.25,7791.23,7792.35,7793.54,7801.38,7812.97,7817.50,7846.65,7866.39,7891.52,7918.55,7945.75,7978.75,7997.43,8006.82,8015.94,8017.32,8018.70,8020.17,8021.63,8022.94,8030.29,8031.80,8058.94,8088.36,8113.79,8137.93,8150.06,8163.89,8166.14,8168.16,8169.58,8179.11,8180.38,8189.29],\n\t\t\t\t\tgraphEle           : [539.20,540.40,544.20,542.80,543.00,543.20,543.20,543.20,543.60,542.60,541.40,541.20,539.60,539.00,538.80,537.80,537.40,536.80,536.00,535.80,535.60,535.00,534.20,533.40,533.20,532.40,532.20,532.00,531.20,530.80,529.80,529.40,528.60,527.60,527.80,527.60,527.60,527.60,527.40,526.80,526.60,526.60,526.40,526.20,526.40,526.40,526.00,525.60,525.40,525.40,525.00,525.40,525.20,525.60,525.20,525.20,525.20,525.40,525.40,525.80,526.00,526.20,527.20,528.00,528.60,529.00,529.00,529.00,529.00,529.00,529.00,527.60,526.00,525.00,524.20,523.80,523.40,523.20,523.20,523.20,523.40,523.20,522.40,521.80,521.80,521.00,520.40,520.20,520.20,520.80,521.00,521.60,522.00,523.80,525.40,527.40,528.20,529.40,530.20,531.40,532.00,532.80,533.40,534.20,534.60,535.20,535.40,535.40,535.40,532.00,531.20,533.00,535.00,536.60,533.60,533.20,532.80,531.00,529.20,528.00,527.20,526.60,526.00,526.00,526.00,526.60,526.80,528.00,529.60,529.60,530.40,531.60,532.60,533.40,533.80,533.60,534.60,535.20,537.20,539.80,540.20,540.40,543.20,544.00,544.00,543.80,543.80,543.60,543.80,543.80,544.00,544.20,544.20,543.80,543.80,544.00,544.80,544.60,544.40,544.40,544.80,545.80,546.20,546.40,546.60,546.60,546.40,546.40,546.40,546.40,545.60,545.60,545.40,545.40,545.40,545.00,545.20,546.00,548.20,550.20,551.60,553.00,554.20,554.40,554.40,554.40,554.60,554.60,554.60,555.20,556.00,556.20,556.20,556.20,556.20,556.20,556.20,556.20,558.00,561.00,562.40,562.60,562.60,564.60,565.40,568.60,570.20,571.60,574.80,576.80,577.80,580.20,582.00,585.00,587.00,589.60,591.00,593.20,594.60,595.80,598.20,600.20,602.00,603.40,603.40,605.80,605.60,606.00,606.60,606.40,606.40,606.40,606.40,606.40,603.60,603.00,600.00,598.20,598.20,598.40,598.60,598.40,599.20,599.00,600.80,600.00,601.20,601.20,602.20,603.40,604.40,606.60,609.60,608.80,608.40,608.20,610.40,612.60,614.00,616.00,616.40,617.80,620.40,619.80,620.60,620.60,621.20,623.80,624.20,623.80,623.20,625.00,626.60,628.20,630.40,633.60,635.00,637.40,639.00,642.00,642.60,643.40,644.20,644.00,644.00,644.00,643.80,643.80,643.80,643.60,643.60,643.60,643.40,642.80,643.20,643.40,643.60,643.40,642.60,643.20,643.20,643.00,642.40,641.80,641.80,641.20,641.00,641.00,640.60,640.00,637.20,634.80,632.40,629.60,626.60,624.00,621.00,618.00,614.80,611.60,608.60,605.40,602.20,599.00,596.80,596.80,597.00,598.20,601.40,602.60,602.60,602.60,602.80,602.60,602.80,602.60,602.00,601.20,598.60,597.80,598.00,596.00,592.60,591.20,589.00,587.60,587.00,586.20,585.60,584.60,584.40,582.40,579.20,576.20,574.40,574.20,574.20,574.20,574.00,574.00,572.80,572.20,571.80,571.80,571.80,571.80,571.80,571.80,570.20,568.00,566.40,566.00,565.40,565.60,566.00,565.80,565.20,565.00,565.00,564.80,564.00,563.60,563.60,563.40,563.00,562.60,562.60,563.00,563.20,563.60,563.40,562.00,560.40,559.60,557.80,555.80,554.20,552.80,551.80,551.20,549.80,548.40,548.20,547.00,545.80,547.20,544.00,547.40,544.00,547.00,546.80,546.80,546.80,545.80,545.80,546.00,546.80,548.40,548.40,548.40,548.60,548.60,549.40,549.00,549.00,547.80,548.80,548.20,548.20,548.00,547.80,547.80,547.60,547.20,547.20,545.20,542.60,540.00,539.20,539.00,537.40,538.40,540.00,540.80,540.00,539.80,538.40],\n\t\t\t\t\tgraphSpeed         : [],\n\t\t\t\t\tgraphHr            : [],\n\t\t\t\t\tgraphAtemp         : [],\n\t\t\t\t\tgraphCad           : [],\n\t\t\t\t\tgraphGrade         : [],\n\t\t\t\t\twaypoints          : [],\n\t\t\t\t\tunit               : \"0\",\n\t\t\t\t\tunitspeed          : \"0\",\n\t\t\t\t\tcolor1             : [\"#3366cc\"],\n\t\t\t\t\tcolor2             : \"#3366cc\",\n\t\t\t\t\tcolor3             : \"#ff0000\",\n\t\t\t\t\tcolor4             : \"#ff77bd\",\n\t\t\t\t\tcolor5             : \"#beecff\",\n\t\t\t\t\tcolor6             : \"#beecff\",\n\t\t\t\t\tcolor7             : \"#ff77bd\",\n\t\t\t\t\tchartFrom1         : \"\",\n\t\t\t\t\tchartTo1           : \"\",\n\t\t\t\t\tchartFrom2         : \"\",\n\t\t\t\t\tchartTo2           : \"\",\n\t\t\t\t\tstartIcon          : \"\",\n\t\t\t\t\tendIcon            : \"\",\n\t\t\t\t\tcurrentIcon        : \"\",\n\t\t\t\t\twaypointIcon       : \"\",\n\t\t\t\t\tcurrentpositioncon : \"\",\n\t\t\t\t\tusegpsposition     : \"\",\n\t\t\t\t\tzoomOnScrollWheel  : \"\",\n\t\t\t\t\tngGalleries        : [],\n\t\t\t\t\tngImages           : [],\n\t\t\t\t\tpluginUrl          : \"https:\/\/gaisgodillots-cv.fr\/wp-content\/plugins\",\n\t\t\t\t\tTFApiKey           : \"e372c03c52d94b4b89f8175faf12b31e\",\n\t\t\t\t\tMapBoxApiKey           : \"\",\n\t\t\t\t\tlangs              : {\n\t\t\t\t\t\taltitude        : \"Altitude\",\n\t\t\t\t\t\tcurrentPosition : \"Current position\",\n\t\t\t\t\t\tspeed           : \"Vitesse\",\n\t\t\t\t\t\tgrade           : \"Grade\",\n\t\t\t\t\t\theartRate       : \"Fr\u00e9quence cardiaque\",\n\t\t\t\t\t\tatemp           : \"Temperature\",\n\t\t\t\t\t\tcadence         : \"Cadence\",\n\t\t\t\t\t\tgoFullScreen    : \"Go full screen\",\n\t\t\t\t\t\texitFullFcreen  : \"Exit full screen\",\n\t\t\t\t\t\thideImages      : \"Hide images\",\n\t\t\t\t\t\tshowImages      : \"Show images\",\n\t\t\t\t\t\tbackToCenter\t: \"Back to center\"\n\t\t\t\t\t}\n\t\t\t\t});\n\n\t\t\t});\n\n\t\t<\/script><div id='wpgpxmaps_summary_2850_2266169' class='wpgpxmaps_summary' style='text-align: center;'><span class='totlen'><span class='summarylabel'><br \/><h5>\ud83d\ude03 &nbsp; D\u00e9tails &nbsp; \ud83d\udd0d<\/h5>\ud83e\udd7e &nbsp; Distance &nbsp; \ud83d\udc49\ud83c\udffd &nbsp;<\/span><span class='summaryvalue' > 8189 m<\/span><\/span><br \/><br \/>\ud83c\udfd4\ufe0f &nbsp; Altitudes :<br \/><ul style='display:inline-block;' ><li><span class='maxele'><span class='summarylabel'>&nbsp; Maximale  &nbsp; \ud83d\udc49\ud83c\udffd &nbsp;<\/span><span class='summaryvalue'> 644 m<\/span><\/span><\/li><li><span class='minele'><span class='summarylabel'>&nbsp; Minimale  &nbsp; \ud83d\udc49\ud83c\udffd &nbsp;<\/span><span class='summaryvalue'> 520 m<\/span><\/span><\/li><\/ul><br \/><span class='totaleleup'><span class='summarylabel'>\ud83d\udc4d\ud83c\udffd &nbsp; D\u00e9nivel\u00e9 positif &nbsp; \ud83d\udc49\ud83c\udffd &nbsp;<\/span><span class='summaryvalue'> 192 m<\/span><\/span><br \/><br \/><\/div>\ud83d\uddfa\ufe0f &nbsp; Fichier GPX :<br \/>\ud83d\udcbe &nbsp; <a href='https:\/\/gaisgodillots-cv.fr\/.\/Images\/gpx\/Bas%20de%20La%20Goutte.GPX' target='_new' download>Bas%20de%20La%20Goutte.GPX<\/a><br \/><br \/>\n\n\n<div id=\"wpfp_0c1ad82578b5abf737b4517cc5ad6e70\" data-item=\"{&quot;sources&quot;:[{&quot;src&quot;:&quot;http:\\\/\\\/gaisgodillots-cv.fr\\\/Images\\\/AG2022.mp4&quot;,&quot;type&quot;:&quot;video\\\/mp4&quot;}],&quot;id&quot;:&quot;108&quot;}\" class=\"flowplayer no-brand is-splash is-paused skin-custom no-svg fp-full fp-edgy bottom-fs\" data-fv-embed=\"https:\/\/gaisgodillots-cv.fr\/?page_id=2850&amp;fv_player_embed=fvp-108\" style=\"position:relative; max-width: 960px; max-height: 540px; \" data-ratio=\"0.5625\">\n\t<div class=\"fp-ratio\" style=\"padding-top: 56.25%\"><\/div>\n\t<div class=\"fp-ui\"><noscript>Please enable JavaScript<\/noscript><div class=\"fp-play fp-visible\"><svg class=\"fp-play-sharp-fill\" xmlns=\"http:\/\/www.w3.org\/2000\/svg\" viewBox=\"0 0 100 100\"><defs><style>.fp-color-play{opacity:0.65;}.controlbutton{fill:#fff;}<\/style><\/defs><title>play-sharp-fill<\/title><path class=\"fp-color-play\" d=\"M49.9217-.078a50,50,0,1,0,50,50A50.0564,50.0564,0,0,0,49.9217-.078Z\"\/><polygon class=\"controlbutton\" points=\"73.601 50 37.968 70.573 37.968 29.427 73.601 50\" filter=\"url(#f1)\"\/><\/svg><\/div><div class=\"fp-preload\"><b><\/b><b><\/b><b><\/b><b><\/b><\/div><\/div>\n<div class='fvp-share-bar'><ul class=\"fvp-sharing\">\r\n    <li><a class=\"sharing-facebook\" href=\"https:\/\/www.facebook.com\/sharer\/sharer.php?u=https%3A%2F%2Fgaisgodillots-cv.fr%2F%3Fpage_id%3D2850\" target=\"_blank\"><\/a><\/li>\r\n    <li><a class=\"sharing-twitter\" href=\"https:\/\/twitter.com\/intent\/tweet?text=Les+Gais+Godillots+&url=https%3A%2F%2Fgaisgodillots-cv.fr%2F%3Fpage_id%3D2850\" target=\"_blank\"><\/a><\/li>\r\n    <li><a class=\"sharing-email\" href=\"mailto:?body=Check%20out%20the%20amazing%20video%20here%3A%20https%3A%2F%2Fgaisgodillots-cv.fr%2F%3Fpage_id%3D2850\" target=\"_blank\"><\/a><\/li><\/ul><div><a class=\"sharing-link\" href=\"https:\/\/gaisgodillots-cv.fr\/?page_id=2850\" target=\"_blank\">Link<\/a><\/div><div><label><a class=\"embed-code-toggle\" href=\"#\"><strong>Embed<\/strong><\/a><\/label><\/div><div class=\"embed-code\"><label>Copy and paste this HTML code into your webpage to embed.<\/label><textarea><\/textarea><\/div><\/div>\n<\/div>\n\n","protected":false},"excerpt":{"rendered":"","protected":false},"author":1,"featured_media":0,"parent":0,"menu_order":0,"comment_status":"closed","ping_status":"closed","template":"","meta":{"_uag_custom_page_level_css":"","footnotes":""},"class_list":["post-2850","page","type-page","status-publish","hentry"],"uagb_featured_image_src":{"full":false,"thumbnail":false,"medium":false,"medium_large":false,"large":false,"1536x1536":false,"2048x2048":false,"gg_gallery_thumbnail":false,"post-thumbnail":false},"uagb_author_info":{"display_name":"admin4159","author_link":"https:\/\/gaisgodillots-cv.fr\/?author=1"},"uagb_comment_info":0,"uagb_excerpt":null,"_links":{"self":[{"href":"https:\/\/gaisgodillots-cv.fr\/index.php?rest_route=\/wp\/v2\/pages\/2850","targetHints":{"allow":["GET"]}}],"collection":[{"href":"https:\/\/gaisgodillots-cv.fr\/index.php?rest_route=\/wp\/v2\/pages"}],"about":[{"href":"https:\/\/gaisgodillots-cv.fr\/index.php?rest_route=\/wp\/v2\/types\/page"}],"author":[{"embeddable":true,"href":"https:\/\/gaisgodillots-cv.fr\/index.php?rest_route=\/wp\/v2\/users\/1"}],"replies":[{"embeddable":true,"href":"https:\/\/gaisgodillots-cv.fr\/index.php?rest_route=%2Fwp%2Fv2%2Fcomments&post=2850"}],"version-history":[{"count":2,"href":"https:\/\/gaisgodillots-cv.fr\/index.php?rest_route=\/wp\/v2\/pages\/2850\/revisions"}],"predecessor-version":[{"id":2863,"href":"https:\/\/gaisgodillots-cv.fr\/index.php?rest_route=\/wp\/v2\/pages\/2850\/revisions\/2863"}],"wp:attachment":[{"href":"https:\/\/gaisgodillots-cv.fr\/index.php?rest_route=%2Fwp%2Fv2%2Fmedia&parent=2850"}],"curies":[{"name":"wp","href":"https:\/\/api.w.org\/{rel}","templated":true}]}}