{"id":2776,"date":"2021-12-21T14:00:54","date_gmt":"2021-12-21T13:00:54","guid":{"rendered":"https:\/\/gaisgodillots-cv.fr\/?page_id=2776"},"modified":"2026-04-01T14:47:28","modified_gmt":"2026-04-01T12:47:28","slug":"2022-2","status":"publish","type":"page","link":"https:\/\/gaisgodillots-cv.fr\/?page_id=2776","title":{"rendered":"Calendrier 2022"},"content":{"rendered":"<div id=\"mois\" class=\"no-print\">\n<p class=\"infostext\">Cliquer sur le mois \ud83d\udc47\ud83c\udffd<\/p>\n<p>\n<a href=\"#janvier\" class=\"mois\">Janvier<\/a> &#8211; <a href=\"#mars\" class=\"mois\">Mars<\/a> &#8211; <a href=\"#avril\" class=\"mois\">Avril<\/a> &#8211; <a href=\"#mai\" class=\"mois\">Mai<\/a> &#8211; <a href=\"#juin\" class=\"mois\">Juin<\/a> &#8211; <a href=\"#juillet\" class=\"mois\">Juillet<\/a> &#8211; <a href=\"#aout\" class=\"mois\">Ao\u00fbt<\/a> &#8211; <a href=\"#septembre\" class=\"mois\">Septembre<\/a> &#8211; <a href=\"#octobre\" class=\"mois\">Octobre<\/a> &#8211; <a href=\"#novembre\" class=\"mois\">Novembre<\/a>\n<\/p>\n<\/div>\n<div id=\"calendrier\">\n<div id=\"janvier\">\n<p class=\"center\"><a href=\"#mois\" class=\"mois\">Janvier<\/a><\/p>\n<table>\n<tr class=\"demijournee\">\n<td width=25%>Jeudi 13<\/td>\n<td><a href=\"https:\/\/gaisgodillots-cv.fr\/?page_id=2824\">Col de La Schlucht<br \/>Schanzwasen<a><\/td>\n<td>\u00c9dith et Dany<\/td>\n<\/tr>\n<\/table>\n<\/div>\n<div id=\"mars\">\n<p class=\"center\"><a href=\"#mois\" class=\"mois\">Mars <span class=\"no-print\">\ud83d\udc46\ud83c\udffd<\/span><\/a><\/p>\n<table>\n<tr>\n<td width=\"25%\">Dimanche 6<\/td>\n<td><a href=\"https:\/\/gaisgodillots-cv.fr\/?page_id=2850\">Assembl\u00e9e G\u00e9n\u00e9rale<\/a><\/td>\n<td>Les Gais Godillots<\/td>\n<\/tr>\n<tr class=\"demijournee\">\n<td width=25%>Jeudi 24<\/td>\n<td><a href=\"https:\/\/gaisgodillots-cv.fr\/?page_id=2865\">La Houssi\u00e8re<br \/>Borne VI<\/a><\/td>\n<td>Francine et Roger<\/td>\n<\/tr>\n<tr class=\"demijournee\">\n<td width=25%>Jeudi 31<\/td>\n<td><a href=\"https:\/\/gaisgodillots-cv.fr\/?page_id=2876\">La Chapelle-devant-Bruy\u00e8res<br \/>Massif de Bor\u00e9mont<\/a><\/td>\n<td>Michel<\/td>\n<\/tr>\n<\/table>\n<\/div>\n<div id=\"avril\">\n<p class=\"center\"><a href=\"#mois\" class=\"mois\">Avril <span class=\"no-print\">\ud83d\udc46\ud83c\udffd<\/span><\/a><\/p>\n<table>\n<tr>\n<td width=25%>Samedi 2<\/td>\n<td>Assembl\u00e9e G\u00e9n\u00e9rale du Club Vosgien<\/td>\n<td>Bruy\u00e8res<\/td>\n<\/tr>\n<tr class=\"journee\">\n<td width=25%>Dimanche 10<\/td>\n<td><a href=\"https:\/\/gaisgodillots-cv.fr\/?page_id=2897\">L\u00e9panges-sur-Vologne<br \/>La Haute Verri\u00e8re<\/a><\/td>\n<td>Philippe<\/td>\n<\/tr>\n<tr class=\"demijournee\">\n<td width=25%>Jeudi 14<\/td>\n<td><a href=\"https:\/\/gaisgodillots-cv.fr\/?page_id=2967\">Bas-Rupts<br \/>G\u00e9rardmer dans les Jonquilles<\/a><\/td>\n<td>Fran\u00e7oise et Jean-Louis<\/td>\n<\/tr>\n<tr class=\"journee\">\n<td width=25%>Dimanche 24<\/td>\n<td><a href=\"https:\/\/gaisgodillots-cv.fr\/?page_id=2982\">Les cerisiers de Fougerolles<\/a><\/td>\n<td>Fran\u00e7oise et Jean-Louis<\/td>\n<\/tr>\n<tr class=\"demijournee\">\n<td width=25%>Jeudi 28<\/td>\n<td><a href=\"https:\/\/gaisgodillots-cv.fr\/?page_id=2992\">La Chapelle-devant-Bruy\u00e8res<br \/>Roches de Bor\u00e9mont et H\u00e9rival<\/a><\/td>\n<td>Anne-Marie et Christian<\/td>\n<\/tr>\n<\/table>\n<\/div>\n<div id=\"mai\">\n<p class=\"center\"><a href=\"#mois\" class=\"mois\">Mai <span class=\"no-print\">\ud83d\udc46\ud83c\udffd<\/span><\/a><\/p>\n<table>\n<tr class=\"populaire\">\n<td width=25%>Dimanche 1<\/td>\n<td><a href=\"https:\/\/gaisgodillots-cv.fr\/?page_id=2888\">Le Tour du Kemberg<\/a><\/td>\n<td>Maryvonne et Bernard<\/td>\n<\/tr>\n<tr class=\"journee\">\n<td width=25%>Dimanche 8<\/td>\n<td><a href=\"https:\/\/gaisgodillots-cv.fr\/?page_id=2996\">Lac de Constance<\/a><\/td>\n<td>Fran\u00e7oise et Jean-Louis<\/td>\n<\/tr>\n<tr class=\"demijournee\">\n<td width=25%>Jeudi 12<\/td>\n<td><a href=\"https:\/\/gaisgodillots-cv.fr\/?page_id=2999\">Fraize<\/a><br \/><span class=\"infosrando\">Sortie Botanique<\/span><\/td>\n<td>Fran\u00e7ois V.<\/td>\n<\/tr>\n<tr class=\"journee\">\n<td width=25%>Dimanche 15<\/td>\n<td><a href=\"https:\/\/gaisgodillots-cv.fr\/?page_id=3015\">Le Donon et ses casemates<\/a><\/td>\n<td>\u00c9dith et Dany<\/td>\n<\/tr>\n<tr class=\"demijournee\">\n<td width=25%>Jeudi 19<\/td>\n<td><a href=\"https:\/\/gaisgodillots-cv.fr\/?page_id=3006\">Ban-sur-Meurthe-Clefcy<\/a><\/td>\n<td>Jacqueline et Jean-Pierre<\/td>\n<\/tr>\n<tr class=\"journee\">\n<td width=25%>Jeudi 26<\/td>\n<td><a href=\"https:\/\/gaisgodillots-cv.fr\/?page_id=2802\">Saint-Pierre-Bois<\/a><\/td>\n<td>Patrick<\/td>\n<\/tr>\n<\/table>\n<p><a href=\"https:\/\/gaisgodillots-cv.fr\/?page_id=3066\"><strong>Escapade dans le Massif Central du 30 Mai au 4 Juin<\/strong><\/a><\/p>\n<\/div>\n<div id=\"juin\">\n<p class=\"center\"><a href=\"#mois\" class=\"mois\">Juin <span class=\"no-print\">\ud83d\udc46\ud83c\udffd<\/span><\/a><\/p>\n<table>\n<tr class=\"demijournee\">\n<td width=25%>Jeudi 9<\/td>\n<td><a href=\"https:\/\/gaisgodillots-cv.fr\/?page_id=2893\">Les Jumeaux<br \/>Saint-Michel-sur-Meurthe<\/a><\/td>\n<td>\u00c9dith et Dany<\/td>\n<\/tr>\n<tr class=\"journee\">\n<td width=25%>Dimanche 12<\/td>\n<td><a href=\"https:\/\/gaisgodillots-cv.fr\/?page_id=3034\">Lacs des Cr\u00eates<\/a><\/td>\n<td>Jacqueline et Jean-Pierre<\/td>\n<\/tr>\n<tr class=\"demijournee\">\n<td width=25%>Jeudi 16<\/td>\n<td><a href=\"https:\/\/gaisgodillots-cv.fr\/?page_id=3046\">Le Trou de l\u2019Enfer<\/a><\/td>\n<td>Jacqueline et Jean-Pierre<\/td>\n<\/tr>\n<tr class=\"populaire\">\n<td width=25%>Dimanche 26<\/td>\n<td><a href=\"https:\/\/gaisgodillots-cv.fr\/?page_id=3074\">Marche Populaire<\/a><\/td>\n<td>Gerb\u00e9pal<\/td>\n<\/tr>\n<\/table>\n<\/div>\n<div id=\"juillet\">\n<p class=\"center\"><a href=\"#mois\" class=\"mois\">Juillet <span class=\"no-print\">\ud83d\udc46\ud83c\udffd<\/span><\/a><\/p>\n<table>\n<tr class=\"journee\">\n<td width=25%>Dimanche 3<\/td>\n<td><a href=\"https:\/\/gaisgodillots-cv.fr\/?page_id=3077\">Ventron<\/a><\/td>\n<td>Fran\u00e7oise et Jean-Louis<\/td>\n<\/tr>\n<tr class=\"journee\">\n<td width=25%>Dimanche 10<\/td>\n<td><a href=\"https:\/\/gaisgodillots-cv.fr\/?page_id=3081\">Saint Di\u00e9<br \/>Massif de La Madeleine<\/a><\/td>\n<td>\u00c9dith et Dany<\/td>\n<\/tr>\n<tr class=\"journee\">\n<td width=25%>Dimanche 17<\/td>\n<td><a href=\"https:\/\/gaisgodillots-cv.fr\/?page_id=2841\">Wattwiller<br \/>Hartmannswillerkopf<\/a><\/td>\n<td>Patrick<\/td>\n<\/tr>\n<tr class=\"demijournee\">\n<td width=25%>Jeudi 21<\/td>\n<td><a href=\"https:\/\/gaisgodillots-cv.fr\/?page_id=3105\">Roche Fouchon<\/a><\/td>\n<td>Michel et Philippe<\/td>\n<\/tr>\n<tr class=\"populaire\">\n<td width=25%>Samedi 23<\/td>\n<td>Marche Populaire<\/td>\n<td>G\u00e9rardmer<\/td>\n<\/tr>\n<tr class=\"journee\">\n<td width=25%>Dimanche 24<\/td>\n<td><a href=\"https:\/\/gaisgodillots-cv.fr\/?page_id=3102\">Le train de la Doller<\/a><\/td>\n<td>Fran\u00e7oise et Jean-Louis<\/td>\n<\/tr>\n<tr class=\"demijournee\">\n<td width=25%>Jeudi 28<\/td>\n<td><a href=\"https:\/\/gaisgodillots-cv.fr\/?page_id=3118\">Col d\u2019Osseux<br \/>Roche des F\u00e9es<\/a><\/td>\n<td>\u00c9dith et Dany<\/td>\n<\/tr>\n<tr class=\"populaire\">\n<td width=25%>Dimanche 31<\/td>\n<td><a href=\"https:\/\/gaisgodillots-cv.fr\/?page_id=3116\">Marche Populaire<\/a><\/td>\n<td>Corcieux<\/td>\n<\/tr>\n<\/table>\n<\/div>\n<div id=\"aout\">\n<p class=\"center\"><a href=\"#mois\" class=\"mois\">Ao\u00fbt <span class=\"no-print\">\ud83d\udc46\ud83c\udffd<\/span><\/a><\/p>\n<table>\n<tr class=\"journee\">\n<td width=25%>Dimanche 7<\/td>\n<td><a href=\"https:\/\/gaisgodillots-cv.fr\/?page_id=2783\">Osenbach<br \/>Firstplan<br \/>Wasserbourg<a><\/td>\n<td>Patrick<\/td>\n<\/tr>\n<tr class=\"demijournee\">\n<td width=25%>Jeudi 11<\/td>\n<td><a href=\"https:\/\/gaisgodillots-cv.fr\/?page_id=3138\">Le Hohneck<\/a><br \/><span class=\"infosrando\">Balade nocture<\/span><\/td>\n<td>Fran\u00e7oise et Jean-Louis<\/td>\n<\/tr>\n<tr class=\"journee\">\n<td width=25%>Dimanche 14<\/td>\n<td><a href=\"https:\/\/gaisgodillots-cv.fr\/?page_id=3133\">Belbriette<\/a><\/td>\n<td>Fran\u00e7oise et Jean-Louis<\/td>\n<\/tr>\n<tr class=\"populaire\">\n<td width=25%>Lundi 15<\/td>\n<td><a href=\"https:\/\/gaisgodillots-cv.fr\/?page_id=3157\">Marche populaire<\/a><\/td>\n<td>Fraize<\/td>\n<\/tr>\n<tr class=\"journee\">\n<td width=25%>Dimanche 21<\/td>\n<td><a href=\"https:\/\/gaisgodillots-cv.fr\/?page_id=2811\">Turckheim &#8211; Galtz<\/a><\/td>\n<td>Michel et Patrick<\/td>\n<\/tr>\n<tr class=\"demijournee\">\n<td width=25%>Jeudi 25<\/td>\n<td><a href=\"https:\/\/gaisgodillots-cv.fr\/?page_id=3128\">Le Grand Valtin<br \/>S\u00e9richamp<\/a><\/td>\n<td>Agn\u00e8s et Michel<\/td>\n<\/tr>\n<tr class=\"journee\">\n<td width=25%>Dimanche 28<\/td>\n<td><a href=\"https:\/\/gaisgodillots-cv.fr\/?page_id=3145\">Le Hohwald<br \/>Champ du Feu<\/a><\/td>\n<td>Fran\u00e7oise et Jean-Louis<\/td>\n<\/tr>\n<\/table>\n<\/div>\n<div id=\"septembre\">\n<p class=\"center\"><a href=\"#mois\" class=\"mois\">Septembre <span class=\"no-print\">\ud83d\udc46\ud83c\udffd<\/span><\/a><\/p>\n<table>\n<tr class=\"demijournee\">\n<td width=25%>Jeudi 1<\/td>\n<td><a href=\"https:\/\/gaisgodillots-cv.fr\/?page_id=3181\">La Chapelle-devant-Bruy\u00e8res<\/a><\/td>\n<td>Michel<\/td>\n<\/tr>\n<tr class=\"journee\">\n<td width=25%>Dimanche 4<\/td>\n<td><a href=\"https:\/\/gaisgodillots-cv.fr\/?page_id=3166\">Xonrupt &#8211; Longemer<\/a><font color=#e06000><\/font><\/td>\n<td>Fran\u00e7oise et Jean-Louis<\/td>\n<\/tr>\n<tr class=\"demijournee\">\n<td width=25%>Jeudi 8<\/td>\n<td><a href=\"https:\/\/gaisgodillots-cv.fr\/?page_id=3189\">Le Haut du T\u00f4t<\/a><\/td>\n<td>Francine et Roger<\/td>\n<\/tr>\n<tr class=\"journee\">\n<td width=25%>Dimanche 11<\/td>\n<td><a href=\"https:\/\/gaisgodillots-cv.fr\/?page_id=3159\">Autour de G\u00e9rardmer<\/a><\/td>\n<td>Jacqueline et Jean-Pierre<\/td>\n<\/tr>\n<tr class=\"journee\">\n<td width=25%>Dimanche 25<\/td>\n<td><a href=\"https:\/\/gaisgodillots-cv.fr\/?page_id=3161\">Le Petit Ballon<\/a><\/td>\n<td>Jacqueline et Jean-Pierre<\/td>\n<\/tr>\n<\/table>\n<\/div>\n<div id=\"octobre\">\n<p class=\"center\"><a href=\"#mois\" class=\"mois\">Octobre <span class=\"no-print\">\ud83d\udc46\ud83c\udffd<\/span><\/a><\/p>\n<table>\n<tbody>\n<tr class=\"journee\">\n<td width=\"25%\">Dimanche 2<\/td>\n<td><a href=\"https:\/\/gaisgodillots-cv.fr\/?page_id=3215\">Wissembourg<br \/>Chemin des Cimes<br \/>Ligne Maginot<\/a><\/td>\n<td>Fran\u00e7oise et Jean-Louis<\/td>\n<\/tr>\n<tr class=\"journee\">\n<td width=\"25%\">Dimanche 9<\/td>\n<td><a href=\"https:\/\/gaisgodillots-cv.fr\/?page_id=2883\">Le Droit de La Bresse<\/a><\/td>\n<td>\u00c9dith et Dany<\/td>\n<\/tr>\n<tr class=\"journee\">\n<td width=\"25%\">Dimanche 16<\/td>\n<td><a href=\"https:\/\/gaisgodillots-cv.fr\/?page_id=3223\">Les Mille \u00c9tangs<\/a><\/td>\n<td>Agn\u00e8s<\/td>\n<\/tr>\n<\/tbody>\n<\/table>\n<\/div>\n<div id=\"novembre\">\n<p class=\"center\"><a href=\"#mois\" class=\"mois\">Novembre <span class=\"no-print\">\ud83d\udc46\ud83c\udffd<\/span><\/a><\/p>\n<table>\n<tr class=\"demijournee\">\n<td width=25%>Jeudi 17<\/td>\n<td><a href=\"https:\/\/gaisgodillots-cv.fr\/?page_id=3236\">Beaujolais nouveau<\/a><\/td>\n<td>Comit\u00e9<\/td>\n<\/tr>\n<\/table>\n<\/div>\n<\/div>\n","protected":false},"excerpt":{"rendered":"<p>Cliquer sur le mois \ud83d\udc47\ud83c\udffd Janvier &#8211; Mars &#8211; Avril &#8211; Mai &#8211; Juin &#8211; Juillet &#8211; Ao\u00fbt &#8211; Septembre &#8211; Octobre &#8211; Novembre Janvier Jeudi 13 Col de La SchluchtSchanzwasen \u00c9dith et Dany Mars \ud83d\udc46\ud83c\udffd Dimanche 6 Assembl\u00e9e G\u00e9n\u00e9rale Les Gais Godillots Jeudi 24 La Houssi\u00e8reBorne VI Francine et Roger Jeudi 31 La Chapelle-devant-Bruy\u00e8resMassif &hellip; <a href=\"https:\/\/gaisgodillots-cv.fr\/?page_id=2776\" class=\"more-link\">Continuer la lecture<span class=\"screen-reader-text\"> de &laquo;&nbsp;Calendrier 2022&nbsp;&raquo;<\/span><\/a><\/p>\n","protected":false},"author":1,"featured_media":4810,"parent":0,"menu_order":0,"comment_status":"closed","ping_status":"closed","template":"","meta":{"_uag_custom_page_level_css":"","footnotes":""},"class_list":["post-2776","page","type-page","status-publish","has-post-thumbnail","hentry"],"uagb_featured_image_src":{"full":["https:\/\/gaisgodillots-cv.fr\/wp-content\/uploads\/cropped-Bandeau-Gais-Godillots.png",1200,532,false],"thumbnail":["https:\/\/gaisgodillots-cv.fr\/wp-content\/uploads\/cropped-Bandeau-Gais-Godillots-150x150.png",150,150,true],"medium":["https:\/\/gaisgodillots-cv.fr\/wp-content\/uploads\/cropped-Bandeau-Gais-Godillots-300x133.png",300,133,true],"medium_large":["https:\/\/gaisgodillots-cv.fr\/wp-content\/uploads\/cropped-Bandeau-Gais-Godillots-768x340.png",768,340,true],"large":["https:\/\/gaisgodillots-cv.fr\/wp-content\/uploads\/cropped-Bandeau-Gais-Godillots-1024x454.png",840,372,true],"1536x1536":["https:\/\/gaisgodillots-cv.fr\/wp-content\/uploads\/cropped-Bandeau-Gais-Godillots.png",1200,532,false],"2048x2048":["https:\/\/gaisgodillots-cv.fr\/wp-content\/uploads\/cropped-Bandeau-Gais-Godillots.png",1200,532,false],"gg_gallery_thumbnail":["https:\/\/gaisgodillots-cv.fr\/wp-content\/uploads\/cropped-Bandeau-Gais-Godillots-450x250.png",450,250,true],"post-thumbnail":["https:\/\/gaisgodillots-cv.fr\/wp-content\/uploads\/cropped-Bandeau-Gais-Godillots.png",1200,532,false]},"uagb_author_info":{"display_name":"admin4159","author_link":"https:\/\/gaisgodillots-cv.fr\/?author=1"},"uagb_comment_info":0,"uagb_excerpt":"Cliquer sur le mois \ud83d\udc47\ud83c\udffd Janvier &#8211; Mars &#8211; Avril &#8211; Mai &#8211; Juin &#8211; Juillet &#8211; Ao\u00fbt &#8211; Septembre &#8211; Octobre &#8211; Novembre Janvier Jeudi 13 Col de La SchluchtSchanzwasen \u00c9dith et Dany Mars \ud83d\udc46\ud83c\udffd Dimanche 6 Assembl\u00e9e G\u00e9n\u00e9rale Les Gais Godillots Jeudi 24 La Houssi\u00e8reBorne VI Francine et Roger Jeudi 31 La Chapelle-devant-Bruy\u00e8resMassif\u2026","_links":{"self":[{"href":"https:\/\/gaisgodillots-cv.fr\/index.php?rest_route=\/wp\/v2\/pages\/2776","targetHints":{"allow":["GET"]}}],"collection":[{"href":"https:\/\/gaisgodillots-cv.fr\/index.php?rest_route=\/wp\/v2\/pages"}],"about":[{"href":"https:\/\/gaisgodillots-cv.fr\/index.php?rest_route=\/wp\/v2\/types\/page"}],"author":[{"embeddable":true,"href":"https:\/\/gaisgodillots-cv.fr\/index.php?rest_route=\/wp\/v2\/users\/1"}],"replies":[{"embeddable":true,"href":"https:\/\/gaisgodillots-cv.fr\/index.php?rest_route=%2Fwp%2Fv2%2Fcomments&post=2776"}],"version-history":[{"count":152,"href":"https:\/\/gaisgodillots-cv.fr\/index.php?rest_route=\/wp\/v2\/pages\/2776\/revisions"}],"predecessor-version":[{"id":6397,"href":"https:\/\/gaisgodillots-cv.fr\/index.php?rest_route=\/wp\/v2\/pages\/2776\/revisions\/6397"}],"wp:featuredmedia":[{"embeddable":true,"href":"https:\/\/gaisgodillots-cv.fr\/index.php?rest_route=\/wp\/v2\/media\/4810"}],"wp:attachment":[{"href":"https:\/\/gaisgodillots-cv.fr\/index.php?rest_route=%2Fwp%2Fv2%2Fmedia&parent=2776"}],"curies":[{"name":"wp","href":"https:\/\/api.w.org\/{rel}","templated":true}]}}