{"id":2327,"date":"2021-02-01T15:55:51","date_gmt":"2021-02-01T14:55:51","guid":{"rendered":"http:\/\/gaisgodillots-cv.fr\/?page_id=2327"},"modified":"2026-04-01T14:48:04","modified_gmt":"2026-04-01T12:48:04","slug":"2021-2","status":"publish","type":"page","link":"https:\/\/gaisgodillots-cv.fr\/?page_id=2327","title":{"rendered":"Calendrier 2021"},"content":{"rendered":"<div id=\"mois\" class=\"no-print\">\n<p class=\"infostext\">Cliquer sur le mois \ud83d\udc47\ud83c\udffd<\/p>\n<p><a class=\"mois\" href=\"#mai\">Mai<\/a> &#8211; <a class=\"mois\" href=\"#juin\">Juin<\/a> &#8211; <a class=\"mois\" href=\"#juillet\">Juillet<\/a> &#8211; <a class=\"mois\" href=\"#aout\">Ao\u00fbt<\/a> &#8211; <a class=\"mois\" href=\"#septembre\">Septembre<\/a> &#8211; <a class=\"mois\" href=\"#octobre\">Octobre<\/a> &#8211; <a class=\"mois\" href=\"#novembre\">Novembre<\/a><\/p>\n<\/div>\n<div id=\"calendrier\">\n<div id=\"mai\">\n<p style=\"font-size: 120%; text-align: center; color: #333d29; font-weight: bold;\"><a class=\"mois\" href=\"#mois\">Mai<\/a><\/p>\n<table>\n<tbody>\n<tr class=\"journee\">\n<td width=\"25%\">Dimanche 23<\/td>\n<td><a href=\"https:\/\/gaisgodillots-cv.fr\/?page_id=2362\">Les Champis<br \/>Roches Beuty<\/a><\/td>\n<td>Fran\u00e7oise et Jean-Louis<\/td>\n<\/tr>\n<tr class=\"demijournee\">\n<td width=\"25%\">Jeudi 27<\/td>\n<td><a href=\"https:\/\/gaisgodillots-cv.fr\/?page_id=2382\">Celles-sur-Plaine<\/a><br \/><span class=\"infosrando\">Sortie Botanique<\/span><\/td>\n<td>Fran\u00e7ois V.<\/td>\n<\/tr>\n<tr class=\"journee\">\n<td width=\"25%\">Dimanche 30<\/td>\n<td><a href=\"https:\/\/gaisgodillots-cv.fr\/?page_id=2376\">Martimpr\u00e9<\/a><\/td>\n<td>Michel, Patrick et Philippe<\/td>\n<\/tr>\n<\/tbody>\n<\/table>\n<\/div>\n<div id=\"juin\">\n<p class=\"center\"><a class=\"mois\" href=\"#mois\">Juin <span class=\"no-print\">\ud83d\udc46\ud83c\udffd<\/span><\/a><\/p>\n<table>\n<tbody>\n<tr class=\"journee\">\n<td width=\"25%\">Dimanche 6<\/td>\n<td><a href=\"https:\/\/gaisgodillots-cv.fr\/?page_id=2390\">Bouzey<\/a><\/td>\n<td>Fran\u00e7oise et Jean-Louis<\/td>\n<\/tr>\n<tr class=\"journee\">\n<td width=\"25%\">Dimanche 13<\/td>\n<td><a href=\"https:\/\/gaisgodillots-cv.fr\/?page_id=2331\">Soultzmatt<br \/>Schwartzenthann<\/a><\/td>\n<td>Patrick<\/td>\n<\/tr>\n<tr class=\"demijournee\">\n<td width=\"25%\">Jeudi 24<\/td>\n<td><a href=\"https:\/\/gaisgodillots-cv.fr\/?page_id=2484\">La Chapelle-devant-Bruy\u00e8res<\/a><\/td>\n<td>Michel<\/td>\n<\/tr>\n<tr class=\"journee\">\n<td width=\"25%\">Dimanche 27<\/td>\n<td><a href=\"https:\/\/gaisgodillots-cv.fr\/?page_id=2479\">Le Champ du Feu<\/a><\/td>\n<td>Marie-Agn\u00e8s<\/td>\n<\/tr>\n<\/tbody>\n<\/table>\n<\/div>\n<div id=\"juillet\">\n<p class=\"center\"><a class=\"mois\" href=\"#mois\">Juillet <span class=\"no-print\">\ud83d\udc46\ud83c\udffd<\/span><\/a><\/p>\n<table>\n<tbody>\n<tr class=\"journee\">\n<td width=\"25%\">Dimanche 4<\/td>\n<td><a href=\"https:\/\/gaisgodillots-cv.fr\/?page_id=2493\">\u00cele du Rhin<br \/>Breisach<\/a><\/td>\n<td>Fran\u00e7oise et Jean-Louis<\/td>\n<\/tr>\n<tr class=\"journee\">\n<td width=\"25%\">Dimanche 11<\/td>\n<td><a href=\"https:\/\/gaisgodillots-cv.fr\/?page_id=2500\">Cascade du Nideck<\/a><\/td>\n<td>Michel<\/td>\n<\/tr>\n<tr class=\"populaire\">\n<td width=\"25%\">Samedi 17<br \/>Dimanche 18<\/td>\n<td>Marche Populaire<\/td>\n<td>G\u00e9rardmer<\/td>\n<\/tr>\n<tr class=\"demijournee\">\n<td width=\"25%\">Jeudi 22<\/td>\n<td><a href=\"https:\/\/gaisgodillots-cv.fr\/?page_id=2561\">Roche du Point du Jour<\/a><\/td>\n<td>Philippe<\/td>\n<\/tr>\n<tr class=\"journee\">\n<td width=\"25%\">Dimanche 25<\/td>\n<td><a href=\"https:\/\/gaisgodillots-cv.fr\/?page_id=2567\">Breitfirst<br \/>Les Cr\u00eates<\/a><\/td>\n<td>Fran\u00e7oise et Jean-Louis<\/td>\n<\/tr>\n<tr class=\"demijournee\">\n<td width=\"25%\">Jeudi 29<\/td>\n<td><a href=\"https:\/\/gaisgodillots-cv.fr\/?page_id=2580\">La Bresse<br \/>Sentier du Textile<\/a><\/td>\n<td>\u00c9dith et Dany<\/td>\n<\/tr>\n<\/tbody>\n<\/table>\n<\/div>\n<div id=\"aout\">\n<p class=\"center\"><a class=\"mois\" href=\"#mois\">Ao\u00fbt <span class=\"no-print\">\ud83d\udc46\ud83c\udffd<\/span><\/a><\/p>\n<table>\n<tbody>\n<tr class=\"journee\">\n<td width=\"25%\">Dimanche 1<\/td>\n<td><a href=\"https:\/\/gaisgodillots-cv.fr\/?page_id=2584\">Lutzelbourg<br \/>Plan inclin\u00e9<\/a><\/td>\n<td>Fran\u00e7oise et Jean-Louis<\/td>\n<\/tr>\n<tr class=\"journee\">\n<td width=\"25%\">Dimanche 8<\/td>\n<td><a href=\"https:\/\/gaisgodillots-cv.fr\/?page_id=2406\">Husseren-L\u00e8s-Ch\u00e2teaux<br \/>Hohlandsbourg<\/a><\/td>\n<td>Patrick<\/td>\n<\/tr>\n<tr class=\"demijournee\">\n<td width=\"25%\">Jeudi 12<\/td>\n<td><a href=\"https:\/\/gaisgodillots-cv.fr\/?page_id=2609\">Soir\u00e9e d\u2019\u00e9t\u00e9 au Hohneck<\/a><br \/><span class=\"infosrando\">Balade nocture<\/span><\/td>\n<td>Fran\u00e7oise et Jean-Louis<\/td>\n<\/tr>\n<tr class=\"demijournee\">\n<td width=\"25%\">Jeudi 19<\/td>\n<td><a href=\"https:\/\/gaisgodillots-cv.fr\/?page_id=2614\">Bellegoutte<br \/>Les Collieures<\/a><\/td>\n<td>\u00c9dith et Dany<\/td>\n<\/tr>\n<tr class=\"journee\">\n<td width=\"25%\">Dimanche 22<\/td>\n<td><a href=\"https:\/\/gaisgodillots-cv.fr\/?page_id=2618\">L&rsquo;Ormont<br \/>Cascade des Moli\u00e8res<\/a><\/td>\n<td>\u00c9dith et Dany<\/td>\n<\/tr>\n<tr class=\"demijournee\">\n<td width=\"25%\">Jeudi 27<\/td>\n<td><a href=\"https:\/\/gaisgodillots-cv.fr\/?page_id=2625\">Les Hauts-Rupts<br \/>G\u00e9rardmer<\/a><\/td>\n<td>Fran\u00e7oise et Jean-Louis<\/td>\n<\/tr>\n<tr class=\"journee\">\n<td width=\"25%\">Dimanche 29<\/td>\n<td><a href=\"https:\/\/gaisgodillots-cv.fr\/?page_id=2631\">Wattwiller<br \/>Hartmannswillerkopf<br \/>Molkenrain<\/a><\/td>\n<td>Patrick<\/td>\n<\/tr>\n<\/tbody>\n<\/table>\n<\/div>\n<div id=\"septembre\">\n<p class=\"center\"><a class=\"mois\" href=\"#mois\">Septembre <span class=\"no-print\">\ud83d\udc46\ud83c\udffd<\/span><\/a><\/p>\n<table>\n<tbody>\n<tr class=\"journee\">\n<td width=\"25%\">Dimanche 5<\/td>\n<td><a href=\"https:\/\/gaisgodillots-cv.fr\/?page_id=2643\">Vecoux<br \/>Tourbi\u00e8re de la Charme<\/a><\/td>\n<td>Fran\u00e7oise et Jean-Louis<\/td>\n<\/tr>\n<tr class=\"demijournee\">\n<td width=\"25%\">Jeudi 9<\/td>\n<td><a href=\"https:\/\/gaisgodillots-cv.fr\/?page_id=2665\">Fim\u00e9nil<\/a><\/td>\n<td>Roger<\/td>\n<\/tr>\n<tr class=\"journee\">\n<td width=\"25%\">Dimanche 12<\/td>\n<td><a href=\"https:\/\/gaisgodillots-cv.fr\/?page_id=2672\">Marmonfosse<\/a><\/td>\n<td>Philippe<\/td>\n<\/tr>\n<tr class=\"demijournee\">\n<td width=\"25%\">Jeudi 16<\/td>\n<td><a href=\"https:\/\/gaisgodillots-cv.fr\/?page_id=2679\">Roche du Sphinx<\/a><\/td>\n<td>Bernard<\/td>\n<\/tr>\n<tr class=\"journee\">\n<td width=\"25%\">Dimanche 19<\/td>\n<td><a href=\"https:\/\/gaisgodillots-cv.fr\/?page_id=2683\">T\u00eate des Faux<\/a><\/td>\n<td>Jacqueline et Jean-Pierre<\/td>\n<\/tr>\n<tr class=\"demijournee\">\n<td width=\"25%\">Jeudi 23<\/td>\n<td><a href=\"https:\/\/gaisgodillots-cv.fr\/?page_id=2707\">Retournemer <br \/>Cascade Charlemagne<\/a><\/td>\n<td>Fran\u00e7oise et Jean-Louis<\/td>\n<\/tr>\n<tr class=\"journee\">\n<td width=\"25%\">Dimanche 26<\/td>\n<td><a href=\"https:\/\/gaisgodillots-cv.fr\/?page_id=2690\">Col du Firstplan<br \/>Le Petit Ballon<\/a><\/td>\n<td>Patrick<\/td>\n<\/tr>\n<\/tbody>\n<\/table>\n<\/div>\n<div id=\"octobre\">\n<p class=\"center\"><a class=\"mois\" href=\"#mois\">Octobre <span class=\"no-print\">\ud83d\udc46\ud83c\udffd<\/span><\/a><\/p>\n<table>\n<tbody>\n<tr class=\"journee\">\n<td width=\"25%\">Dimanche 3<\/td>\n<td><a href=\"https:\/\/gaisgodillots-cv.fr\/?page_id=2717\">Autour de G\u00e9rardmer<\/a><\/td>\n<td>Jacqueline et Jean-Pierre<\/td>\n<\/tr>\n<tr class=\"demijournee\">\n<td width=\"25%\">Jeudi 7<\/td>\n<td><a href=\"https:\/\/gaisgodillots-cv.fr\/?page_id=2730\">Le Haut du T\u00f4t<\/a><\/td>\n<td>Fran\u00e7oise et Jean-Louis<\/td>\n<\/tr>\n<tr class=\"journee\">\n<td width=\"25%\">Dimanche 10<\/td>\n<td><a href=\"https:\/\/gaisgodillots-cv.fr\/?page_id=2723\">Lac de Pierre-Perc\u00e9e<br \/>Le Petit Canada<\/a><\/td>\n<td>\u00c9dith et Dany<\/td>\n<\/tr>\n<tr class=\"journee\">\n<td width=\"25%\">Dimanche 17<\/td>\n<td><a href=\"https:\/\/gaisgodillots-cv.fr\/?page_id=2736\">Les Mille \u00c9tangs<\/a><\/td>\n<td>Fran\u00e7oise et Jean-Louis<\/td>\n<\/tr>\n<tr class=\"demijournee\">\n<td width=\"25%\">Jeudi 21<\/td>\n<td><a href=\"https:\/\/gaisgodillots-cv.fr\/?page_id=2747\">Yvoux<\/a><\/td>\n<td>Michel<\/td>\n<\/tr>\n<tr class=\"journee\">\n<td width=\"25%\">Dimanche 24<\/td>\n<td><a href=\"https:\/\/gaisgodillots-cv.fr\/?page_id=2751\">Col de la Chipotte<\/a><\/td>\n<td>Maryvonne et Bernard<\/td>\n<\/tr>\n<tr class=\"demijournee\">\n<td width=\"25%\">Jeudi 28<\/td>\n<td><a href=\"https:\/\/gaisgodillots-cv.fr\/?page_id=2762\">Pr\u00e9 Petitjean<\/a><\/td>\n<td>Fran\u00e7oise et Jean-Louis<\/td>\n<\/tr>\n<\/tbody>\n<\/table>\n<\/div>\n<div id=\"novembre\">\n<p class=\"center\"><a class=\"mois\" href=\"#mois\">Novembre <span class=\"no-print\">\ud83d\udc46\ud83c\udffd<\/span><\/a><\/p>\n<table>\n<tbody>\n<tr class=\"demijournee\">\n<td width=\"25%\">Jeudi 18<\/td>\n<td><a href=\"https:\/\/gaisgodillots-cv.fr\/?page_id=2767\">Fresques de Saint-Di\u00e9<\/a><\/td>\n<td>\u00c9dith et Dany<\/td>\n<\/tr>\n<\/tbody>\n<\/table>\n<\/div>\n<\/div>\n","protected":false},"excerpt":{"rendered":"<p>Cliquer sur le mois \ud83d\udc47\ud83c\udffd Mai &#8211; Juin &#8211; Juillet &#8211; Ao\u00fbt &#8211; Septembre &#8211; Octobre &#8211; Novembre Mai Dimanche 23 Les ChampisRoches Beuty Fran\u00e7oise et Jean-Louis Jeudi 27 Celles-sur-PlaineSortie Botanique Fran\u00e7ois V. Dimanche 30 Martimpr\u00e9 Michel, Patrick et Philippe Juin \ud83d\udc46\ud83c\udffd Dimanche 6 Bouzey Fran\u00e7oise et Jean-Louis Dimanche 13 SoultzmattSchwartzenthann Patrick Jeudi 24 La &hellip; <a href=\"https:\/\/gaisgodillots-cv.fr\/?page_id=2327\" class=\"more-link\">Continuer la lecture<span class=\"screen-reader-text\"> de &laquo;&nbsp;Calendrier 2021&nbsp;&raquo;<\/span><\/a><\/p>\n","protected":false},"author":1,"featured_media":4810,"parent":0,"menu_order":0,"comment_status":"closed","ping_status":"closed","template":"","meta":{"_uag_custom_page_level_css":"","footnotes":""},"class_list":["post-2327","page","type-page","status-publish","has-post-thumbnail","hentry"],"uagb_featured_image_src":{"full":["https:\/\/gaisgodillots-cv.fr\/wp-content\/uploads\/cropped-Bandeau-Gais-Godillots.png",1200,532,false],"thumbnail":["https:\/\/gaisgodillots-cv.fr\/wp-content\/uploads\/cropped-Bandeau-Gais-Godillots-150x150.png",150,150,true],"medium":["https:\/\/gaisgodillots-cv.fr\/wp-content\/uploads\/cropped-Bandeau-Gais-Godillots-300x133.png",300,133,true],"medium_large":["https:\/\/gaisgodillots-cv.fr\/wp-content\/uploads\/cropped-Bandeau-Gais-Godillots-768x340.png",768,340,true],"large":["https:\/\/gaisgodillots-cv.fr\/wp-content\/uploads\/cropped-Bandeau-Gais-Godillots-1024x454.png",840,372,true],"1536x1536":["https:\/\/gaisgodillots-cv.fr\/wp-content\/uploads\/cropped-Bandeau-Gais-Godillots.png",1200,532,false],"2048x2048":["https:\/\/gaisgodillots-cv.fr\/wp-content\/uploads\/cropped-Bandeau-Gais-Godillots.png",1200,532,false],"gg_gallery_thumbnail":["https:\/\/gaisgodillots-cv.fr\/wp-content\/uploads\/cropped-Bandeau-Gais-Godillots-450x250.png",450,250,true],"post-thumbnail":["https:\/\/gaisgodillots-cv.fr\/wp-content\/uploads\/cropped-Bandeau-Gais-Godillots.png",1200,532,false]},"uagb_author_info":{"display_name":"admin4159","author_link":"https:\/\/gaisgodillots-cv.fr\/?author=1"},"uagb_comment_info":0,"uagb_excerpt":"Cliquer sur le mois \ud83d\udc47\ud83c\udffd Mai &#8211; Juin &#8211; Juillet &#8211; Ao\u00fbt &#8211; Septembre &#8211; Octobre &#8211; Novembre Mai Dimanche 23 Les ChampisRoches Beuty Fran\u00e7oise et Jean-Louis Jeudi 27 Celles-sur-PlaineSortie Botanique Fran\u00e7ois V. Dimanche 30 Martimpr\u00e9 Michel, Patrick et Philippe Juin \ud83d\udc46\ud83c\udffd Dimanche 6 Bouzey Fran\u00e7oise et Jean-Louis Dimanche 13 SoultzmattSchwartzenthann Patrick Jeudi 24 La\u2026","_links":{"self":[{"href":"https:\/\/gaisgodillots-cv.fr\/index.php?rest_route=\/wp\/v2\/pages\/2327","targetHints":{"allow":["GET"]}}],"collection":[{"href":"https:\/\/gaisgodillots-cv.fr\/index.php?rest_route=\/wp\/v2\/pages"}],"about":[{"href":"https:\/\/gaisgodillots-cv.fr\/index.php?rest_route=\/wp\/v2\/types\/page"}],"author":[{"embeddable":true,"href":"https:\/\/gaisgodillots-cv.fr\/index.php?rest_route=\/wp\/v2\/users\/1"}],"replies":[{"embeddable":true,"href":"https:\/\/gaisgodillots-cv.fr\/index.php?rest_route=%2Fwp%2Fv2%2Fcomments&post=2327"}],"version-history":[{"count":132,"href":"https:\/\/gaisgodillots-cv.fr\/index.php?rest_route=\/wp\/v2\/pages\/2327\/revisions"}],"predecessor-version":[{"id":6398,"href":"https:\/\/gaisgodillots-cv.fr\/index.php?rest_route=\/wp\/v2\/pages\/2327\/revisions\/6398"}],"wp:featuredmedia":[{"embeddable":true,"href":"https:\/\/gaisgodillots-cv.fr\/index.php?rest_route=\/wp\/v2\/media\/4810"}],"wp:attachment":[{"href":"https:\/\/gaisgodillots-cv.fr\/index.php?rest_route=%2Fwp%2Fv2%2Fmedia&parent=2327"}],"curies":[{"name":"wp","href":"https:\/\/api.w.org\/{rel}","templated":true}]}}