{"id":2,"date":"2019-03-08T16:00:37","date_gmt":"2019-03-08T15:00:37","guid":{"rendered":"http:\/\/gaisgodillots-cv.fr\/?page_id=2"},"modified":"2026-04-01T14:49:31","modified_gmt":"2026-04-01T12:49:31","slug":"page-d-exemple","status":"publish","type":"page","link":"https:\/\/gaisgodillots-cv.fr\/?page_id=2","title":{"rendered":"Calendrier 2019"},"content":{"rendered":"<div id=\"mois\" class=\"no-print\">\n<p class=\"infostext\">Cliquer sur le mois \ud83d\udc47\ud83c\udffd<\/p>\n<p><a class=\"mois\" href=\"#janvier\">Janvier<\/a> &#8211; <a class=\"mois\" href=\"#fevrier\">F\u00e9vrier<\/a> &#8211; <a class=\"mois\" href=\"#mars\">Mars<\/a> &#8211; <a class=\"mois\" href=\"#avril\">Avril<\/a> &#8211; <a class=\"mois\" href=\"#mai\">Mai<\/a> &#8211; <a class=\"mois\" href=\"#juin\">Juin<\/a> &#8211; <a class=\"mois\" href=\"#juillet\">Juillet<\/a> &#8211; <a class=\"mois\" href=\"#aout\">Ao\u00fbt<\/a> &#8211; <a class=\"mois\" href=\"#septembre\">Septembre<\/a> &#8211; <a class=\"mois\" href=\"#octobre\">Octobre<\/a><\/p>\n<\/div>\n<div id=\"calendrier\">\n<div id=\"janvier\">\n<p class=\"center\"><a href=\"#mois\" class=\"mois\">Janvier<\/a><\/p>\n<table>\n<tr class=\"demijournee\">\n<td width=25%>Mercredi 16<\/td>\n<td><a href=\"https:\/\/gaisgodillots-cv.fr\/?page_id=492\">Col de La Schlucht<br \/>Le Tanet<\/a><\/td>\n<td>Les Gais Godillots<\/td>\n<\/tr>\n<\/table>\n<\/div>\n<div id=\"fevrier\">\n<p class=\"center\"><a href=\"#mois\" class=\"mois\">F\u00e9vrier <span class=\"no-print\">\ud83d\udc46\ud83c\udffd<\/span><\/a><\/p>\n<table>\n<tr class=\"demijournee\">\n<td width=25%>Mercredi 6<\/td>\n<td><a href=\"https:\/\/gaisgodillots-cv.fr\/?page_id=489\">Col du Calvaire<\/a><\/td>\n<td>Les Gais Godillots<\/td>\n<\/tr>\n<\/table>\n<\/div>\n<div id=\"mars\">\n<p class=\"center\"><a href=\"#mois\" class=\"mois\">Mars <span class=\"no-print\">\ud83d\udc46\ud83c\udffd<\/span><\/a><\/p>\n<table>\n<tbody>\n<tr>\n<td width=\"25%\">Dimanche 17<\/td>\n<td><a href=\"https:\/\/gaisgodillots-cv.fr\/?page_id=624\">Assembl\u00e9e G\u00e9n\u00e9rale<\/a><\/td>\n<td>Les Gais Godillots<\/td>\n<\/tr>\n<tr class=\"journee\">\n<td width=\"25%\">Dimanche 31<\/td>\n<td><a href=\"https:\/\/gaisgodillots-cv.fr\/?page_id=1352\">La Houssi\u00e8re<\/a><\/td>\n<td>Francine et Roger<\/td>\n<\/tr>\n<\/tbody>\n<\/table>\n<\/div>\n<div id=\"avril\">\n<p class=\"center\"><a href=\"#mois\" class=\"mois\">Avril <span class=\"no-print\">\ud83d\udc46\ud83c\udffd<\/span><\/a><\/p>\n<table>\n<tbody>\n<tr>\n<td width=\"25%\">Vendredi 5<\/td>\n<td><a href=\"https:\/\/gaisgodillots-cv.fr\/?page_id=1343\">Cueillette des Jonquilles<\/a><\/td>\n<td>\u00a0<\/td>\n<\/tr>\n<tr class=\"demijournee\">\n<td width=\"25%\">Samedi 13<\/td>\n<td><a href=\"https:\/\/gaisgodillots-cv.fr\/?page_id=1356\">Anould<\/a><br \/><span class=\"infosrando\">Balade nocture<\/span><\/td>\n<td>Marie-Agn\u00e8s<\/td>\n<\/tr>\n<tr class=\"demijournee\">\n<td width=\"25%\">Jeudi 18<\/td>\n<td><a href=\"https:\/\/gaisgodillots-cv.fr\/?page_id=666\">Biffontaine<\/a><\/td>\n<td>Francine et Roger<\/td>\n<\/tr>\n<tr class=\"journee\">\n<td width=\"25%\">Dimanche 28<\/td>\n<td><a href=\"https:\/\/gaisgodillots-cv.fr\/?page_id=728\">Sapois<\/a><\/td>\n<td>Fran\u00e7oise et Jean-Louis<\/td>\n<\/tr>\n<\/tbody>\n<\/table>\n<\/div>\n<div id=\"mai\">\n<p class=\"center\"><a href=\"#mois\" class=\"mois\">Mai <span class=\"no-print\">\ud83d\udc46\ud83c\udffd<\/span><\/a><\/p>\n<table>\n<tbody>\n<tr class=\"journee\">\n<td width=\"25%\">Samedi 4<br \/>Dimanche 5<\/td>\n<td><a href=\"https:\/\/gaisgodillots-cv.fr\/?page_id=746\">Assembl\u00e9e G\u00e9n\u00e9rale du District<\/a><\/td>\n<td>Colmar<\/td>\n<\/tr>\n<tr class=\"demijournee\">\n<td width=\"25%\">Jeudi 9<\/td>\n<td><a href=\"https:\/\/gaisgodillots-cv.fr\/?page_id=782\">La Bresse<br \/>Sentier du Textile<\/a><\/td>\n<td>\u00c9dith et Dany<\/td>\n<\/tr>\n<tr class=\"demijournee\">\n<td width=\"25%\">Jeudi 16<\/td>\n<td><a href=\"https:\/\/gaisgodillots-cv.fr\/?page_id=1052\">Gerb\u00e9pal<\/a><\/td>\n<td>Roger et Jo\u00ebl<\/td>\n<\/tr>\n<tr class=\"journee\">\n<td width=\"25%\">Dimanche 19<\/td>\n<td><a href=\"https:\/\/gaisgodillots-cv.fr\/?page_id=764\">Saut du Bouchot<\/a><\/td>\n<td>Fran\u00e7oise et Jean-Louis<\/td>\n<\/tr>\n<tr class=\"demijournee\">\n<td width=\"25%\">Jeudi 23<\/td>\n<td>Cellet \u2013 Le Haut du T\u00f4t<\/td>\n<td>Francine et Roger<\/td>\n<\/tr>\n<tr class=\"journee\">\n<td width=\"25%\">Jeudi 30<\/td>\n<td>Rouffach<\/td>\n<td>Patrick<\/td>\n<\/tr>\n<\/tbody>\n<\/table>\n<\/div>\n<div id=\"juin\">\n<p class=\"center\"><a href=\"#mois\" class=\"mois\">Juin <span class=\"no-print\">\ud83d\udc46\ud83c\udffd<\/span><\/a><\/p>\n<table>\n<tbody>\n<tr class=\"journee\">\n<td width=\"25%\">Dimanche 1<\/td>\n<td>Assembl\u00e9e G\u00e9n\u00e9rale de la F\u00e9d\u00e9ration<\/td>\n<td>Kirwiller<\/td>\n<\/tr>\n<tr>\n<td width=\"25%\">Du 2 au 7<\/td>\n<td><a href=\"https:\/\/gaisgodillots-cv.fr\/?page_id=806\">Escapade dans les Alpes<\/a><\/td>\n<td>\u00c9vian<\/td>\n<\/tr>\n<tr class=\"demijournee\">\n<td width=\"25%\">Jeudi 13<\/td>\n<td><a href=\"https:\/\/gaisgodillots-cv.fr\/?page_id=860\">Le Chipal<br \/>La Croix-aux-Mines<\/a><\/td>\n<td>Jacqueline et Jean-Pierre<\/td>\n<\/tr>\n<tr class=\"populaire\">\n<td width=\"25%\">Dimanche 16<\/td>\n<td><a href=\"https:\/\/gaisgodillots-cv.fr\/?page_id=838\">Marche Populaire<\/a><\/td>\n<td>Gerb\u00e9pal<\/td>\n<\/tr>\n<tr class=\"demijournee\">\n<td width=\"25%\">Jeudi 20<\/td>\n<td>Fraize<\/td>\n<td>Fran\u00e7oise et Bernard<\/td>\n<\/tr>\n<tr class=\"journee\">\n<td width=\"25%\">Dimanche 23<\/td>\n<td><a href=\"https:\/\/gaisgodillots-cv.fr\/?page_id=1071\">Plombi\u00e8res<\/a><\/td>\n<td>Jacqueline et Jean-Pierre<\/td>\n<\/tr>\n<\/tbody>\n<\/table>\n<\/div>\n<div id=\"juillet\">\n<p class=\"center\"><a href=\"#mois\" class=\"mois\">Juillet <span class=\"no-print\">\ud83d\udc46\ud83c\udffd<\/span><\/a><\/p>\n<table>\n<tbody>\n<tr class=\"demijournee\">\n<td width=\"25%\">Jeudi 4<\/td>\n<td><a href=\"https:\/\/gaisgodillots-cv.fr\/?page_id=1060\">Les Arrent\u00e8s-de-Corcieux <\/a><\/td>\n<td>Yvan<\/td>\n<\/tr>\n<tr class=\"journee\">\n<td width=\"25%\">Dimanche 7<\/td>\n<td><a href=\"https:\/\/gaisgodillots-cv.fr\/?page_id=1084\">Les Cr\u00eates &amp; le Lys Martagon<\/a><\/td>\n<td>Fran\u00e7oise et Jean-Louis<\/td>\n<\/tr>\n<tr class=\"journee\">\n<td width=\"25%\">Samedi 13<\/td>\n<td><a href=\"https:\/\/gaisgodillots-cv.fr\/?page_id=1101\">Lacs de Neuweiher<\/a><\/td>\n<td>Francine et Roger<\/td>\n<\/tr>\n<tr class=\"populaire\">\n<td width=\"25%\">Samedi 20<br \/>Dimanche 21<\/td>\n<td>Marche Populaire<\/td>\n<td>G\u00e9rardmer<\/td>\n<\/tr>\n<tr class=\"populaire\">\n<td width=\"25%\">Dimanche 28<\/td>\n<td>Marche Populaire<\/td>\n<td>Corcieux<\/td>\n<\/tr>\n<\/tbody>\n<\/table>\n<\/div>\n<div id=\"aout\">\n<p class=\"center\"><a href=\"#mois\" class=\"mois\">Ao\u00fbt <span class=\"no-print\">\ud83d\udc46\ud83c\udffd<\/span><\/a><\/p>\n<table>\n<tbody>\n<tr class=\"populaire\">\n<td width=\"25%\">Dimanche 4<\/td>\n<td>Marche Populaire<\/td>\n<td>Barbey-Seroux<\/td>\n<\/tr>\n<tr class=\"journee\">\n<td width=\"25%\">Dimanche 11<\/td>\n<td><a href=\"https:\/\/gaisgodillots-cv.fr\/?page_id=1126\">Thi\u00e9fosse<\/a><\/td>\n<td>\u00c9dith et Dany<\/td>\n<\/tr>\n<tr class=\"populaire\">\n<td width=\"25%\">Jeudi 15<\/td>\n<td>Marche Populaire<\/td>\n<td>Fraize<\/td>\n<\/tr>\n<tr class=\"journee\">\n<td width=\"25%\">Dimanche 18<\/td>\n<td><a href=\"https:\/\/gaisgodillots-cv.fr\/?page_id=1149\">Roche du Coquin<\/a><\/td>\n<td>Michel<\/td>\n<\/tr>\n<tr class=\"demijournee\">\n<td width=\"25%\">Jeudi 22<\/td>\n<td><a href=\"https:\/\/gaisgodillots-cv.fr\/?page_id=1187\">Col du Haut Jacques<\/a><br \/><span class=\"infosrando\">Sortie Botanique<\/span><\/td>\n<td>Fran\u00e7ois V.<\/td>\n<\/tr>\n<tr class=\"journee\">\n<td width=\"25%\">Dimanche 25<\/td>\n<td><a href=\"https:\/\/gaisgodillots-cv.fr\/?page_id=1214\">Heidelberg<\/a><\/td>\n<td>Fran\u00e7oise et Jean-Louis<\/td>\n<\/tr>\n<tr class=\"demijournee\">\n<td width=\"25%\">Jeudi 29<\/td>\n<td><a href=\"https:\/\/gaisgodillots-cv.fr\/?page_id=1317\">Les Xettes<\/a><\/td>\n<td>Francine et Roger<\/td>\n<\/tr>\n<\/tbody>\n<\/table>\n<\/div>\n<div id=\"septembre\">\n<p class=\"center\"><a href=\"#mois\" class=\"mois\">Septembre <span class=\"no-print\">\ud83d\udc46\ud83c\udffd<\/span><\/a><\/p>\n<table>\n<tbody>\n<tr class=\"journee\">\n<td width=\"25%\">Dimanche 1<\/td>\n<td><a href=\"https:\/\/gaisgodillots-cv.fr\/?page_id=1205\">Housseras<\/a><\/td>\n<td>Philippe<\/td>\n<\/tr>\n<tr class=\"journee\">\n<td width=\"25%\">Dimanche 8<\/td>\n<td><a href=\"https:\/\/gaisgodillots-cv.fr\/?page_id=1241\">Vagney<\/a><\/td>\n<td>Rassemblement 88<\/td>\n<\/tr>\n<tr class=\"journee\">\n<td width=\"25%\">Dimanche 15<\/td>\n<td><a href=\"https:\/\/gaisgodillots-cv.fr\/?page_id=1383\">Xonrupt<br \/>\u00c9tang de Narouel<\/a><\/td>\n<td>Jacqueline et Jean-Pierre<\/td>\n<\/tr>\n<tr class=\"demijournee\">\n<td width=\"25%\">Jeudi 19<\/td>\n<td><a href=\"https:\/\/gaisgodillots-cv.fr\/?page_id=1249\">Cornimont<\/a><\/td>\n<td>Fran\u00e7oise et Jean-Louis<\/td>\n<\/tr>\n<tr class=\"journee\">\n<td width=\"25%\">Dimanche 22<\/td>\n<td><a href=\"https:\/\/gaisgodillots-cv.fr\/?page_id=1276\">Les Cr\u00eates<br \/>Altenweiller<\/a><br \/><span class=\"infosrando\">Traditionnel repas \u00e0 l\u2019Auberge de Firstmiss<\/span><\/td>\n<td>Francine et Roger<\/td>\n<\/tr>\n<tr>\n<td width=\"25%\">Du 28 au 30<\/td>\n<td>Allemagne<\/td>\n<td>Fran\u00e7oise et Jean-Louis<\/td>\n<\/tr>\n<\/tbody>\n<\/table>\n<\/div>\n<div id=\"octobre\">\n<p class=\"center\"><a href=\"#mois\" class=\"mois\">Octobre <span class=\"no-print\">\ud83d\udc46\ud83c\udffd<\/span><\/a><\/p>\n<table>\n<tbody>\n<tr class=\"journee\">\n<td width=\"25%\">Dimanche 13<\/td>\n<td><a href=\"https:\/\/gaisgodillots-cv.fr\/?page_id=1296\">Ballon d\u2019Alsace<\/a><\/td>\n<td>Francine et Roger<\/td>\n<\/tr>\n<tr class=\"demijournee\">\n<td width=\"25%\">Mardi 15<\/td>\n<td>Avec les non-voyants<\/td>\n<td>Francine et Roger<\/td>\n<\/tr>\n<tr class=\"journee\">\n<td width=\"25%\">Dimanche 20<\/td>\n<td><a href=\"https:\/\/gaisgodillots-cv.fr\/?page_id=1313\">Le Fossard<\/a><\/td>\n<td>\u00c9dith et Dany<\/td>\n<\/tr>\n<\/tbody>\n<\/table>\n<\/div>\n<\/div>\n","protected":false},"excerpt":{"rendered":"<p>Cliquer sur le mois \ud83d\udc47\ud83c\udffd Janvier &#8211; F\u00e9vrier &#8211; Mars &#8211; Avril &#8211; Mai &#8211; Juin &#8211; Juillet &#8211; Ao\u00fbt &#8211; Septembre &#8211; Octobre Janvier Mercredi 16 Col de La SchluchtLe Tanet Les Gais Godillots F\u00e9vrier \ud83d\udc46\ud83c\udffd Mercredi 6 Col du Calvaire Les Gais Godillots Mars \ud83d\udc46\ud83c\udffd Dimanche 17 Assembl\u00e9e G\u00e9n\u00e9rale Les Gais Godillots Dimanche &hellip; <a href=\"https:\/\/gaisgodillots-cv.fr\/?page_id=2\" class=\"more-link\">Continuer la lecture<span class=\"screen-reader-text\"> de &laquo;&nbsp;Calendrier 2019&nbsp;&raquo;<\/span><\/a><\/p>\n","protected":false},"author":1,"featured_media":4810,"parent":0,"menu_order":0,"comment_status":"closed","ping_status":"open","template":"","meta":{"_uag_custom_page_level_css":"","footnotes":""},"class_list":["post-2","page","type-page","status-publish","has-post-thumbnail","hentry"],"uagb_featured_image_src":{"full":["https:\/\/gaisgodillots-cv.fr\/wp-content\/uploads\/cropped-Bandeau-Gais-Godillots.png",1200,532,false],"thumbnail":["https:\/\/gaisgodillots-cv.fr\/wp-content\/uploads\/cropped-Bandeau-Gais-Godillots-150x150.png",150,150,true],"medium":["https:\/\/gaisgodillots-cv.fr\/wp-content\/uploads\/cropped-Bandeau-Gais-Godillots-300x133.png",300,133,true],"medium_large":["https:\/\/gaisgodillots-cv.fr\/wp-content\/uploads\/cropped-Bandeau-Gais-Godillots-768x340.png",768,340,true],"large":["https:\/\/gaisgodillots-cv.fr\/wp-content\/uploads\/cropped-Bandeau-Gais-Godillots-1024x454.png",840,372,true],"1536x1536":["https:\/\/gaisgodillots-cv.fr\/wp-content\/uploads\/cropped-Bandeau-Gais-Godillots.png",1200,532,false],"2048x2048":["https:\/\/gaisgodillots-cv.fr\/wp-content\/uploads\/cropped-Bandeau-Gais-Godillots.png",1200,532,false],"gg_gallery_thumbnail":["https:\/\/gaisgodillots-cv.fr\/wp-content\/uploads\/cropped-Bandeau-Gais-Godillots-450x250.png",450,250,true],"post-thumbnail":["https:\/\/gaisgodillots-cv.fr\/wp-content\/uploads\/cropped-Bandeau-Gais-Godillots.png",1200,532,false]},"uagb_author_info":{"display_name":"admin4159","author_link":"https:\/\/gaisgodillots-cv.fr\/?author=1"},"uagb_comment_info":0,"uagb_excerpt":"Cliquer sur le mois \ud83d\udc47\ud83c\udffd Janvier &#8211; F\u00e9vrier &#8211; Mars &#8211; Avril &#8211; Mai &#8211; Juin &#8211; Juillet &#8211; Ao\u00fbt &#8211; Septembre &#8211; Octobre Janvier Mercredi 16 Col de La SchluchtLe Tanet Les Gais Godillots F\u00e9vrier \ud83d\udc46\ud83c\udffd Mercredi 6 Col du Calvaire Les Gais Godillots Mars \ud83d\udc46\ud83c\udffd Dimanche 17 Assembl\u00e9e G\u00e9n\u00e9rale Les Gais Godillots Dimanche\u2026","_links":{"self":[{"href":"https:\/\/gaisgodillots-cv.fr\/index.php?rest_route=\/wp\/v2\/pages\/2","targetHints":{"allow":["GET"]}}],"collection":[{"href":"https:\/\/gaisgodillots-cv.fr\/index.php?rest_route=\/wp\/v2\/pages"}],"about":[{"href":"https:\/\/gaisgodillots-cv.fr\/index.php?rest_route=\/wp\/v2\/types\/page"}],"author":[{"embeddable":true,"href":"https:\/\/gaisgodillots-cv.fr\/index.php?rest_route=\/wp\/v2\/users\/1"}],"replies":[{"embeddable":true,"href":"https:\/\/gaisgodillots-cv.fr\/index.php?rest_route=%2Fwp%2Fv2%2Fcomments&post=2"}],"version-history":[{"count":155,"href":"https:\/\/gaisgodillots-cv.fr\/index.php?rest_route=\/wp\/v2\/pages\/2\/revisions"}],"predecessor-version":[{"id":6400,"href":"https:\/\/gaisgodillots-cv.fr\/index.php?rest_route=\/wp\/v2\/pages\/2\/revisions\/6400"}],"wp:featuredmedia":[{"embeddable":true,"href":"https:\/\/gaisgodillots-cv.fr\/index.php?rest_route=\/wp\/v2\/media\/4810"}],"wp:attachment":[{"href":"https:\/\/gaisgodillots-cv.fr\/index.php?rest_route=%2Fwp%2Fv2%2Fmedia&parent=2"}],"curies":[{"name":"wp","href":"https:\/\/api.w.org\/{rel}","templated":true}]}}