{"id":1972,"date":"2020-05-08T08:35:52","date_gmt":"2020-05-08T06:35:52","guid":{"rendered":"http:\/\/gaisgodillots-cv.fr\/?page_id=1972"},"modified":"2025-10-23T13:27:19","modified_gmt":"2025-10-23T11:27:19","slug":"la-bresse-sentier-du-textile","status":"publish","type":"page","link":"https:\/\/gaisgodillots-cv.fr\/?page_id=1972","title":{"rendered":"La Bresse &#8211; Sentier du Textile &#8211; 2020"},"content":{"rendered":"\r\n<p>Par <strong>\u00c9dith et Dany<\/strong>.<\/p>\r\n\r\n\r\n\r\n<p>\u00ab <em>Bonjour \u00e0 tous les Gais Godillots, \u00e7a ne fait que deux fois que nous reportons cette balade de demi-journ\u00e9e, qu&rsquo;importe nous la ferons l&rsquo;hiver prochain &#8230; en raquettes.<\/em>\u00bb<\/p>\r\n\r\n\r\n\r\n<p><strong><u>La Bresse, ville de textile.<\/u><\/strong><\/p>\r\n\r\n\r\n\r\n<p><em>Avant la Seconde guerre mondiale, La Bresse est la ville des Vosges la plus importante pour le tissage du coton, qui contrairement \u00e0 G\u00e9rardmer ne tisse pas le lin; elle compte 23 sites textiles, pour 4200 m\u00e9tiers \u00e0 tisser, qui font vivre environ 1600 ouvriers, m\u00eame si plus du quart d&rsquo;entre eux sont encore ouvriers-paysans. 40 % de la population bressaude vit alors directement du textile !<\/em><\/p>\r\n\r\n\r\n\r\n<figure class=\"wp-block-image size-large\"><img decoding=\"async\" src=\"https:\/\/gaisgodillots-cv.fr\/Images\/01-Suivez-la-bobine.jpg\" \/><figcaption>Suivez la bobine<\/figcaption><\/figure>\r\n\r\n\r\n\r\n<figure class=\"wp-block-image size-large\"><img decoding=\"async\" src=\"https:\/\/gaisgodillots-cv.fr\/Images\/02-M\u00eame-pas-peur-les-Bressauds.jpg\" \/><figcaption>M\u00eame pas peu les Bressauds<\/figcaption><\/figure>\r\n\r\n\r\n\r\n<figure class=\"wp-block-image size-large is-resized\"><img decoding=\"async\" src=\"https:\/\/gaisgodillots-cv.fr\/Images\/03-Panneau-d\u00e9couverte.jpg\" \/><figcaption>Panneau d\u00e9couverte<\/figcaption><\/figure>\r\n\r\n\r\n\r\n<figure class=\"wp-block-image size-large\"><img decoding=\"async\" src=\"https:\/\/gaisgodillots-cv.fr\/Images\/04-Panneau-d\u00e9couverte-2.jpg\" \/><figcaption>Panneau d\u00e9couverte<\/figcaption><\/figure>\r\n\r\n\r\n\r\n<figure class=\"wp-block-image size-large is-resized\"><img decoding=\"async\" src=\"https:\/\/gaisgodillots-cv.fr\/Images\/05-La-cascade-du-Pendant-Pr\u00e9-3.jpg\" \/><figcaption>La cascade du Pendant Pr\u00e9<\/figcaption><\/figure>\r\n\r\n\r\n\r\n<figure class=\"wp-block-image size-large is-resized\"><img decoding=\"async\" src=\"https:\/\/gaisgodillots-cv.fr\/Images\/06-La-cascade-du-Pendant-Pr\u00e9.jpg\" \/><figcaption>La cascade du Pendant Pr\u00e9<\/figcaption><\/figure>\r\n\r\n\r\n\r\n<figure class=\"wp-block-image size-large is-resized\"><img decoding=\"async\" src=\"https:\/\/gaisgodillots-cv.fr\/Images\/07-La-cascade-du-Pendant-Pr\u00e9-2.jpg\" \/><figcaption>La cascade du Pendant Pr\u00e9<\/figcaption><\/figure>\r\n\r\n\r\n\r\n<figure class=\"wp-block-image size-large is-resized\"><img decoding=\"async\" src=\"https:\/\/gaisgodillots-cv.fr\/Images\/08-La-Bresse-depuis-la-roche-Beuty.jpg\" \/><figcaption>La Bresse depuis la roche Beuty<\/figcaption><\/figure>\r\n\r\n\r\n\r\n<figure class=\"wp-block-image size-large\"><img decoding=\"async\" src=\"https:\/\/gaisgodillots-cv.fr\/Images\/09-La-Bresse-depuis-la-roche-Beuty-3.jpg\" \/><figcaption>La Bresse depuis la roche Beuty<\/figcaption><\/figure>\r\n\r\n\r\n\r\n<figure class=\"wp-block-image size-large is-resized\"><img decoding=\"async\" src=\"https:\/\/gaisgodillots-cv.fr\/Images\/10-La-Bresse-depuis-la-roche-Beuty-2.jpg\" \/><figcaption>La Bresse depuis la roche Beuty<\/figcaption><\/figure>\r\n\r\n\r\n\r\n<figure class=\"wp-block-image size-large is-resized\"><img decoding=\"async\" src=\"https:\/\/gaisgodillots-cv.fr\/Images\/11-vue-sur-la-Bresse-au-fond.jpg\" \/><figcaption>Vue sur La Bresse au fond<\/figcaption><\/figure>\r\n\r\n\r\n\r\n<figure class=\"wp-block-image size-large\"><img decoding=\"async\" src=\"https:\/\/gaisgodillots-cv.fr\/Images\/12-Petit-sentier-2.jpg\" \/><figcaption>Petit Sentier<\/figcaption><\/figure>\r\n\r\n\r\n\r\n<figure class=\"wp-block-image size-large\"><img decoding=\"async\" src=\"https:\/\/gaisgodillots-cv.fr\/Images\/13-Petit-sentier.jpg\" \/><figcaption>Petit Sentier<\/figcaption><\/figure>\r\n\r\n\r\n\r\n<figure class=\"wp-block-image size-large\"><img decoding=\"async\" src=\"https:\/\/gaisgodillots-cv.fr\/Images\/14-un-passage-sympa.jpg\" \/><figcaption>Un passage sympa<\/figcaption><\/figure>\r\n\r\n\r\n\r\n<figure class=\"wp-block-image size-large\"><img decoding=\"async\" src=\"https:\/\/gaisgodillots-cv.fr\/Images\/15-Un-oratoire-en-granit-de-La-Bresse.jpg\" \/><figcaption>Un oratoire en granite de La Bresse<\/figcaption><\/figure>\r\n\r\n\r\n\r\n<p><strong>Fran\u00e7oise et Jean-Louis<\/strong> ajoutent ces commentaires et photos :<\/p>\r\n\r\n\r\n\r\n<p>\u00ab <em>Nous ne connaissions pas le sentier du textile, mais venons juste\u00a0 d\u2019admirer les images de Dany et Edith. Pour nous, cela fait penser, Lin, Coton, chanvre\u2026<\/em>\u00bb<\/p>\r\n\r\n\r\n\r\n<figure class=\"wp-block-image size-large\"><img decoding=\"async\" src=\"https:\/\/gaisgodillots-cv.fr\/Images\/IMG_3271.jpg\" \/><\/figure>\r\n\r\n\r\n\r\n<figure class=\"wp-block-image size-large\"><img decoding=\"async\" src=\"https:\/\/gaisgodillots-cv.fr\/Images\/IMG_3270.jpg\" \/><\/figure>\r\n\r\n\r\n\r\n<p>\u00ab <em>Faire de beaux draps en lin, que de travail, mais se rouler dans un beau champ, quel bonheur \u2026<\/em> \u00bb<\/p>\r\n\r\n\r\n\r\n<figure class=\"wp-block-image size-large\"><img decoding=\"async\" src=\"https:\/\/gaisgodillots-cv.fr\/Images\/IMG_3268.jpg\" \/><\/figure>\r\n","protected":false},"excerpt":{"rendered":"<p>Par \u00c9dith et Dany. \u00ab Bonjour \u00e0 tous les Gais Godillots, \u00e7a ne fait que deux fois que nous reportons cette balade de demi-journ\u00e9e, qu&rsquo;importe nous la ferons l&rsquo;hiver prochain &#8230; en raquettes.\u00bb La Bresse, ville de textile. Avant la Seconde guerre mondiale, La Bresse est la ville des Vosges la plus importante pour le &hellip; <a href=\"https:\/\/gaisgodillots-cv.fr\/?page_id=1972\" class=\"more-link\">Continuer la lecture<span class=\"screen-reader-text\"> de &laquo;&nbsp;La Bresse &#8211; Sentier du Textile &#8211; 2020&nbsp;&raquo;<\/span><\/a><\/p>\n","protected":false},"author":1,"featured_media":0,"parent":0,"menu_order":0,"comment_status":"closed","ping_status":"closed","template":"","meta":{"_uag_custom_page_level_css":"","footnotes":""},"class_list":["post-1972","page","type-page","status-publish","hentry"],"uagb_featured_image_src":{"full":false,"thumbnail":false,"medium":false,"medium_large":false,"large":false,"1536x1536":false,"2048x2048":false,"gg_gallery_thumbnail":false,"post-thumbnail":false},"uagb_author_info":{"display_name":"admin4159","author_link":"https:\/\/gaisgodillots-cv.fr\/?author=1"},"uagb_comment_info":0,"uagb_excerpt":"Par \u00c9dith et Dany. \u00ab Bonjour \u00e0 tous les Gais Godillots, \u00e7a ne fait que deux fois que nous reportons cette balade de demi-journ\u00e9e, qu&rsquo;importe nous la ferons l&rsquo;hiver prochain &#8230; en raquettes.\u00bb La Bresse, ville de textile. Avant la Seconde guerre mondiale, La Bresse est la ville des Vosges la plus importante pour le\u2026","_links":{"self":[{"href":"https:\/\/gaisgodillots-cv.fr\/index.php?rest_route=\/wp\/v2\/pages\/1972","targetHints":{"allow":["GET"]}}],"collection":[{"href":"https:\/\/gaisgodillots-cv.fr\/index.php?rest_route=\/wp\/v2\/pages"}],"about":[{"href":"https:\/\/gaisgodillots-cv.fr\/index.php?rest_route=\/wp\/v2\/types\/page"}],"author":[{"embeddable":true,"href":"https:\/\/gaisgodillots-cv.fr\/index.php?rest_route=\/wp\/v2\/users\/1"}],"replies":[{"embeddable":true,"href":"https:\/\/gaisgodillots-cv.fr\/index.php?rest_route=%2Fwp%2Fv2%2Fcomments&post=1972"}],"version-history":[{"count":7,"href":"https:\/\/gaisgodillots-cv.fr\/index.php?rest_route=\/wp\/v2\/pages\/1972\/revisions"}],"predecessor-version":[{"id":5563,"href":"https:\/\/gaisgodillots-cv.fr\/index.php?rest_route=\/wp\/v2\/pages\/1972\/revisions\/5563"}],"wp:attachment":[{"href":"https:\/\/gaisgodillots-cv.fr\/index.php?rest_route=%2Fwp%2Fv2%2Fmedia&parent=1972"}],"curies":[{"name":"wp","href":"https:\/\/api.w.org\/{rel}","templated":true}]}}