{"id":1929,"date":"2020-05-02T11:53:16","date_gmt":"2020-05-02T09:53:16","guid":{"rendered":"http:\/\/gaisgodillots-cv.fr\/?page_id=1929"},"modified":"2025-10-23T18:32:00","modified_gmt":"2025-10-23T16:32:00","slug":"souvenirs-dallemagne","status":"publish","type":"page","link":"https:\/\/gaisgodillots-cv.fr\/?page_id=1929","title":{"rendered":"Souvenirs d&rsquo;Allemagne &#8211; Lac de Constance"},"content":{"rendered":"\r\n<p>Bonjour \u00e0 tous,<\/p>\r\n\r\n\r\n\r\n<p>En souvenir de nos sorties pass\u00e9es en Allemagne :<\/p>\r\n\r\n\r\n\r\n<p>Pour d\u00e9buter, quelques photos et anecdotes de <strong>Francine et Roger<\/strong> :<\/p>\r\n\r\n\r\n\r\n<p>\u00ab <em>2 mai 2015. Il y a cinq ans.<br>Il pleuvait&nbsp;! Que d\u2019eau, que d\u2019eau&nbsp;!<br>Passage&nbsp; aux chutes du Rhin. Impressionnant et superbe m\u00eame avec la grisaille, avant de prendre la route vers l\u2019\u00eele aux fleurs dans le Bodensee (lac de Constance), en passant tout pr\u00e8s de Radolfzell o\u00f9 j\u2019ai v\u00e9cu, confin\u00e9 d\u00e9j\u00e0, en 1958. C\u2019est l\u00e0 que j\u2019ai fait mes classes militaires au CII\u2019 (Centre d\u2019Instruction de l\u2019Infanterie). J\u2019 y ai aussi jou\u00e9 au basket gagnant le titre de champion des forces fran\u00e7aises en Allemagne, ce qui m\u2019a permis de surseoir de quatre mois, mon d\u00e9part en Alg\u00e9rie. Merci basket&nbsp;!<\/em> \u00bb<\/p>\r\n\r\n\r\n\r\n<figure class=\"wp-block-image size-large\"><img decoding=\"async\" src=\"https:\/\/gaisgodillots-cv.fr\/Images\/002.jpg\" \/><\/figure>\r\n\r\n\r\n\r\n<figure class=\"wp-block-image size-large\"><img decoding=\"async\" src=\"https:\/\/gaisgodillots-cv.fr\/Images\/007.jpg\" \/><\/figure>\r\n\r\n\r\n\r\n<figure class=\"wp-block-image size-large\"><img decoding=\"async\" src=\"https:\/\/gaisgodillots-cv.fr\/Images\/010.jpg\" \/><figcaption>Comme confort il ya mieux mais cela ne nous a pas coup\u00e9 l\u2019app\u00e9tit<br><\/figcaption><\/figure>\r\n\r\n\r\n\r\n<figure class=\"wp-block-image size-large\"><img decoding=\"async\" src=\"https:\/\/gaisgodillots-cv.fr\/Images\/011.jpg\" \/><figcaption>Claude s\u2019est isol\u00e9, profitant d\u2019un banc accueillant, \u00e0 moins que ce soit La Hurlette<\/figcaption><\/figure>\r\n\r\n\r\n\r\n<figure class=\"wp-block-image size-large\"><img decoding=\"async\" src=\"https:\/\/gaisgodillots-cv.fr\/Images\/012.jpg\" \/><figcaption>Mais oui, c\u2019est La Hurlette dont Carmen prend grand soin. Ne manque que la bouteille de Beaujolais<\/figcaption><\/figure>\r\n\r\n\r\n\r\n<figure class=\"wp-block-image size-large\"><img decoding=\"async\" src=\"https:\/\/gaisgodillots-cv.fr\/Images\/022.jpg\" \/><figcaption>Les belles fleurs de l\u2019\u00efle<\/figcaption><\/figure>\r\n\r\n\r\n\r\n<figure class=\"wp-block-image size-large\"><img decoding=\"async\" src=\"https:\/\/gaisgodillots-cv.fr\/Images\/024.jpg\" \/><figcaption>Une bel h\u00eatre parmi de beaux \u00eatres<\/figcaption><\/figure>\r\n\r\n\r\n\r\n<figure class=\"wp-block-image size-large\"><img decoding=\"async\" src=\"https:\/\/gaisgodillots-cv.fr\/Images\/025.jpg\" \/><figcaption>Toutes les occasions sont bonnes pour Francine. N\u2019a-t-elle pas ce qu\u2019il faut \u00e0 la maison&nbsp;?<\/figcaption><\/figure>\r\n\r\n\r\n\r\n<figure class=\"wp-block-image size-large\"><img decoding=\"async\" src=\"https:\/\/gaisgodillots-cv.fr\/Images\/028.jpg\" \/><figcaption>Le lac de Constance en fleurs<\/figcaption><\/figure>\r\n\r\n\r\n\r\n<figure class=\"wp-block-image size-large\"><img decoding=\"async\" src=\"https:\/\/gaisgodillots-cv.fr\/Images\/035.jpg\" \/><figcaption>Puisse-t-il interc\u00e9der pour nous, malgr\u00e9 ses souffrances, et nous d\u00e9livrer de ce satan\u00e9 virus\u00a0!<\/figcaption><\/figure>\r\n\r\n\r\n\r\n<p>Plus rare encore, ce tr\u00e8s beau t\u00e9moignage personnel de <strong>Marie-Agn\u00e8s<\/strong> datant du Printemps 1975, sur l&rsquo;\u00eele au fleur de la Meinau, accompagn\u00e9 de cette belle phrase \u00e0 m\u00e9diter : \u00ab <em>Le bonheur fleurit l\u00e0 o\u00f9 vous le plantez.<\/em> \u00bb Merci.<\/p>\r\n\r\n\r\n\r\n<figure class=\"wp-block-image size-large\"><img decoding=\"async\" src=\"https:\/\/gaisgodillots-cv.fr\/Images\/MarieAgnes1.png\" \/><\/figure>\r\n\r\n\r\n\r\n<figure class=\"wp-block-image size-large\"><img decoding=\"async\" src=\"https:\/\/gaisgodillots-cv.fr\/Images\/MarieAgnes2.png\" \/><\/figure>\r\n\r\n\r\n\r\n<figure class=\"wp-block-image size-large\"><img decoding=\"async\" src=\"https:\/\/gaisgodillots-cv.fr\/Images\/MarieAgnes3.png\" \/><\/figure>\r\n\r\n\r\n\r\n<p><strong>\u00c9dith et Dany<\/strong> partagent avec nous quelques photos de la sortie en for\u00eat noire de ao\u00fbt 2018 au lac de Mummelsee :<\/p>\r\n\r\n\r\n\r\n<figure class=\"wp-block-image size-large\"><img decoding=\"async\" src=\"https:\/\/gaisgodillots-cv.fr\/Images\/Nous-sommes-en-for\u00eat-noire.jpg\" \/><figcaption>Nous sommes en for\u00eat noire<\/figcaption><\/figure>\r\n\r\n\r\n\r\n<figure class=\"wp-block-image size-large\"><img decoding=\"async\" src=\"https:\/\/gaisgodillots-cv.fr\/Images\/La-Lotharpfad.jpg\" \/><figcaption>La Lotharpfad<\/figcaption><\/figure>\r\n\r\n\r\n\r\n<figure class=\"wp-block-image size-large\"><img decoding=\"async\" src=\"https:\/\/gaisgodillots-cv.fr\/Images\/La-tour-dU-Hornisgrindeturm.jpg\" \/><figcaption>La tour du Hornisgrindeturm<\/figcaption><\/figure>\r\n\r\n\r\n\r\n<figure class=\"wp-block-image size-large\"><img decoding=\"async\" src=\"https:\/\/gaisgodillots-cv.fr\/Images\/Mont\u00e9e-vers-le-Hornisgrindeturm.jpg\" \/><figcaption>Mont\u00e9e vers le Hornisgrindeturm<\/figcaption><\/figure>\r\n\r\n\r\n\r\n<figure class=\"wp-block-image size-large\"><img decoding=\"async\" src=\"https:\/\/gaisgodillots-cv.fr\/Images\/Londine-du-lac-Mummel.jpg\" \/><figcaption>L&rsquo;ondine du lac Mummel<\/figcaption><\/figure>\r\n\r\n\r\n\r\n<figure class=\"wp-block-image size-large\"><img decoding=\"async\" src=\"https:\/\/gaisgodillots-cv.fr\/Images\/La-Lotharpfad-2.jpg\" \/><figcaption>La Lotharpfad<\/figcaption><\/figure>\r\n\r\n\r\n\r\n<figure class=\"wp-block-image size-large\"><img decoding=\"async\" src=\"https:\/\/gaisgodillots-cv.fr\/Images\/La-Lotharpfad-3.jpg\" \/><figcaption>La Lotharpfad<\/figcaption><\/figure>\r\n\r\n\r\n\r\n<figure class=\"wp-block-image size-large\"><img decoding=\"async\" src=\"https:\/\/gaisgodillots-cv.fr\/Images\/Collation-\u00e0-la-tour.jpg\" \/><figcaption>Collation \u00e0 la tour<\/figcaption><\/figure>\r\n\r\n\r\n\r\n<p><strong>Yvette et Jean-Claude<\/strong> \u00e9voquent avec nous Heidelberg et la statue d&rsquo;une de ses c\u00e9l\u00e9brit\u00e9s :<\/p>\r\n\r\n\r\n\r\n<figure class=\"wp-block-image size-large\"><img decoding=\"async\" src=\"https:\/\/gaisgodillots-cv.fr\/Images\/20190815_131930.jpg\" \/><figcaption><strong>Robert Wilhelm Bunsen<\/strong>&nbsp;( 30 mars 1811 \u00e0 G\u00f6ttingen en Allemagne &#8211; 16 ao\u00fbt 1899 \u00e0 Heidelberg en Allemagne) est un chimiste allemand. Inventeur du bec du m\u00eame nom.<\/figcaption><\/figure>\r\n\r\n\r\n\r\n<p><strong>Fran\u00e7oise et Jean-Louis<\/strong> nous offrent un magnifique diaporama accompagn\u00e9 de ce commentaire :<\/p>\r\n\r\n\r\n\r\n<p>\u00ab <em>Au soleil o\u00f9 sous la pluie comme en 2015.<br>Voil\u00e0 ce qu\u2019aurait pu \u00eatre notre balade du 3 mai 2020.<br>Apparemment, d\u2019apr\u00e8s la m\u00e9t\u00e9o au lac de Constance &nbsp;&nbsp;\u201cNuages et Soleil\u201c.<br>Prenez peut-\u00eatre un pull\u2026 Bon voyage\u2026 <\/em>\u00bb<\/p>\r\n\r\n\r\n\r\n\n<div id=\"wpfp_b695cb8017d2bf5a6dc4dbeb25846ac4\" data-item=\"{&quot;sources&quot;:[{&quot;src&quot;:&quot;http:\\\/\\\/gaisgodillots-cv.fr\\\/Images\\\/Allemagne.mp4&quot;,&quot;type&quot;:&quot;video\\\/mp4&quot;}],&quot;id&quot;:&quot;31&quot;}\" class=\"flowplayer no-brand is-splash is-paused skin-custom no-svg fp-full fp-edgy bottom-fs\" data-fv-embed=\"https:\/\/gaisgodillots-cv.fr\/?page_id=1929&amp;fv_player_embed=fvp-31\" style=\"position:relative; max-width: 640px; max-height: 360px; \" data-ratio=\"0.5625\">\n\t<div class=\"fp-ratio\" style=\"padding-top: 56.25%\"><\/div>\n\t<div class=\"fp-ui\"><noscript>Please enable JavaScript<\/noscript><div class=\"fp-play fp-visible\"><svg class=\"fp-play-sharp-fill\" xmlns=\"http:\/\/www.w3.org\/2000\/svg\" viewBox=\"0 0 100 100\"><defs><style>.fp-color-play{opacity:0.65;}.controlbutton{fill:#fff;}<\/style><\/defs><title>play-sharp-fill<\/title><path class=\"fp-color-play\" d=\"M49.9217-.078a50,50,0,1,0,50,50A50.0564,50.0564,0,0,0,49.9217-.078Z\"\/><polygon class=\"controlbutton\" points=\"73.601 50 37.968 70.573 37.968 29.427 73.601 50\" filter=\"url(#f1)\"\/><\/svg><\/div><div class=\"fp-preload\"><b><\/b><b><\/b><b><\/b><b><\/b><\/div><\/div>\n<div class='fvp-share-bar'><ul class=\"fvp-sharing\">\r\n    <li><a class=\"sharing-facebook\" href=\"https:\/\/www.facebook.com\/sharer\/sharer.php?u=https%3A%2F%2Fgaisgodillots-cv.fr%2F%3Fpage_id%3D1929\" target=\"_blank\"><\/a><\/li>\r\n    <li><a class=\"sharing-twitter\" href=\"https:\/\/twitter.com\/intent\/tweet?text=Les+Gais+Godillots+&url=https%3A%2F%2Fgaisgodillots-cv.fr%2F%3Fpage_id%3D1929\" target=\"_blank\"><\/a><\/li>\r\n    <li><a class=\"sharing-email\" href=\"mailto:?body=Check%20out%20the%20amazing%20video%20here%3A%20https%3A%2F%2Fgaisgodillots-cv.fr%2F%3Fpage_id%3D1929\" target=\"_blank\"><\/a><\/li><\/ul><div><a class=\"sharing-link\" href=\"https:\/\/gaisgodillots-cv.fr\/?page_id=1929\" target=\"_blank\">Link<\/a><\/div><div><label><a class=\"embed-code-toggle\" href=\"#\"><strong>Embed<\/strong><\/a><\/label><\/div><div class=\"embed-code\"><label>Copy and paste this HTML code into your webpage to embed.<\/label><textarea><\/textarea><\/div><\/div>\n<\/div>\n\n\r\n\r\n\r\n\r\n<p><strong>Maryvonne<\/strong> nous laisse ce message et cette vid\u00e9o :<\/p>\r\n\r\n\r\n\r\n<p>\u00ab&nbsp;<em>Bonjour amis Godillots !<br>Je vous propose une petite balade virtuelle au Lac de Constance.<br>A bient\u00f4t !<br>Prenez soin de vous.<br>Bises.<br>Maryvonne la petite souris.&nbsp;<\/em>\u00bb<\/p>\r\n\r\n\r\n\r\n\n<div id=\"wpfp_41e7aca821a3c0690a88e3f6dfdbd3b1\" data-item=\"{&quot;sources&quot;:[{&quot;src&quot;:&quot;http:\\\/\\\/gaisgodillots-cv.fr\\\/Images\\\/Promenade-au-Lac-de-Constance.mp4&quot;,&quot;type&quot;:&quot;video\\\/mp4&quot;}],&quot;id&quot;:&quot;34&quot;}\" class=\"flowplayer no-brand is-splash is-paused skin-custom no-svg fp-full fp-edgy bottom-fs\" data-fv-embed=\"https:\/\/gaisgodillots-cv.fr\/?page_id=1929&amp;fv_player_embed=fvp-34\" style=\"position:relative; max-width: 640px; max-height: 360px; \" data-ratio=\"0.5625\">\n\t<div class=\"fp-ratio\" style=\"padding-top: 56.25%\"><\/div>\n\t<div class=\"fp-ui\"><noscript>Please enable JavaScript<\/noscript><div class=\"fp-play fp-visible\"><svg class=\"fp-play-sharp-fill\" xmlns=\"http:\/\/www.w3.org\/2000\/svg\" viewBox=\"0 0 100 100\"><defs><style>.fp-color-play{opacity:0.65;}.controlbutton{fill:#fff;}<\/style><\/defs><title>play-sharp-fill<\/title><path class=\"fp-color-play\" d=\"M49.9217-.078a50,50,0,1,0,50,50A50.0564,50.0564,0,0,0,49.9217-.078Z\"\/><polygon class=\"controlbutton\" points=\"73.601 50 37.968 70.573 37.968 29.427 73.601 50\" filter=\"url(#f1)\"\/><\/svg><\/div><div class=\"fp-preload\"><b><\/b><b><\/b><b><\/b><b><\/b><\/div><\/div>\n<div class='fvp-share-bar'><ul class=\"fvp-sharing\">\r\n    <li><a class=\"sharing-facebook\" href=\"https:\/\/www.facebook.com\/sharer\/sharer.php?u=https%3A%2F%2Fgaisgodillots-cv.fr%2F%3Fpage_id%3D1929\" target=\"_blank\"><\/a><\/li>\r\n    <li><a class=\"sharing-twitter\" href=\"https:\/\/twitter.com\/intent\/tweet?text=Les+Gais+Godillots+&url=https%3A%2F%2Fgaisgodillots-cv.fr%2F%3Fpage_id%3D1929\" target=\"_blank\"><\/a><\/li>\r\n    <li><a class=\"sharing-email\" href=\"mailto:?body=Check%20out%20the%20amazing%20video%20here%3A%20https%3A%2F%2Fgaisgodillots-cv.fr%2F%3Fpage_id%3D1929\" target=\"_blank\"><\/a><\/li><\/ul><div><a class=\"sharing-link\" href=\"https:\/\/gaisgodillots-cv.fr\/?page_id=1929\" target=\"_blank\">Link<\/a><\/div><div><label><a class=\"embed-code-toggle\" href=\"#\"><strong>Embed<\/strong><\/a><\/label><\/div><div class=\"embed-code\"><label>Copy and paste this HTML code into your webpage to embed.<\/label><textarea><\/textarea><\/div><\/div>\n<\/div>\n\n\r\n\r\n\r\n\r\n<p><strong>Simone et Pierrot<\/strong> nous emm\u00e8nent dans les paysages de la for\u00eat noire :<\/p>\r\n\r\n\r\n\r\n<p>\u00ab <em>Bon confinement ! A bient\u00f4t. Avec les Gais Godillots. <\/em>\u00bb<\/p>\r\n\r\n\r\n\r\n\n<div id=\"wpfp_33b46f1c1754554d4366c910629a4c41\" data-item=\"{&quot;sources&quot;:[{&quot;src&quot;:&quot;http:\\\/\\\/gaisgodillots-cv.fr\\\/Images\\\/ForetNoire.mp4&quot;,&quot;type&quot;:&quot;video\\\/mp4&quot;}],&quot;id&quot;:&quot;30&quot;}\" class=\"flowplayer no-brand is-splash is-paused skin-custom no-svg fp-full fp-edgy bottom-fs\" data-fv-embed=\"https:\/\/gaisgodillots-cv.fr\/?page_id=1929&amp;fv_player_embed=fvp-30\" style=\"position:relative; max-width: 640px; max-height: 360px; \" data-ratio=\"0.5625\">\n\t<div class=\"fp-ratio\" style=\"padding-top: 56.25%\"><\/div>\n\t<div class=\"fp-ui\"><noscript>Please enable JavaScript<\/noscript><div class=\"fp-play fp-visible\"><svg class=\"fp-play-sharp-fill\" xmlns=\"http:\/\/www.w3.org\/2000\/svg\" viewBox=\"0 0 100 100\"><defs><style>.fp-color-play{opacity:0.65;}.controlbutton{fill:#fff;}<\/style><\/defs><title>play-sharp-fill<\/title><path class=\"fp-color-play\" d=\"M49.9217-.078a50,50,0,1,0,50,50A50.0564,50.0564,0,0,0,49.9217-.078Z\"\/><polygon class=\"controlbutton\" points=\"73.601 50 37.968 70.573 37.968 29.427 73.601 50\" filter=\"url(#f1)\"\/><\/svg><\/div><div class=\"fp-preload\"><b><\/b><b><\/b><b><\/b><b><\/b><\/div><\/div>\n<div class='fvp-share-bar'><ul class=\"fvp-sharing\">\r\n    <li><a class=\"sharing-facebook\" href=\"https:\/\/www.facebook.com\/sharer\/sharer.php?u=https%3A%2F%2Fgaisgodillots-cv.fr%2F%3Fpage_id%3D1929\" target=\"_blank\"><\/a><\/li>\r\n    <li><a class=\"sharing-twitter\" href=\"https:\/\/twitter.com\/intent\/tweet?text=Les+Gais+Godillots+&url=https%3A%2F%2Fgaisgodillots-cv.fr%2F%3Fpage_id%3D1929\" target=\"_blank\"><\/a><\/li>\r\n    <li><a class=\"sharing-email\" href=\"mailto:?body=Check%20out%20the%20amazing%20video%20here%3A%20https%3A%2F%2Fgaisgodillots-cv.fr%2F%3Fpage_id%3D1929\" target=\"_blank\"><\/a><\/li><\/ul><div><a class=\"sharing-link\" href=\"https:\/\/gaisgodillots-cv.fr\/?page_id=1929\" target=\"_blank\">Link<\/a><\/div><div><label><a class=\"embed-code-toggle\" href=\"#\"><strong>Embed<\/strong><\/a><\/label><\/div><div class=\"embed-code\"><label>Copy and paste this HTML code into your webpage to embed.<\/label><textarea><\/textarea><\/div><\/div>\n<\/div>\n\n\r\n\r\n\r\n\r\n<p>Et nous montrent la sagesse :<\/p>\r\n\r\n\r\n\r\n\n<div id=\"wpfp_570b88294e2317138d675bea48d844fe\" data-item=\"{&quot;sources&quot;:[{&quot;src&quot;:&quot;http:\\\/\\\/gaisgodillots-cv.fr\\\/Images\\\/Vieillir.mp4&quot;,&quot;type&quot;:&quot;video\\\/mp4&quot;}],&quot;id&quot;:&quot;32&quot;}\" class=\"flowplayer no-brand is-splash is-paused skin-custom no-svg fp-full fp-edgy bottom-fs\" data-fv-embed=\"https:\/\/gaisgodillots-cv.fr\/?page_id=1929&amp;fv_player_embed=fvp-32\" style=\"position:relative; max-width: 640px; max-height: 360px; \" data-ratio=\"0.5625\">\n\t<div class=\"fp-ratio\" style=\"padding-top: 56.25%\"><\/div>\n\t<div class=\"fp-ui\"><noscript>Please enable JavaScript<\/noscript><div class=\"fp-play fp-visible\"><svg class=\"fp-play-sharp-fill\" xmlns=\"http:\/\/www.w3.org\/2000\/svg\" viewBox=\"0 0 100 100\"><defs><style>.fp-color-play{opacity:0.65;}.controlbutton{fill:#fff;}<\/style><\/defs><title>play-sharp-fill<\/title><path class=\"fp-color-play\" d=\"M49.9217-.078a50,50,0,1,0,50,50A50.0564,50.0564,0,0,0,49.9217-.078Z\"\/><polygon class=\"controlbutton\" points=\"73.601 50 37.968 70.573 37.968 29.427 73.601 50\" filter=\"url(#f1)\"\/><\/svg><\/div><div class=\"fp-preload\"><b><\/b><b><\/b><b><\/b><b><\/b><\/div><\/div>\n<div class='fvp-share-bar'><ul class=\"fvp-sharing\">\r\n    <li><a class=\"sharing-facebook\" href=\"https:\/\/www.facebook.com\/sharer\/sharer.php?u=https%3A%2F%2Fgaisgodillots-cv.fr%2F%3Fpage_id%3D1929\" target=\"_blank\"><\/a><\/li>\r\n    <li><a class=\"sharing-twitter\" href=\"https:\/\/twitter.com\/intent\/tweet?text=Les+Gais+Godillots+&url=https%3A%2F%2Fgaisgodillots-cv.fr%2F%3Fpage_id%3D1929\" target=\"_blank\"><\/a><\/li>\r\n    <li><a class=\"sharing-email\" href=\"mailto:?body=Check%20out%20the%20amazing%20video%20here%3A%20https%3A%2F%2Fgaisgodillots-cv.fr%2F%3Fpage_id%3D1929\" target=\"_blank\"><\/a><\/li><\/ul><div><a class=\"sharing-link\" href=\"https:\/\/gaisgodillots-cv.fr\/?page_id=1929\" target=\"_blank\">Link<\/a><\/div><div><label><a class=\"embed-code-toggle\" href=\"#\"><strong>Embed<\/strong><\/a><\/label><\/div><div class=\"embed-code\"><label>Copy and paste this HTML code into your webpage to embed.<\/label><textarea><\/textarea><\/div><\/div>\n<\/div>\n\n\r\n\r\n\r\n\r\n<p>Une touche de fantaisie de la part d&rsquo;<strong>Yvon<\/strong> pour nous remonter le moral en ces temps difficiles :<\/p>\r\n\r\n\r\n\r\n\n<div id=\"wpfp_f3f062c21f2e8214678a8276bd7ddf06\" data-item=\"{&quot;sources&quot;:[{&quot;src&quot;:&quot;http:\\\/\\\/gaisgodillots-cv.fr\\\/Images\\\/PortezLeMasque.mp4&quot;,&quot;type&quot;:&quot;video\\\/mp4&quot;}],&quot;id&quot;:&quot;33&quot;}\" class=\"flowplayer no-brand is-splash is-paused skin-custom no-svg fp-full fp-edgy bottom-fs\" data-fv-embed=\"https:\/\/gaisgodillots-cv.fr\/?page_id=1929&amp;fv_player_embed=fvp-33\" style=\"position:relative; max-width: 640px; max-height: 360px; \" data-ratio=\"0.5625\">\n\t<div class=\"fp-ratio\" style=\"padding-top: 56.25%\"><\/div>\n\t<div class=\"fp-ui\"><noscript>Please enable JavaScript<\/noscript><div class=\"fp-play fp-visible\"><svg class=\"fp-play-sharp-fill\" xmlns=\"http:\/\/www.w3.org\/2000\/svg\" viewBox=\"0 0 100 100\"><defs><style>.fp-color-play{opacity:0.65;}.controlbutton{fill:#fff;}<\/style><\/defs><title>play-sharp-fill<\/title><path class=\"fp-color-play\" d=\"M49.9217-.078a50,50,0,1,0,50,50A50.0564,50.0564,0,0,0,49.9217-.078Z\"\/><polygon class=\"controlbutton\" points=\"73.601 50 37.968 70.573 37.968 29.427 73.601 50\" filter=\"url(#f1)\"\/><\/svg><\/div><div class=\"fp-preload\"><b><\/b><b><\/b><b><\/b><b><\/b><\/div><\/div>\n<div class='fvp-share-bar'><ul class=\"fvp-sharing\">\r\n    <li><a class=\"sharing-facebook\" href=\"https:\/\/www.facebook.com\/sharer\/sharer.php?u=https%3A%2F%2Fgaisgodillots-cv.fr%2F%3Fpage_id%3D1929\" target=\"_blank\"><\/a><\/li>\r\n    <li><a class=\"sharing-twitter\" href=\"https:\/\/twitter.com\/intent\/tweet?text=Les+Gais+Godillots+&url=https%3A%2F%2Fgaisgodillots-cv.fr%2F%3Fpage_id%3D1929\" target=\"_blank\"><\/a><\/li>\r\n    <li><a class=\"sharing-email\" href=\"mailto:?body=Check%20out%20the%20amazing%20video%20here%3A%20https%3A%2F%2Fgaisgodillots-cv.fr%2F%3Fpage_id%3D1929\" target=\"_blank\"><\/a><\/li><\/ul><div><a class=\"sharing-link\" href=\"https:\/\/gaisgodillots-cv.fr\/?page_id=1929\" target=\"_blank\">Link<\/a><\/div><div><label><a class=\"embed-code-toggle\" href=\"#\"><strong>Embed<\/strong><\/a><\/label><\/div><div class=\"embed-code\"><label>Copy and paste this HTML code into your webpage to embed.<\/label><textarea><\/textarea><\/div><\/div>\n<\/div>\n\n\r\n\r\n\r\n\r\n<p>Merci aux participants du jour et je donne rendez-vous \u00e0 tous les gais godillots volontaires le 7 Mai pour une nouvelle marche \u00ab virtuelle \u00bb sur le sentier du textile \u00e0 La Bresse.<\/p>\r\n\r\n\r\n\r\n<p>Prenez bien soins de vous et de votre entourage.<\/p>\r\n\r\n\r\n\r\n<p>Patrick<\/p>\r\n","protected":false},"excerpt":{"rendered":"<p>Bonjour \u00e0 tous, En souvenir de nos sorties pass\u00e9es en Allemagne : Pour d\u00e9buter, quelques photos et anecdotes de Francine et Roger : \u00ab 2 mai 2015. Il y a cinq ans.Il pleuvait&nbsp;! Que d\u2019eau, que d\u2019eau&nbsp;!Passage&nbsp; aux chutes du Rhin. Impressionnant et superbe m\u00eame avec la grisaille, avant de prendre la route vers l\u2019\u00eele &hellip; <a href=\"https:\/\/gaisgodillots-cv.fr\/?page_id=1929\" class=\"more-link\">Continuer la lecture<span class=\"screen-reader-text\"> de &laquo;&nbsp;Souvenirs d&rsquo;Allemagne &#8211; Lac de Constance&nbsp;&raquo;<\/span><\/a><\/p>\n","protected":false},"author":1,"featured_media":0,"parent":0,"menu_order":0,"comment_status":"closed","ping_status":"closed","template":"","meta":{"_uag_custom_page_level_css":"","footnotes":""},"class_list":["post-1929","page","type-page","status-publish","hentry"],"uagb_featured_image_src":{"full":false,"thumbnail":false,"medium":false,"medium_large":false,"large":false,"1536x1536":false,"2048x2048":false,"gg_gallery_thumbnail":false,"post-thumbnail":false},"uagb_author_info":{"display_name":"admin4159","author_link":"https:\/\/gaisgodillots-cv.fr\/?author=1"},"uagb_comment_info":0,"uagb_excerpt":"Bonjour \u00e0 tous, En souvenir de nos sorties pass\u00e9es en Allemagne : Pour d\u00e9buter, quelques photos et anecdotes de Francine et Roger : \u00ab 2 mai 2015. Il y a cinq ans.Il pleuvait&nbsp;! Que d\u2019eau, que d\u2019eau&nbsp;!Passage&nbsp; aux chutes du Rhin. Impressionnant et superbe m\u00eame avec la grisaille, avant de prendre la route vers l\u2019\u00eele\u2026","_links":{"self":[{"href":"https:\/\/gaisgodillots-cv.fr\/index.php?rest_route=\/wp\/v2\/pages\/1929","targetHints":{"allow":["GET"]}}],"collection":[{"href":"https:\/\/gaisgodillots-cv.fr\/index.php?rest_route=\/wp\/v2\/pages"}],"about":[{"href":"https:\/\/gaisgodillots-cv.fr\/index.php?rest_route=\/wp\/v2\/types\/page"}],"author":[{"embeddable":true,"href":"https:\/\/gaisgodillots-cv.fr\/index.php?rest_route=\/wp\/v2\/users\/1"}],"replies":[{"embeddable":true,"href":"https:\/\/gaisgodillots-cv.fr\/index.php?rest_route=%2Fwp%2Fv2%2Fcomments&post=1929"}],"version-history":[{"count":14,"href":"https:\/\/gaisgodillots-cv.fr\/index.php?rest_route=\/wp\/v2\/pages\/1929\/revisions"}],"predecessor-version":[{"id":5812,"href":"https:\/\/gaisgodillots-cv.fr\/index.php?rest_route=\/wp\/v2\/pages\/1929\/revisions\/5812"}],"wp:attachment":[{"href":"https:\/\/gaisgodillots-cv.fr\/index.php?rest_route=%2Fwp%2Fv2%2Fmedia&parent=1929"}],"curies":[{"name":"wp","href":"https:\/\/api.w.org\/{rel}","templated":true}]}}