{"id":1810,"date":"2020-04-15T18:12:19","date_gmt":"2020-04-15T16:12:19","guid":{"rendered":"http:\/\/gaisgodillots-cv.fr\/?page_id=1810"},"modified":"2025-10-23T10:48:37","modified_gmt":"2025-10-23T08:48:37","slug":"vers-bois-de-champ","status":"publish","type":"page","link":"https:\/\/gaisgodillots-cv.fr\/?page_id=1810","title":{"rendered":"Vers Bois-de-Champ"},"content":{"rendered":"\r\n<p>Bonjour,<\/p>\r\n\r\n\r\n\r\n<p>\u00c0 d\u00e9faut de Bois-de-Champ, esp\u00e9rons que nous n&rsquo;avons pas eu de bois en bordure de champ &#8230; Par <strong>Dany<\/strong> :<\/p>\r\n\r\n\r\n\r\n<figure class=\"wp-block-image size-large\"><img decoding=\"async\" src=\"https:\/\/gaisgodillots-cv.fr\/Images\/BoisEnBordureDeChamp.jpg\" \/><\/figure>\r\n\r\n\r\n\r\n<p>En plus de son soutien, voici un petit commentaire sur Bois-de-Champ que nous fait parvenir <strong>Marie-Agn\u00e8s<\/strong> :<br>\u00ab\u00a0<em>La scierie de Bois de Champs a \u00e9t\u00e9 achet\u00e9e par la famille Frachet en 1964.<br>Elle date de 1800 environ et a fonctionn\u00e9 jusqu en 1990.<br>Le m\u00e9tier de Mr Frachet \u00e9tait Sagard.<br>La scierie fonctionnait par la force hydraulique soit une roue \u00e0 eau comme un moulin ou alors une turbine ce qui \u00e9tait le cas de la scierie de Bois de Champs.<br>Toutes les scieries \u00e9taient install\u00e9es au bord de l&rsquo;eau dans la vall\u00e9e de Bois de Champs elles ont peu a peu disparu pour \u00eatre remplac\u00e9es par des scieries \u00e0 ruban comme celle de Brouvelieures.<br>Le m\u00e9tier de Sagard \u00e9tait tr\u00e8s physique, dans un cadre forestier id\u00e9al pour une p\u00e9riode de confinement.\u00a0<\/em>\u00bb<\/p>\r\n\r\n\r\n\r\n<figure class=\"wp-block-image size-large is-resized\"><img decoding=\"async\" src=\"https:\/\/gaisgodillots-cv.fr\/Images\/IMG_0742.jpeg\" \/><\/figure>\r\n\r\n\r\n\r\n<figure class=\"wp-block-image size-large\"><img decoding=\"async\" src=\"https:\/\/gaisgodillots-cv.fr\/Images\/IMG_0744.jpeg\" \/><\/figure>\r\n\r\n\r\n\r\n<figure class=\"wp-block-image size-large is-resized\"><img decoding=\"async\" src=\"https:\/\/gaisgodillots-cv.fr\/Images\/IMG_0743.jpeg\" \/><\/figure>\r\n\r\n\r\n\r\n<p><strong>Fran\u00e7oise en Jean-Louis<\/strong> nous font parvenir un superbe montage vid\u00e9o sur la floraison actuelle des jonquilles :<\/p>\r\n\r\n\r\n\r\n\n<div id=\"wpfp_5007189771501af62ef71ffef998ff86\" data-item=\"{&quot;sources&quot;:[{&quot;src&quot;:&quot;http:\\\/\\\/gaisgodillots-cv.fr\\\/Images\\\/Jonquilles2020.mp4&quot;,&quot;type&quot;:&quot;video\\\/mp4&quot;}],&quot;id&quot;:&quot;27&quot;}\" class=\"flowplayer no-brand is-splash is-paused skin-custom no-svg fp-full fp-edgy bottom-fs\" data-fv-embed=\"https:\/\/gaisgodillots-cv.fr\/?page_id=1810&amp;fv_player_embed=fvp-27\" style=\"position:relative; max-width: 640px; max-height: 360px; \" data-ratio=\"0.5625\">\n\t<div class=\"fp-ratio\" style=\"padding-top: 56.25%\"><\/div>\n\t<div class=\"fp-ui\"><noscript>Please enable JavaScript<\/noscript><div class=\"fp-play fp-visible\"><svg class=\"fp-play-sharp-fill\" xmlns=\"http:\/\/www.w3.org\/2000\/svg\" viewBox=\"0 0 100 100\"><defs><style>.fp-color-play{opacity:0.65;}.controlbutton{fill:#fff;}<\/style><\/defs><title>play-sharp-fill<\/title><path class=\"fp-color-play\" d=\"M49.9217-.078a50,50,0,1,0,50,50A50.0564,50.0564,0,0,0,49.9217-.078Z\"\/><polygon class=\"controlbutton\" points=\"73.601 50 37.968 70.573 37.968 29.427 73.601 50\" filter=\"url(#f1)\"\/><\/svg><\/div><div class=\"fp-preload\"><b><\/b><b><\/b><b><\/b><b><\/b><\/div><\/div>\n<div class='fvp-share-bar'><ul class=\"fvp-sharing\">\r\n    <li><a class=\"sharing-facebook\" href=\"https:\/\/www.facebook.com\/sharer\/sharer.php?u=https%3A%2F%2Fgaisgodillots-cv.fr%2F%3Fpage_id%3D1810\" target=\"_blank\"><\/a><\/li>\r\n    <li><a class=\"sharing-twitter\" href=\"https:\/\/twitter.com\/intent\/tweet?text=Les+Gais+Godillots+&url=https%3A%2F%2Fgaisgodillots-cv.fr%2F%3Fpage_id%3D1810\" target=\"_blank\"><\/a><\/li>\r\n    <li><a class=\"sharing-email\" href=\"mailto:?body=Check%20out%20the%20amazing%20video%20here%3A%20https%3A%2F%2Fgaisgodillots-cv.fr%2F%3Fpage_id%3D1810\" target=\"_blank\"><\/a><\/li><\/ul><div><a class=\"sharing-link\" href=\"https:\/\/gaisgodillots-cv.fr\/?page_id=1810\" target=\"_blank\">Link<\/a><\/div><div><label><a class=\"embed-code-toggle\" href=\"#\"><strong>Embed<\/strong><\/a><\/label><\/div><div class=\"embed-code\"><label>Copy and paste this HTML code into your webpage to embed.<\/label><textarea><\/textarea><\/div><\/div>\n<\/div>\n\n\r\n\r\n\r\n\r\n<p><strong>Mich\u00e8le et Yvon<\/strong> nous invitent \u00e0 visiter ce superbe site regroupant de magnifiques photos de nos paysages vosgiens et alsaciens : <a href=\"https:\/\/alsacevosges.fr\" class=\"aioseop-link\">https:\/\/alsacevosges.fr<\/a><\/p>\r\n\r\n\r\n\r\n<p>Merci aux participants du jour et je donne rendez-vous \u00e0 tous les gais godillots volontaires le 26 Avril pour une nouvelle marche \u00ab virtuelle&nbsp;\u00bb vers Le Br\u00e9zouard.<br>Le mot de la fin sera pour <strong>Jacqueline et Jean-Pierre<\/strong> :<\/p>\r\n\r\n\r\n\r\n<figure class=\"wp-block-image size-large is-resized\"><img decoding=\"async\" src=\"https:\/\/gaisgodillots-cv.fr\/Images\/IMG_0745.jpeg\" \/><figcaption>On l&rsquo;aura ! On l&rsquo;aura !! \ud83d\ude24\ud83d\ude21\ud83d\ude21<\/figcaption><\/figure>\r\n\r\n\r\n\r\n<p>Prenez bien soins de vous et de votre entourage.<\/p>\r\n\r\n\r\n\r\n<p>Patrick<\/p>\r\n","protected":false},"excerpt":{"rendered":"<p>Bonjour, \u00c0 d\u00e9faut de Bois-de-Champ, esp\u00e9rons que nous n&rsquo;avons pas eu de bois en bordure de champ &#8230; Par Dany : En plus de son soutien, voici un petit commentaire sur Bois-de-Champ que nous fait parvenir Marie-Agn\u00e8s :\u00ab\u00a0La scierie de Bois de Champs a \u00e9t\u00e9 achet\u00e9e par la famille Frachet en 1964.Elle date de 1800 &hellip; <a href=\"https:\/\/gaisgodillots-cv.fr\/?page_id=1810\" class=\"more-link\">Continuer la lecture<span class=\"screen-reader-text\"> de &laquo;&nbsp;Vers Bois-de-Champ&nbsp;&raquo;<\/span><\/a><\/p>\n","protected":false},"author":1,"featured_media":0,"parent":0,"menu_order":0,"comment_status":"closed","ping_status":"closed","template":"","meta":{"_uag_custom_page_level_css":"","footnotes":""},"class_list":["post-1810","page","type-page","status-publish","hentry"],"uagb_featured_image_src":{"full":false,"thumbnail":false,"medium":false,"medium_large":false,"large":false,"1536x1536":false,"2048x2048":false,"gg_gallery_thumbnail":false,"post-thumbnail":false},"uagb_author_info":{"display_name":"admin4159","author_link":"https:\/\/gaisgodillots-cv.fr\/?author=1"},"uagb_comment_info":0,"uagb_excerpt":"Bonjour, \u00c0 d\u00e9faut de Bois-de-Champ, esp\u00e9rons que nous n&rsquo;avons pas eu de bois en bordure de champ &#8230; Par Dany : En plus de son soutien, voici un petit commentaire sur Bois-de-Champ que nous fait parvenir Marie-Agn\u00e8s :\u00ab\u00a0La scierie de Bois de Champs a \u00e9t\u00e9 achet\u00e9e par la famille Frachet en 1964.Elle date de 1800\u2026","_links":{"self":[{"href":"https:\/\/gaisgodillots-cv.fr\/index.php?rest_route=\/wp\/v2\/pages\/1810","targetHints":{"allow":["GET"]}}],"collection":[{"href":"https:\/\/gaisgodillots-cv.fr\/index.php?rest_route=\/wp\/v2\/pages"}],"about":[{"href":"https:\/\/gaisgodillots-cv.fr\/index.php?rest_route=\/wp\/v2\/types\/page"}],"author":[{"embeddable":true,"href":"https:\/\/gaisgodillots-cv.fr\/index.php?rest_route=\/wp\/v2\/users\/1"}],"replies":[{"embeddable":true,"href":"https:\/\/gaisgodillots-cv.fr\/index.php?rest_route=%2Fwp%2Fv2%2Fcomments&post=1810"}],"version-history":[{"count":9,"href":"https:\/\/gaisgodillots-cv.fr\/index.php?rest_route=\/wp\/v2\/pages\/1810\/revisions"}],"predecessor-version":[{"id":5390,"href":"https:\/\/gaisgodillots-cv.fr\/index.php?rest_route=\/wp\/v2\/pages\/1810\/revisions\/5390"}],"wp:attachment":[{"href":"https:\/\/gaisgodillots-cv.fr\/index.php?rest_route=%2Fwp%2Fv2%2Fmedia&parent=1810"}],"curies":[{"name":"wp","href":"https:\/\/api.w.org\/{rel}","templated":true}]}}