{"id":1522,"date":"2020-03-28T18:08:47","date_gmt":"2020-03-28T17:08:47","guid":{"rendered":"http:\/\/gaisgodillots-cv.fr\/?page_id=1522"},"modified":"2025-10-23T10:37:32","modified_gmt":"2025-10-23T08:37:32","slug":"vers-liezey-et-tous-ensemble","status":"publish","type":"page","link":"https:\/\/gaisgodillots-cv.fr\/?page_id=1522","title":{"rendered":"Vers Li\u00e9zey et tous ensemble"},"content":{"rendered":"\r\n<p>Bonjour,<\/p>\r\n\r\n\r\n\r\n<p>Tout d\u2019abord, les mots de Francine et Roger :<\/p>\r\n\r\n\r\n\r\n<p>\u00ab\u00a0<em>Des Godillots au repos.<br \/>Ils nous avaient d\u00e9j\u00e0 confin\u00e9s depuis pr\u00e8s de trois mois, dans leurs placards \u00e0 chaussures, nous autorisant quand m\u00eame \u00e0 quelques rares sorties. On piaffait d\u2019impatience de retrouver sentiers et chemins, les tapis mousseux et herbeux. Lors de leur assembl\u00e9e g\u00e9n\u00e9rale, ils nous avaient mis l\u2019eau \u00e0 nos semelles en nous proposant un programme prometteur.<br \/>Et puis la tuile\u00a0! Les voil\u00e0 confin\u00e9s \u00e0 leur tour et nous avec pour plus d\u2019un mois\u00a0!<br \/>Il ne nous reste plus qu\u2019\u00e0 prendre notre mal en patience, en esp\u00e9rant que leurs vieilles jambes ne s\u2019engourdiront pas trop et qu\u2019ils pourront nous ressortir le plus t\u00f4t possible.<br \/>Au plaisir de voir leurs pieds sportifs nous embaucher de nouveau. Bon courage \u00e0 tous, en vous esp\u00e9rant en bonne forme et avec le moral.<br \/>Deux Godillots impatients de vous retrouver.\u00a0<\/em>\u00bb<\/p>\r\n\r\n\r\n\r\n<p>Le th\u00e8me de cette randonn\u00e9e \u00ab\u00a0virtuelle\u00a0\u00bb est donc :<\/p>\r\n<ul>\r\n<li>Dans l\u2019id\u00e9al, un souvenir des environs de Li\u00e9zey.<\/li>\r\n<li>Une vue d\u2019un paysage actuel, d\u2019une plante de saison ou d\u2019un animal sauvage, peu \u00e9loign\u00e9e de votre domicile.<\/li>\r\n<li>Une anecdote rigolote de votre vie quotidienne durant ces quinze derniers jours.<\/li>\r\n<\/ul>\r\n<p>Pour exemple, <a href=\"https:\/\/gaisgodillots-cv.fr\/?page_id=1503\">cliquez ici<\/a>.<\/p>\r\n\r\n\r\n\r\n<p>Nous voici donc combl\u00e9s.<\/p>\r\n\r\n\r\n\r\n<p><strong>Pour les souvenirs de Li\u00e9zey et ses environs (de la part de Francine et Roger) :<\/strong><\/p>\r\n\r\n\r\n\r\n<figure class=\"wp-block-image size-large\"><img decoding=\"async\" src=\"https:\/\/gaisgodillots-cv.fr\/Images\/Liezey1.jpg\" \/>\r\n<figcaption>Il fait beau ce 10 avril 2011 pour rendre visite aux lamas de Berchigranges<\/figcaption>\r\n<\/figure>\r\n\r\n\r\n\r\n<figure class=\"wp-block-image size-large\"><img decoding=\"async\" src=\"https:\/\/gaisgodillots-cv.fr\/Images\/Liezey2.jpg\" \/>\r\n<figcaption>Boy a trop chaud et il prend son bain<\/figcaption>\r\n<\/figure>\r\n\r\n\r\n\r\n<figure class=\"wp-block-image size-large\"><img decoding=\"async\" src=\"https:\/\/gaisgodillots-cv.fr\/Images\/Liezey3.jpg\" \/>\r\n<figcaption>11 mai 2017 : temps incertain. Mais Michel s\u2019est d\u00e9couvert pour honorer notre seigneur devant une des nombreuses croix<\/figcaption>\r\n<\/figure>\r\n\r\n\r\n\r\n<figure class=\"wp-block-image size-large\"><img decoding=\"async\" src=\"https:\/\/gaisgodillots-cv.fr\/Images\/Liezey4.jpg\" \/>\r\n<figcaption>Simone n\u2019est pas curieuse mais elle voudrait savoir ce qui se passe dans ce fiarant<\/figcaption>\r\n<\/figure>\r\n\r\n\r\n\r\n<p><strong>Pour les paysages, plantes et animaux d\u2019ici ou ailleurs et toujours avec humour et bonne humeur :<\/strong><\/p>\r\n\r\n\r\n\r\n<p>Alors qu&rsquo;aujoud&rsquo;hui, le temps est maussade et que certains sombrent dans l&rsquo;alcoolisme en regardant par leur fen\u00eatre la neige tomb\u00e9e.<\/p>\r\n\r\n\r\n\r\n<figure class=\"wp-block-image size-large\"><img decoding=\"async\" src=\"https:\/\/gaisgodillots-cv.fr\/Images\/IMG_0718.jpeg\" \/>\r\n<figcaption>Vue par la fen\u00eatre du salon de Philippe.<\/figcaption>\r\n<\/figure>\r\n\r\n\r\n\r\n<p>Les jonquilles sont de sortie et cela ouvre l&rsquo;app\u00e9tit.<\/p>\r\n\r\n\r\n\r\n<figure class=\"wp-block-image size-large\"><img decoding=\"async\" src=\"https:\/\/gaisgodillots-cv.fr\/Images\/IMG_0714.jpeg\" \/>\r\n<figcaption>Pour la pose de midi un petit coin fleuri &#8230;<\/figcaption>\r\n<\/figure>\r\n\r\n\r\n\r\n<figure class=\"wp-block-image size-large\"><img decoding=\"async\" src=\"https:\/\/gaisgodillots-cv.fr\/Images\/IMG_0715.jpeg\" \/>\r\n<figcaption>&#8230; et mon premier pain cocotte, il manque le vin et le saucisson. (Coucou \u00e0 tous de la part de Marie-Agn\u00e8s)<\/figcaption>\r\n<\/figure>\r\n\r\n\r\n\r\n<p>Ce n&rsquo;est pas parce que les animaux n&rsquo;en feront toujours qu&rsquo;\u00e0 leur t\u00eate que nous devons nous comporter comme des \u00e2nes, alors, hygi\u00e8ne, sant\u00e9 et bonne humeur.<\/p>\r\n\r\n\r\n\r\n<figure class=\"wp-block-image size-large\"><img decoding=\"async\" src=\"https:\/\/gaisgodillots-cv.fr\/Images\/IMG_0706.jpeg\" \/>\r\n<figcaption>Ce sont des animaux sauvages, ils n\u2019ont pas voulu \u00eatre approch\u00e9s \u2026<\/figcaption>\r\n<\/figure>\r\n\r\n\r\n\r\n<figure class=\"wp-block-image size-large\"><img decoding=\"async\" src=\"https:\/\/gaisgodillots-cv.fr\/Images\/IMG_0707.jpeg\" \/>\r\n<figcaption>&#8230; Une bonne \u00ab folate \u00bb rousse apr\u00e8s une bonne journ\u00e9e de \u00ab gratouillage \u00bb dans nos jardins. (par \u00c9tidth et Dany)<\/figcaption>\r\n<\/figure>\r\n\r\n\r\n\r\n<p>Et pour que notre p\u00e9riple actuel, ne soit pas un chemin de croix, ensemble prenons nos pr\u00e9cautions :<\/p>\r\n\r\n\r\n\r\n<figure class=\"wp-block-image size-large\"><img decoding=\"async\" src=\"https:\/\/gaisgodillots-cv.fr\/Images\/Resized_20200323_155622_8708.jpeg\" \/>\r\n<figcaption>\u00ab\u00a0\u00c0\u00a0vous\u00a0tous gardez\u00a0le moral et le rire\u00a0surtout,\u00a0bon dimanche \u00e0 vous\u00a0amis godillots et bon\u00a0courage pour continuer\u00a0le confinement. \u00c0\u00a0tr\u00e8s bient\u00f4t!\u00a0\u00bb Maryvonne &#8230;<\/figcaption>\r\n<\/figure>\r\n\r\n\r\n\r\n<figure class=\"wp-block-image size-large\"><img decoding=\"async\" src=\"https:\/\/gaisgodillots-cv.fr\/Images\/IMG-20200326-WA0000.jpg\" \/>\r\n<figcaption>&#8230; Et bien \u00e9videmment, le conseil du jour de Maryvonne.<\/figcaption>\r\n<\/figure>\r\n\r\n\r\n\r\n<p>Et pendant ce temps, le monde, dans son ensemble, continue de tourner et rec\u00e8le toujours des tr\u00e9sors naturels magnifiques.<\/p>\r\n\r\n\r\n\r\n<figure class=\"wp-block-image size-large\"><img decoding=\"async\" src=\"https:\/\/gaisgodillots-cv.fr\/Images\/mogotes.jpg\" \/>\r\n<figcaption>Paysage de Cuba : Les mogotes seraient le fruit d&rsquo;une \u00e9rosion calcaire souterraine de l&rsquo;\u00e8re jurassique (160 milliard d&rsquo;ann\u00e9es) dont il ne resterait aujourd&rsquo;hui que des piliers de murs et dont les plafonds se seraient effondr\u00e9s. (Voyageons et enrichissons nos connaissances avec Yvette et Jean-Claude)<\/figcaption>\r\n<\/figure>\r\n\r\n\r\n\r\n<p>Les montagnards sont toujours l\u00e0 et savent s&rsquo;adapter en toutes circonstances (vid\u00e9o culte transmise par Yvon) :<\/p>\r\n\r\n\r\n\r\n\n<div id=\"wpfp_b92b22b99bc5901abb1b0f80f3c8c2cb\" data-item=\"{&quot;sources&quot;:[{&quot;src&quot;:&quot;http:\\\/\\\/gaisgodillots-cv.fr\\\/Images\\\/VID-20200314-WA00141.mp4&quot;,&quot;type&quot;:&quot;video\\\/mp4&quot;}],&quot;id&quot;:&quot;21&quot;}\" class=\"flowplayer no-brand is-splash is-paused skin-custom no-svg fp-full fp-edgy bottom-fs\" data-fv-embed=\"https:\/\/gaisgodillots-cv.fr\/?page_id=1522&amp;fv_player_embed=fvp-21\" style=\"position:relative; max-width: 640px; max-height: 360px; \" data-ratio=\"0.5625\">\n\t<div class=\"fp-ratio\" style=\"padding-top: 56.25%\"><\/div>\n\t<div class=\"fp-ui\"><noscript>Please enable JavaScript<\/noscript><div class=\"fp-play fp-visible\"><svg class=\"fp-play-sharp-fill\" xmlns=\"http:\/\/www.w3.org\/2000\/svg\" viewBox=\"0 0 100 100\"><defs><style>.fp-color-play{opacity:0.65;}.controlbutton{fill:#fff;}<\/style><\/defs><title>play-sharp-fill<\/title><path class=\"fp-color-play\" d=\"M49.9217-.078a50,50,0,1,0,50,50A50.0564,50.0564,0,0,0,49.9217-.078Z\"\/><polygon class=\"controlbutton\" points=\"73.601 50 37.968 70.573 37.968 29.427 73.601 50\" filter=\"url(#f1)\"\/><\/svg><\/div><div class=\"fp-preload\"><b><\/b><b><\/b><b><\/b><b><\/b><\/div><\/div>\n<div class='fvp-share-bar'><ul class=\"fvp-sharing\">\r\n    <li><a class=\"sharing-facebook\" href=\"https:\/\/www.facebook.com\/sharer\/sharer.php?u=https%3A%2F%2Fgaisgodillots-cv.fr%2F%3Fpage_id%3D1522\" target=\"_blank\"><\/a><\/li>\r\n    <li><a class=\"sharing-twitter\" href=\"https:\/\/twitter.com\/intent\/tweet?text=Les+Gais+Godillots+&url=https%3A%2F%2Fgaisgodillots-cv.fr%2F%3Fpage_id%3D1522\" target=\"_blank\"><\/a><\/li>\r\n    <li><a class=\"sharing-email\" href=\"mailto:?body=Check%20out%20the%20amazing%20video%20here%3A%20https%3A%2F%2Fgaisgodillots-cv.fr%2F%3Fpage_id%3D1522\" target=\"_blank\"><\/a><\/li><\/ul><div><a class=\"sharing-link\" href=\"https:\/\/gaisgodillots-cv.fr\/?page_id=1522\" target=\"_blank\">Link<\/a><\/div><div><label><a class=\"embed-code-toggle\" href=\"#\"><strong>Embed<\/strong><\/a><\/label><\/div><div class=\"embed-code\"><label>Copy and paste this HTML code into your webpage to embed.<\/label><textarea><\/textarea><\/div><\/div>\n<\/div>\n\n\r\n\r\n\r\n\r\n<p>Le mot de la fin revient \u00e0 Fran\u00e7oise et Jean-Louis qui auraient du organiser la v\u00e9ritable randonn\u00e9e et qui avaient tout tr\u00e8s bien pr\u00e9par\u00e9 en cons\u00e9quence.<\/p>\r\n\r\n\r\n\r\n<p>Je vous joins ce petit mot de leur part:<\/p>\r\n\r\n\r\n\r\n<p>\u00ab<em>Nous avions pr\u00e9vu dans notre rando du 29 mars 2020 le circuit des Croix de Liezey. Le chemin aujourd&rsquo;hui est moins gai, mais nous gardons le moral dans l&rsquo;espoir de futures balades en votre compagnie. Pour l&rsquo;heure contentons nous du chemin de croix du confinement afin de rester en forme pour les prochaines balades.<\/em>\u00bb<\/p>\r\n\r\n\r\n\r\n<p>Voici ce qui nous verrons lors d&rsquo;une autre occasion :<\/p>\r\n\r\n\r\n\r\n<div id=\"grid-gallery-32-72507\" data-gg-id=\"32\" data-title=\"Liezey\" data-grid-type=\"0\" data-offset=\"5.3\" data-area-position=\"center\" data-icons=\"\" data-preloader=\"true\" data-width=\"215\" data-height=\"215\" data-padding=\"0\" data-quicksand=\"disabled\" data-quicksand-duration=\"1800\" data-popup-theme=\"theme_6\" data-popup-type=\"pretty-photo\" data-popup-image-text=\"data-description\" data-popup-widthsize=\"auto\" data-popup-heightsize=\"auto\" data-popup-i18n-words=\"{&quot;close&quot;:&quot;fermer&quot;,&quot;next&quot;:&quot;suivant&quot;,&quot;previous&quot;:&quot;pr\\u00e9c\\u00e9dent&quot;,&quot;start_slideshow&quot;:&quot;d\\u00e9marrer le diaporama&quot;,&quot;stop_slideshow&quot;:&quot;arr\\u00e9ter le diaporama&quot;,&quot;image&quot;:&quot;image&quot;,&quot;of&quot;:&quot;de&quot;,&quot;prev&quot;:&quot;pr\\u00e9c.&quot;,&quot;cExpand&quot;:&quot;Agrandir&quot;,&quot;cPrevious&quot;:&quot;Pr\\u00e9c\\u00e9dent&quot;,&quot;cNext&quot;:&quot;Suivant&quot;,&quot;cExpandStr&quot;:&quot;Agrandir l&#039;image&quot;,&quot;cRotate&quot;:&quot;Pivoter&quot;,&quot;cDetails&quot;:&quot;Details&quot;}\" data-popup-slideshow=\"false\" data-popup-slideshow-speed=\"2500\" data-popup-hoverstop=\"true\" data-popup-slideshow-auto=\"false\" data-popup-background=\"\" data-popup-transparency=\"30\" data-popup-disable-history=\"\" data-popup-disable-changed-url=\"\" data-popup-border-type=\"\" data-popup-border-color=\"\" data-popup-border-width=\"\" data-popup-border-enable=\"\" data-fullscreen=\"false\" data-hide-tooltip=\"false\" data-caption-font-family=\"Default\" data-caption-text-size=\"140\" data-is-mobile=\"0\" data-caption-mobile=\"false\" data-hide-long-tltp-title=\"0\" data-caption-disabled-on-mobile=\"false\" data-popup-placement-type=\"0\" data-social-sharing=\"{&quot;enabled&quot;:&quot;&quot;,&quot;gallerySharing&quot;:{&quot;enabled&quot;:null,&quot;position&quot;:null},&quot;imageSharing&quot;:{&quot;enabled&quot;:null,&quot;wrapperClass&quot;:&quot; vertical &quot;},&quot;popupSharing&quot;:{&quot;enabled&quot;:null,&quot;wrapperClass&quot;:&quot; vertical &quot;}}\" class=\"grid-gallery grid-gallery-fixed \" style=\" width:100%; height:auto; margin-left:auto; margin-right:auto;position:relative;\"> <div class=\"gallery-loading\"> <div class=\"blocks\"> <div class=\"block\"><\/div> <div class=\"block\"><\/div> <div class=\"block\"><\/div> <div class=\"block\"><\/div> <\/div> <\/div> <div class=\"gallery-sharing-top\" style=\"display:none;\"> <\/div> <div id=\"photos-32\" class=\"grid-gallery-photos\"><FIGURE class=\"grid-gallery-caption\" data-grid-gallery-type=\"quarter-slide-up\" data-index=\"0\" style=\"display:none;border-radius:00;; margin:5.3px; width:2150;\" ><div class=\"crop\" style=\" width:2150; height:2150; overflow:hidden;\"><img decoding=\"async\" src=\"https:\/\/gaisgodillots-cv.fr\/Images\/IMG_2443-scaled-215x215.jpg\" class=\"ggImg\" alt=\"IMG_2443\" title=\"IMG_2443\" data-description=\"IMG_2443\" data-caption=\"IMG_2443\" data-title=\"IMG_2443\" style=\" width:215px; height:215px;\" \/><\/div><FIGCAPTION class=\"\" data-alpha=\"5\" style=\"color:#ffffff; background-color:#6f0000; font-size:140; text-align:2; font-family:Default;\" ><div class=\"grid-gallery-figcaption-wrap\" style=\"\"><\/div><\/FIGCAPTION><\/FIGURE><FIGURE class=\"grid-gallery-caption\" data-grid-gallery-type=\"quarter-slide-up\" data-index=\"1\" style=\"display:none;border-radius:00;; margin:5.3px; width:2150;\" ><div class=\"crop\" style=\" width:2150; height:2150; overflow:hidden;\"><img decoding=\"async\" src=\"https:\/\/gaisgodillots-cv.fr\/Images\/IMG_2328-scaled-215x215.jpg\" class=\"ggImg\" alt=\"IMG_2328\" title=\"IMG_2328\" data-description=\"IMG_2328\" data-caption=\"IMG_2328\" data-title=\"IMG_2328\" style=\" width:215px; height:215px;\" \/><\/div><FIGCAPTION class=\"\" data-alpha=\"5\" style=\"color:#ffffff; background-color:#6f0000; font-size:140; text-align:2; font-family:Default;\" ><div class=\"grid-gallery-figcaption-wrap\" style=\"\"><\/div><\/FIGCAPTION><\/FIGURE><FIGURE class=\"grid-gallery-caption\" data-grid-gallery-type=\"quarter-slide-up\" data-index=\"2\" style=\"display:none;border-radius:00;; margin:5.3px; width:2150;\" ><div class=\"crop\" style=\" width:2150; height:2150; overflow:hidden;\"><img decoding=\"async\" src=\"https:\/\/gaisgodillots-cv.fr\/Images\/IMG_2325-scaled-215x215.jpg\" class=\"ggImg\" alt=\"IMG_2325\" title=\"IMG_2325\" data-description=\"IMG_2325\" data-caption=\"IMG_2325\" data-title=\"IMG_2325\" style=\" width:215px; height:215px;\" \/><\/div><FIGCAPTION class=\"\" data-alpha=\"5\" style=\"color:#ffffff; background-color:#6f0000; font-size:140; text-align:2; font-family:Default;\" ><div class=\"grid-gallery-figcaption-wrap\" style=\"\"><\/div><\/FIGCAPTION><\/FIGURE><FIGURE class=\"grid-gallery-caption\" data-grid-gallery-type=\"quarter-slide-up\" data-index=\"3\" style=\"display:none;border-radius:00;; margin:5.3px; width:2150;\" ><div class=\"crop\" style=\" width:2150; height:2150; overflow:hidden;\"><img decoding=\"async\" src=\"https:\/\/gaisgodillots-cv.fr\/Images\/IMG_2321-scaled-215x215.jpg\" class=\"ggImg\" alt=\"IMG_2321\" title=\"IMG_2321\" data-description=\"IMG_2321\" data-caption=\"IMG_2321\" data-title=\"IMG_2321\" style=\" width:215px; height:215px;\" \/><\/div><FIGCAPTION class=\"\" data-alpha=\"5\" style=\"color:#ffffff; background-color:#6f0000; font-size:140; text-align:2; font-family:Default;\" ><div class=\"grid-gallery-figcaption-wrap\" style=\"\"><\/div><\/FIGCAPTION><\/FIGURE><FIGURE class=\"grid-gallery-caption\" data-grid-gallery-type=\"quarter-slide-up\" data-index=\"4\" style=\"display:none;border-radius:00;; margin:5.3px; width:2150;\" ><div class=\"crop\" style=\" width:2150; height:2150; overflow:hidden;\"><img decoding=\"async\" src=\"https:\/\/gaisgodillots-cv.fr\/Images\/IMG_2319-scaled-215x215.jpg\" class=\"ggImg\" alt=\"IMG_2319\" title=\"IMG_2319\" data-description=\"IMG_2319\" data-caption=\"IMG_2319\" data-title=\"IMG_2319\" style=\" width:215px; height:215px;\" \/><\/div><FIGCAPTION class=\"\" data-alpha=\"5\" style=\"color:#ffffff; background-color:#6f0000; font-size:140; text-align:2; font-family:Default;\" ><div class=\"grid-gallery-figcaption-wrap\" style=\"\"><\/div><\/FIGCAPTION><\/FIGURE><FIGURE class=\"grid-gallery-caption\" data-grid-gallery-type=\"quarter-slide-up\" data-index=\"5\" style=\"display:none;border-radius:00;; margin:5.3px; width:2150;\" ><div class=\"crop\" style=\" width:2150; height:2150; overflow:hidden;\"><img decoding=\"async\" src=\"https:\/\/gaisgodillots-cv.fr\/Images\/IMG_2439-scaled-215x215.jpg\" class=\"ggImg\" alt=\"IMG_2439\" title=\"IMG_2439\" data-description=\"IMG_2439\" data-caption=\"IMG_2439\" data-title=\"IMG_2439\" style=\" width:215px; height:215px;\" \/><\/div><FIGCAPTION class=\"\" data-alpha=\"5\" style=\"color:#ffffff; background-color:#6f0000; font-size:140; text-align:2; font-family:Default;\" ><div class=\"grid-gallery-figcaption-wrap\" style=\"\"><\/div><\/FIGCAPTION><\/FIGURE><FIGURE class=\"grid-gallery-caption\" data-grid-gallery-type=\"quarter-slide-up\" data-index=\"6\" style=\"display:none;border-radius:00;; margin:5.3px; width:2150;\" ><div class=\"crop\" style=\" width:2150; height:2150; overflow:hidden;\"><img decoding=\"async\" src=\"https:\/\/gaisgodillots-cv.fr\/Images\/IMG_2437-scaled-215x215.jpg\" class=\"ggImg\" alt=\"IMG_2437\" title=\"IMG_2437\" data-description=\"IMG_2437\" data-caption=\"IMG_2437\" data-title=\"IMG_2437\" style=\" width:215px; height:215px;\" \/><\/div><FIGCAPTION class=\"\" data-alpha=\"5\" style=\"color:#ffffff; background-color:#6f0000; font-size:140; text-align:2; font-family:Default;\" ><div class=\"grid-gallery-figcaption-wrap\" style=\"\"><\/div><\/FIGCAPTION><\/FIGURE> <div class=\"grid-gallery-clearfix\"><\/div> <\/div> <div class=\"gallery-sharing-bottom\" style=\"display:none;\"> <\/div> <div class=\"gallery-sharing-image\" style=\"display:none;\"> <\/div> <div class=\"gallery-sharing-popup\" style=\"display:none;\"> <\/div> <div class=\"grid-gallery-clearfix\"><\/div> <\/div> <!-- Gallery by Supsystic plugin1.16.0 --><a title=\"Wordpress Photo Gallery\" style=\"display:none;\" href=\"https:\/\/supsystic.com\/plugins\/photo-gallery\/?utm_medium=love_link\" target=\"_blank\">Wordpress Photo Gallery<\/a>\r\n\r\n\r\n\r\n<p>Ils nous rappellent justement, par ce magnifique montage que, m\u00eame \u00e0 moins d&rsquo;un kilom\u00e8tre de chez soi, nous avons la chance de vivre dans une belle r\u00e9gion : Les Vosges.<\/p>\r\n\r\n\r\n\r\n\n<div id=\"wpfp_c2f6461706add90afecbb9811411d129\" data-item=\"{&quot;sources&quot;:[{&quot;src&quot;:&quot;http:\\\/\\\/gaisgodillots-cv.fr\\\/Images\\\/PretDeChezSoi.mp4&quot;,&quot;type&quot;:&quot;video\\\/mp4&quot;}],&quot;id&quot;:&quot;22&quot;}\" class=\"flowplayer no-brand is-splash is-paused skin-custom no-svg fp-full fp-edgy bottom-fs\" data-fv-embed=\"https:\/\/gaisgodillots-cv.fr\/?page_id=1522&amp;fv_player_embed=fvp-22\" style=\"position:relative; max-width: 640px; max-height: 360px; \" data-ratio=\"0.5625\">\n\t<div class=\"fp-ratio\" style=\"padding-top: 56.25%\"><\/div>\n\t<div class=\"fp-ui\"><noscript>Please enable JavaScript<\/noscript><div class=\"fp-play fp-visible\"><svg class=\"fp-play-sharp-fill\" xmlns=\"http:\/\/www.w3.org\/2000\/svg\" viewBox=\"0 0 100 100\"><defs><style>.fp-color-play{opacity:0.65;}.controlbutton{fill:#fff;}<\/style><\/defs><title>play-sharp-fill<\/title><path class=\"fp-color-play\" d=\"M49.9217-.078a50,50,0,1,0,50,50A50.0564,50.0564,0,0,0,49.9217-.078Z\"\/><polygon class=\"controlbutton\" points=\"73.601 50 37.968 70.573 37.968 29.427 73.601 50\" filter=\"url(#f1)\"\/><\/svg><\/div><div class=\"fp-preload\"><b><\/b><b><\/b><b><\/b><b><\/b><\/div><\/div>\n<div class='fvp-share-bar'><ul class=\"fvp-sharing\">\r\n    <li><a class=\"sharing-facebook\" href=\"https:\/\/www.facebook.com\/sharer\/sharer.php?u=https%3A%2F%2Fgaisgodillots-cv.fr%2F%3Fpage_id%3D1522\" target=\"_blank\"><\/a><\/li>\r\n    <li><a class=\"sharing-twitter\" href=\"https:\/\/twitter.com\/intent\/tweet?text=Les+Gais+Godillots+&url=https%3A%2F%2Fgaisgodillots-cv.fr%2F%3Fpage_id%3D1522\" target=\"_blank\"><\/a><\/li>\r\n    <li><a class=\"sharing-email\" href=\"mailto:?body=Check%20out%20the%20amazing%20video%20here%3A%20https%3A%2F%2Fgaisgodillots-cv.fr%2F%3Fpage_id%3D1522\" target=\"_blank\"><\/a><\/li><\/ul><div><a class=\"sharing-link\" href=\"https:\/\/gaisgodillots-cv.fr\/?page_id=1522\" target=\"_blank\">Link<\/a><\/div><div><label><a class=\"embed-code-toggle\" href=\"#\"><strong>Embed<\/strong><\/a><\/label><\/div><div class=\"embed-code\"><label>Copy and paste this HTML code into your webpage to embed.<\/label><textarea><\/textarea><\/div><\/div>\n<\/div>\n\n\r\n\r\n\r\n\r\n<p>Pour nous et les autres, profitons-en tant que nous pouvons et prot\u00e9geons la le plus possible :<\/p>\r\n\r\n\r\n\r\n<figure class=\"wp-block-image size-large\"><img decoding=\"async\" src=\"https:\/\/gaisgodillots-cv.fr\/Images\/IMG_0719.jpeg\" \/>\r\n<figcaption>Les baliseurs GG sont au repos forc\u00e9, ils reprendront leurs outils apr\u00e8s ces tristes moments. (\u00c9dith et Dany)<\/figcaption>\r\n<\/figure>\r\n\r\n\r\n\r\n<p>Merci aux participants du jour, \u00e0 Cricri pour son soutien par mail, et je donne rendez-vous \u00e0 tous les gais godillots volontaires au 5 Avril pour une nouvelle marche \u00ab virtuelle\u00a0\u00bb\u00a0autour de G\u00e9rardmer.<br \/>D\u2019ici l\u00e0, \u00e0 vos photos et claviers.<\/p>\r\n\r\n\r\n\r\n<p>Prenez bien soins de vous et de votre entourage.<\/p>\r\n\r\n\r\n\r\n<p>Patrick<\/p>\r\n\r\n\r\n\r\n<figure class=\"wp-block-image size-large is-resized\"><img decoding=\"async\" src=\"https:\/\/gaisgodillots-cv.fr\/Images\/Final.jpeg\" \/>\r\n<figcaption>Votre serviteur, en ce jour du 29 Mars 2020, depuis son Quartier G\u00e9n\u00e9ral \u00e0 Rouffach.<br \/>Pensez bien \u00e0 passer \u00e0 l&rsquo;heure d&rsquo;\u00e9t\u00e9 !<\/figcaption>\r\n<\/figure>\r\n","protected":false},"excerpt":{"rendered":"<p>Bonjour, Tout d\u2019abord, les mots de Francine et Roger : \u00ab\u00a0Des Godillots au repos.Ils nous avaient d\u00e9j\u00e0 confin\u00e9s depuis pr\u00e8s de trois mois, dans leurs placards \u00e0 chaussures, nous autorisant quand m\u00eame \u00e0 quelques rares sorties. On piaffait d\u2019impatience de retrouver sentiers et chemins, les tapis mousseux et herbeux. Lors de leur assembl\u00e9e g\u00e9n\u00e9rale, ils &hellip; <a href=\"https:\/\/gaisgodillots-cv.fr\/?page_id=1522\" class=\"more-link\">Continuer la lecture<span class=\"screen-reader-text\"> de &laquo;&nbsp;Vers Li\u00e9zey et tous ensemble&nbsp;&raquo;<\/span><\/a><\/p>\n","protected":false},"author":1,"featured_media":0,"parent":0,"menu_order":0,"comment_status":"closed","ping_status":"closed","template":"","meta":{"_uag_custom_page_level_css":"","footnotes":""},"class_list":["post-1522","page","type-page","status-publish","hentry"],"uagb_featured_image_src":{"full":false,"thumbnail":false,"medium":false,"medium_large":false,"large":false,"1536x1536":false,"2048x2048":false,"gg_gallery_thumbnail":false,"post-thumbnail":false},"uagb_author_info":{"display_name":"admin4159","author_link":"https:\/\/gaisgodillots-cv.fr\/?author=1"},"uagb_comment_info":0,"uagb_excerpt":"Bonjour, Tout d\u2019abord, les mots de Francine et Roger : \u00ab\u00a0Des Godillots au repos.Ils nous avaient d\u00e9j\u00e0 confin\u00e9s depuis pr\u00e8s de trois mois, dans leurs placards \u00e0 chaussures, nous autorisant quand m\u00eame \u00e0 quelques rares sorties. On piaffait d\u2019impatience de retrouver sentiers et chemins, les tapis mousseux et herbeux. Lors de leur assembl\u00e9e g\u00e9n\u00e9rale, ils\u2026","_links":{"self":[{"href":"https:\/\/gaisgodillots-cv.fr\/index.php?rest_route=\/wp\/v2\/pages\/1522","targetHints":{"allow":["GET"]}}],"collection":[{"href":"https:\/\/gaisgodillots-cv.fr\/index.php?rest_route=\/wp\/v2\/pages"}],"about":[{"href":"https:\/\/gaisgodillots-cv.fr\/index.php?rest_route=\/wp\/v2\/types\/page"}],"author":[{"embeddable":true,"href":"https:\/\/gaisgodillots-cv.fr\/index.php?rest_route=\/wp\/v2\/users\/1"}],"replies":[{"embeddable":true,"href":"https:\/\/gaisgodillots-cv.fr\/index.php?rest_route=%2Fwp%2Fv2%2Fcomments&post=1522"}],"version-history":[{"count":34,"href":"https:\/\/gaisgodillots-cv.fr\/index.php?rest_route=\/wp\/v2\/pages\/1522\/revisions"}],"predecessor-version":[{"id":5382,"href":"https:\/\/gaisgodillots-cv.fr\/index.php?rest_route=\/wp\/v2\/pages\/1522\/revisions\/5382"}],"wp:attachment":[{"href":"https:\/\/gaisgodillots-cv.fr\/index.php?rest_route=%2Fwp%2Fv2%2Fmedia&parent=1522"}],"curies":[{"name":"wp","href":"https:\/\/api.w.org\/{rel}","templated":true}]}}