{"id":1503,"date":"2020-03-28T07:44:11","date_gmt":"2020-03-28T06:44:11","guid":{"rendered":"http:\/\/gaisgodillots-cv.fr\/?page_id=1503"},"modified":"2025-10-23T10:39:23","modified_gmt":"2025-10-23T08:39:23","slug":"exemple-de-randonnee-virtuelle","status":"publish","type":"page","link":"https:\/\/gaisgodillots-cv.fr\/?page_id=1503","title":{"rendered":"Exemple de randonn\u00e9e \u00ab\u00a0virtuelle\u00a0\u00bb"},"content":{"rendered":"\r\n<p><strong>Ce matin, en me levant, le ciel est magnifique, demain la pluie est annonc\u00e9e.<\/strong><\/p>\r\n\r\n\r\n\r\n<figure class=\"wp-block-image size-large\"><img decoding=\"async\" src=\"https:\/\/gaisgodillots-cv.fr\/Images\/Panoramique.jpeg\" alt=\"\" \/><figcaption>Vue depuis la fen\u00eatre de mon balcon.<\/figcaption><\/figure>\r\n\r\n\r\n\r\n<p><strong>En prenant bien soin de respecter les consignes en vigueur, je d\u00e9cide de prendre l&rsquo;air.<\/strong><\/p>\r\n\r\n\r\n\r\n\n\t\t<div id=\"wpgpxmaps_1503_795098\" class=\"wpgpxmaps\">\n\t\t\t<div id=\"map_1503_795098_cont\" style=\"width:100%; height:450px;position:relative\" >\n\t\t\t\t<div id=\"map_1503_795098\" style=\"width:100%; height:450px\"><\/div>\n\t\t\t\t<div id=\"wpgpxmaps_1503_795098_osm_footer\" class=\"wpgpxmaps_osm_footer\" style=\"display:none;\"><span> &copy; <a href=\"http:\/\/www.openstreetmap.org\/copyright\">OpenStreetMap<\/a> contributors<\/span><\/div>\n\t\t\t<\/div>\n\t\t\t<canvas id=\"myChart_1503_795098\" class=\"plot\" style=\"width:100%; height:200px\"><\/canvas>\n\t\t\t<div id=\"ngimages_1503_795098\" class=\"ngimages\" style=\"display:none\"><\/div>\n\t\t\t<div id=\"report_1503_795098\" class=\"report\"><\/div>\n\t\t<\/div>\n\t\t\n\t\t<script type=\"text\/javascript\">\n\n\t\t\tjQuery(document).ready(function() {\n\n\t\t\t\tjQuery( \"#wpgpxmaps_1503_795098\" ).wpgpxmaps( {\n\t\t\t\t\ttargetId           : \"1503_795098\",\n\t\t\t\t\tmapType            : \"OSM3\",\n\t\t\t\t\tmapData            : [[47.9605417,7.2951357],[47.9605512,7.2951190],[47.9607900,7.2946816],[47.9608315,7.2946547],[47.9608447,7.2946286],[47.9608528,7.2946071],[47.9608449,7.2945859],[47.9608557,7.2945656],[47.9608696,7.2943975],[47.9608720,7.2943734],[47.9608492,7.2943460],[47.9608516,7.2943257],[47.9608664,7.2943059],[47.9608788,7.2942916],[47.9608820,7.2942745],[47.9609715,7.2941010],[47.9610197,7.2937868],[47.9610758,7.2935139],[47.9610173,7.2932440],[47.9610847,7.2930613],[47.9610958,7.2930608],[47.9612807,7.2928630],[47.9613028,7.2928225],[47.9613188,7.2928040],[47.9614338,7.2926351],[47.9616405,7.2923549],[47.9616835,7.2922419],[47.9616874,7.2922259],[47.9617615,7.2919444],[47.9618186,7.2914892],[47.9618602,7.2912030],[47.9620106,7.2908418],[47.9621182,7.2905043],[47.9622212,7.2902162],[47.9622260,7.2901838],[47.9622283,7.2901679],[47.9622331,7.2901501],[47.9622395,7.2901320],[47.9622458,7.2901136],[47.9623745,7.2898113],[47.9625021,7.2894661],[47.9626691,7.2891293],[47.9628407,7.2888858],[47.9628527,7.2888902],[47.9628638,7.2888938],[47.9629806,7.2889055],[47.9629725,7.2888902],[47.9628907,7.2887795],[47.9630374,7.2885243],[47.9631549,7.2883682],[47.9631651,7.2883552],[47.9634021,7.2880946],[47.9636216,7.2879330],[47.9637656,7.2878269],[47.9639182,7.2877014],[47.9641251,7.2875373],[47.9643046,7.2873472],[47.9643234,7.2873389],[47.9644008,7.2872757],[47.9644165,7.2872632],[47.9645261,7.2871125],[47.9645438,7.2871032],[47.9646937,7.2869396],[47.9648314,7.2868240],[47.9648967,7.2867848],[47.9649088,7.2867802],[47.9649233,7.2867768],[47.9651629,7.2868834],[47.9652278,7.2869332],[47.9653692,7.2870098],[47.9653826,7.2870145],[47.9653972,7.2870191],[47.9654145,7.2870242],[47.9656665,7.2871349],[47.9657402,7.2868425],[47.9657832,7.2864416],[47.9658479,7.2858919],[47.9658410,7.2856273],[47.9657958,7.2856111],[47.9657854,7.2856090],[47.9657618,7.2856007],[47.9658061,7.2855983],[47.9658183,7.2855977],[47.9658306,7.2855999],[47.9658410,7.2856066],[47.9658486,7.2856180],[47.9658538,7.2856385],[47.9658546,7.2856652],[47.9658302,7.2860682],[47.9658217,7.2861367],[47.9658117,7.2862097],[47.9657701,7.2865396],[47.9657198,7.2869622],[47.9656836,7.2873723],[47.9656815,7.2878543],[47.9655990,7.2882086],[47.9654984,7.2885055],[47.9653909,7.2888219],[47.9652959,7.2891124],[47.9651763,7.2894886],[47.9650695,7.2898273],[47.9649836,7.2901886],[47.9649150,7.2906415],[47.9648159,7.2908997],[47.9647670,7.2908968],[47.9644495,7.2907419],[47.9641107,7.2906178],[47.9639195,7.2905574],[47.9637052,7.2904537],[47.9633547,7.2902992],[47.9629873,7.2901610],[47.9626624,7.2900471],[47.9623143,7.2899444],[47.9621195,7.2902882],[47.9620119,7.2906491],[47.9619301,7.2909038],[47.9618432,7.2911762],[47.9617461,7.2915558],[47.9616617,7.2920183],[47.9615310,7.2924931],[47.9613269,7.2927998],[47.9609922,7.2929287],[47.9608654,7.2932776],[47.9607917,7.2936960],[47.9607106,7.2941305],[47.9606205,7.2945965],[47.9604874,7.2950609],[47.9603364,7.2955406],[47.9602592,7.2958367],[47.9602548,7.2958570],[47.9602473,7.2958803]],\n\t\t\t\t\tgraphDist          : [0.00,1.65,43.68,48.71,51.14,52.99,54.80,56.74,69.35,71.16,74.42,75.95,78.16,79.90,81.23,97.54,121.57,142.86,164.04,179.65,180.89,206.27,210.16,212.41,230.36,261.44,271.18,272.45,295.09,329.59,351.77,383.51,411.51,436.00,438.48,439.71,441.16,442.69,444.25,471.01,500.49,531.80,558.26,559.65,560.94,574.05,575.52,587.86,613.07,630.71,632.21,665.06,692.38,710.39,729.97,756.17,780.76,782.93,792.83,794.81,811.50,813.61,834.43,852.15,860.03,861.42,863.05,890.89,899.26,915.98,917.54,919.19,921.15,950.42,973.73,1004.06,1045.71,1065.49,1070.71,1071.90,1074.77,1079.71,1081.07,1082.44,1083.71,1084.95,1086.62,1088.70,1118.91,1124.30,1129.99,1154.99,1187.10,1218.04,1253.96,1282.06,1307.02,1333.62,1357.88,1389.03,1417.08,1445.79,1480.50,1502.86,1508.44,1545.71,1584.62,1606.57,1631.80,1672.46,1714.61,1751.75,1791.31,1824.93,1854.51,1875.76,1898.45,1928.85,1964.67,2002.96,2035.21,2073.67,2103.30,2135.65,2169.27,2205.39,2243.01,2282.47,2306.13,2307.72,2309.65],\n\t\t\t\t\tgraphEle           : [25.16,24.91,25.85,26.00,26.08,26.24,26.47,26.54,26.68,26.69,26.65,26.68,26.70,26.67,26.49,26.79,28.11,29.25,30.93,32.50,32.67,34.89,34.85,34.84,35.52,37.17,38.31,38.41,40.67,42.23,46.27,48.48,51.54,54.58,54.82,55.01,55.20,55.42,55.65,57.94,60.63,63.26,66.06,66.32,66.51,68.11,68.32,69.64,72.58,74.89,74.99,78.05,80.48,82.87,85.69,88.62,91.03,91.08,92.41,92.57,94.61,94.95,97.61,100.01,100.89,100.73,100.65,102.31,104.34,104.90,105.10,105.14,105.18,107.16,108.79,111.32,114.24,115.87,116.64,116.88,117.84,118.07,118.02,117.97,117.81,117.48,117.13,116.53,114.19,112.71,113.95,112.96,109.80,106.77,105.03,101.90,98.86,95.68,92.58,89.49,86.35,83.22,80.05,77.02,75.80,72.63,69.49,66.29,63.29,61.61,60.06,61.72,58.66,56.12,52.99,49.88,46.71,43.69,40.58,38.28,36.22,34.74,32.49,29.46,27.87,26.75,25.83,25.82,25.05,25.07,25.12],\n\t\t\t\t\tgraphSpeed         : [],\n\t\t\t\t\tgraphHr            : [],\n\t\t\t\t\tgraphAtemp         : [],\n\t\t\t\t\tgraphCad           : [],\n\t\t\t\t\tgraphGrade         : [],\n\t\t\t\t\twaypoints          : [],\n\t\t\t\t\tunit               : \"0\",\n\t\t\t\t\tunitspeed          : \"0\",\n\t\t\t\t\tcolor1             : [\"#3366cc\"],\n\t\t\t\t\tcolor2             : \"#3366cc\",\n\t\t\t\t\tcolor3             : \"#ff0000\",\n\t\t\t\t\tcolor4             : \"#ff77bd\",\n\t\t\t\t\tcolor5             : \"#beecff\",\n\t\t\t\t\tcolor6             : \"#beecff\",\n\t\t\t\t\tcolor7             : \"#ff77bd\",\n\t\t\t\t\tchartFrom1         : \"\",\n\t\t\t\t\tchartTo1           : \"\",\n\t\t\t\t\tchartFrom2         : \"\",\n\t\t\t\t\tchartTo2           : \"\",\n\t\t\t\t\tstartIcon          : \"\",\n\t\t\t\t\tendIcon            : \"\",\n\t\t\t\t\tcurrentIcon        : \"\",\n\t\t\t\t\twaypointIcon       : \"\",\n\t\t\t\t\tcurrentpositioncon : \"\",\n\t\t\t\t\tusegpsposition     : \"\",\n\t\t\t\t\tzoomOnScrollWheel  : \"\",\n\t\t\t\t\tngGalleries        : [],\n\t\t\t\t\tngImages           : [],\n\t\t\t\t\tpluginUrl          : \"https:\/\/gaisgodillots-cv.fr\/wp-content\/plugins\",\n\t\t\t\t\tTFApiKey           : \"e372c03c52d94b4b89f8175faf12b31e\",\n\t\t\t\t\tMapBoxApiKey           : \"\",\n\t\t\t\t\tlangs              : {\n\t\t\t\t\t\taltitude        : \"Altitude\",\n\t\t\t\t\t\tcurrentPosition : \"Current position\",\n\t\t\t\t\t\tspeed           : \"Vitesse\",\n\t\t\t\t\t\tgrade           : \"Grade\",\n\t\t\t\t\t\theartRate       : \"Fr\u00e9quence cardiaque\",\n\t\t\t\t\t\tatemp           : \"Temperature\",\n\t\t\t\t\t\tcadence         : \"Cadence\",\n\t\t\t\t\t\tgoFullScreen    : \"Go full screen\",\n\t\t\t\t\t\texitFullFcreen  : \"Exit full screen\",\n\t\t\t\t\t\thideImages      : \"Hide images\",\n\t\t\t\t\t\tshowImages      : \"Show images\",\n\t\t\t\t\t\tbackToCenter\t: \"Back to center\"\n\t\t\t\t\t}\n\t\t\t\t});\n\n\t\t\t});\n\n\t\t<\/script><div id='wpgpxmaps_summary_1503_795098' class='wpgpxmaps_summary' style='text-align: center;'><span class='totlen'><span class='summarylabel'><br \/><h5>\ud83d\ude03 &nbsp; D\u00e9tails &nbsp; \ud83d\udd0d<\/h5>\ud83e\udd7e &nbsp; Distance &nbsp; \ud83d\udc49\ud83c\udffd &nbsp;<\/span><span class='summaryvalue' > 2310 m<\/span><\/span><br \/><br \/>\ud83c\udfd4\ufe0f &nbsp; Altitudes :<br \/><ul style='display:inline-block;' ><li><span class='maxele'><span class='summarylabel'>&nbsp; Maximale  &nbsp; \ud83d\udc49\ud83c\udffd &nbsp;<\/span><span class='summaryvalue'> 118 m<\/span><\/span><\/li><li><span class='minele'><span class='summarylabel'>&nbsp; Minimale  &nbsp; \ud83d\udc49\ud83c\udffd &nbsp;<\/span><span class='summaryvalue'> 25 m<\/span><\/span><\/li><\/ul><br \/><span class='totaleleup'><span class='summarylabel'>\ud83d\udc4d\ud83c\udffd &nbsp; D\u00e9nivel\u00e9 positif &nbsp; \ud83d\udc49\ud83c\udffd &nbsp;<\/span><span class='summaryvalue'> 97 m<\/span><\/span><br \/><br \/><\/div>\ud83d\uddfa\ufe0f &nbsp; Fichier GPX :<br \/>\ud83d\udcbe &nbsp; <a href='https:\/\/gaisgodillots-cv.fr\/.\/Images\/gpx\/PromenadeRouffach.GPX' target='_new' download>PromenadeRouffach.GPX<\/a><br \/><br \/>\r\n\r\n\r\n\r\n<p><strong>Je pense \u00e0 la nature.<\/strong><\/p>\r\n\r\n\r\n\r\n<figure class=\"wp-block-image size-large\"><img decoding=\"async\" src=\"https:\/\/gaisgodillots-cv.fr\/Images\/Biodiversit\u00e9.jpeg\" \/><\/figure>\r\n\r\n\r\n\r\n<p><strong>Aux <s>crocus<\/s> an\u00e9mones pulsatiles en fleur (Merci Fran\u00e7oise pour la correction).<\/strong><\/p>\r\n\r\n\r\n\r\n<figure class=\"wp-block-image size-large\"><img decoding=\"async\" src=\"https:\/\/gaisgodillots-cv.fr\/Images\/Crocus.jpeg\" \/><\/figure>\r\n\r\n\r\n\r\n<p><strong>Je regarde le paysage et m&rsquo;oriente.<\/strong><\/p>\r\n\r\n\r\n\r\n<figure class=\"wp-block-image size-large\"><img decoding=\"async\" src=\"https:\/\/gaisgodillots-cv.fr\/Images\/Orientation.jpeg\" \/><\/figure>\r\n\r\n\r\n\r\n<p><strong>Et cela me permet de relativiser la situation actuelle.<\/strong><\/p>\r\n\r\n\r\n\r\n<figure class=\"wp-block-image size-large\"><img decoding=\"async\" src=\"https:\/\/gaisgodillots-cv.fr\/Images\/Chasse.jpeg\" \/><figcaption>Photo r\u00e9alis\u00e9e sans trucage, sur les hauts de Rouffach et datant du tout d\u00e9but du confinement en vigueur.<\/figcaption><\/figure>\r\n","protected":false},"excerpt":{"rendered":"<p>Ce matin, en me levant, le ciel est magnifique, demain la pluie est annonc\u00e9e. En prenant bien soin de respecter les consignes en vigueur, je d\u00e9cide de prendre l&rsquo;air. Je pense \u00e0 la nature. Aux crocus an\u00e9mones pulsatiles en fleur (Merci Fran\u00e7oise pour la correction). Je regarde le paysage et m&rsquo;oriente. Et cela me permet &hellip; <a href=\"https:\/\/gaisgodillots-cv.fr\/?page_id=1503\" class=\"more-link\">Continuer la lecture<span class=\"screen-reader-text\"> de &laquo;&nbsp;Exemple de randonn\u00e9e \u00ab\u00a0virtuelle\u00a0\u00bb&nbsp;&raquo;<\/span><\/a><\/p>\n","protected":false},"author":1,"featured_media":0,"parent":0,"menu_order":0,"comment_status":"closed","ping_status":"closed","template":"","meta":{"_uag_custom_page_level_css":"","footnotes":""},"class_list":["post-1503","page","type-page","status-publish","hentry"],"uagb_featured_image_src":{"full":false,"thumbnail":false,"medium":false,"medium_large":false,"large":false,"1536x1536":false,"2048x2048":false,"gg_gallery_thumbnail":false,"post-thumbnail":false},"uagb_author_info":{"display_name":"admin4159","author_link":"https:\/\/gaisgodillots-cv.fr\/?author=1"},"uagb_comment_info":0,"uagb_excerpt":"Ce matin, en me levant, le ciel est magnifique, demain la pluie est annonc\u00e9e. En prenant bien soin de respecter les consignes en vigueur, je d\u00e9cide de prendre l&rsquo;air. Je pense \u00e0 la nature. Aux crocus an\u00e9mones pulsatiles en fleur (Merci Fran\u00e7oise pour la correction). Je regarde le paysage et m&rsquo;oriente. Et cela me permet\u2026","_links":{"self":[{"href":"https:\/\/gaisgodillots-cv.fr\/index.php?rest_route=\/wp\/v2\/pages\/1503","targetHints":{"allow":["GET"]}}],"collection":[{"href":"https:\/\/gaisgodillots-cv.fr\/index.php?rest_route=\/wp\/v2\/pages"}],"about":[{"href":"https:\/\/gaisgodillots-cv.fr\/index.php?rest_route=\/wp\/v2\/types\/page"}],"author":[{"embeddable":true,"href":"https:\/\/gaisgodillots-cv.fr\/index.php?rest_route=\/wp\/v2\/users\/1"}],"replies":[{"embeddable":true,"href":"https:\/\/gaisgodillots-cv.fr\/index.php?rest_route=%2Fwp%2Fv2%2Fcomments&post=1503"}],"version-history":[{"count":14,"href":"https:\/\/gaisgodillots-cv.fr\/index.php?rest_route=\/wp\/v2\/pages\/1503\/revisions"}],"predecessor-version":[{"id":5384,"href":"https:\/\/gaisgodillots-cv.fr\/index.php?rest_route=\/wp\/v2\/pages\/1503\/revisions\/5384"}],"wp:attachment":[{"href":"https:\/\/gaisgodillots-cv.fr\/index.php?rest_route=%2Fwp%2Fv2%2Fmedia&parent=1503"}],"curies":[{"name":"wp","href":"https:\/\/api.w.org\/{rel}","templated":true}]}}