{"id":1411,"date":"2020-02-06T17:49:22","date_gmt":"2020-02-06T16:49:22","guid":{"rendered":"http:\/\/gaisgodillots-cv.fr\/?page_id=1411"},"modified":"2026-04-01T14:48:55","modified_gmt":"2026-04-01T12:48:55","slug":"programme-des-activites-2020","status":"publish","type":"page","link":"https:\/\/gaisgodillots-cv.fr\/?page_id=1411","title":{"rendered":"Calendrier 2020"},"content":{"rendered":"<div id=\"mois\" class=\"no-print\">\n<p class=\"infostext\">Cliquer sur le mois \ud83d\udc47\ud83c\udffd<\/p>\n<p>\n<a href=\"#janvier\" class=\"mois\">Janvier<\/a> &#8211; <a href=\"#mars\" class=\"mois\">Mars<\/a> &#8211; <a href=\"#avril\" class=\"mois\">Avril<\/a> &#8211; <a href=\"#mai\" class=\"mois\">Mai<\/a> &#8211; <a href=\"#juin\" class=\"mois\">Juin<\/a> &#8211; <a href=\"#juillet\" class=\"mois\">Juillet<\/a> &#8211; <a href=\"#aout\" class=\"mois\">Ao\u00fbt<\/a> &#8211; <a href=\"#septembre\" class=\"mois\">Septembre<\/a> &#8211; <a href=\"#octobre\" class=\"mois\">Octobre<\/a>\n<\/p>\n<\/div>\n<div id=\"calendrier\">\n<div id=\"janvier\">\n<p class=\"center\"><a href=\"#mois\" class=\"mois\">Janvier<\/a><\/p>\n<table>\n<tr class=\"demijournee\">\n<td width=25%>Mercredi 29<\/td>\n<td><a href=\"https:\/\/gaisgodillots-cv.fr\/?page_id=1409\">Col de La Schlucht<br \/>Les 3 Fours<\/a><\/td>\n<td>Les Gais Godillots<\/td>\n<\/tr>\n<\/table>\n<\/div>\n<div id=\"mars\">\n<p class=\"center\"><a href=\"#mois\" class=\"mois\">Mars <span class=\"no-print\">\ud83d\udc46\ud83c\udffd<\/span><\/a><\/p>\n<table>\n<tr>\n<td width=25%>Dimanche 1<\/td>\n<td><a href=\"https:\/\/gaisgodillots-cv.fr\/?page_id=1475\">Assembl\u00e9e G\u00e9n\u00e9rale<\/a><\/td>\n<td>Les Gais Godillots<\/td>\n<\/tr>\n<tr class=\"journee\">\n<td width=25%>Dimanche 15<\/td>\n<td><a href=\"https:\/\/gaisgodillots-cv.fr\/?page_id=1496\">Col de Martimpr\u00e9<\/a><\/td>\n<td>Francine et Roger<\/td>\n<\/tr>\n<tr class=\"journee\">\n<td width=25%>Dimanche 29<\/td>\n<td><a href=\"https:\/\/gaisgodillots-cv.fr\/?page_id=1522\">Vers Li\u00e9zey<\/a><br \/><span class=\"infosrando\">Randonn\u00e9e virtuelle<\/span><\/td>\n<td>Fran\u00e7oise et Jean-Louis<\/td>\n<\/tr>\n<\/table>\n<\/div>\n<div id=\"avril\">\n<p class=\"center\"><a href=\"#mois\" class=\"mois\">Avril <span class=\"no-print\">\ud83d\udc46\ud83c\udffd<\/span><\/a><\/p>\n<table>\n<tr class=\"journee\">\n<td width=25%>Dimanche 5<\/td>\n<td><a href=\"https:\/\/gaisgodillots-cv.fr\/?page_id=1598\">Autour de G\u00e9rardmer<\/a><br \/><span class=\"infosrando\">Randonn\u00e9e virtuelle<\/span><\/td>\n<td>Les Gais Godillots<\/td>\n<\/tr>\n<tr>\n<td width=25%>Dimanche 12<\/td>\n<td><a href=\"https:\/\/gaisgodillots-cv.fr\/?page_id=1697\">Joyeuses P\u00e2ques !!!<\/a><\/td>\n<td>Les Gais Godillots<\/td>\n<\/tr>\n<tr class=\"demijournee\">\n<td width=25%>Jeudi 16<\/td>\n<td><a href=\"https:\/\/gaisgodillots-cv.fr\/?page_id=1810\">Vers Bois-de-Champ<\/a><br \/><span class=\"infosrando\">Randonn\u00e9e virtuelle<\/span><\/td>\n<td>Francine et Roger<\/td>\n<\/tr>\n<tr class=\"journee\">\n<td width=25%>Dimanche 26<\/td>\n<td><a href=\"https:\/\/gaisgodillots-cv.fr\/?page_id=1884\">Le Br\u00e9zouard<\/a><br \/><span class=\"infosrando\">Randonn\u00e9e virtuelle<\/span><\/td>\n<td>Francine et Roger<\/td>\n<\/tr>\n<\/table>\n<\/div>\n<div id=\"mai\">\n<p class=\"center\"><a href=\"#mois\" class=\"mois\">Mai <span class=\"no-print\">\ud83d\udc46\ud83c\udffd<\/span><\/a><\/p>\n<table>\n<tr class=\"journee\">\n<td width=25%>Dimanche 3<\/td>\n<td><a href=\"https:\/\/gaisgodillots-cv.fr\/?page_id=1929\">Souvenirs d&rsquo;Allemagne<br \/>Lac de Constance<\/a><\/td>\n<td>Fran\u00e7oise et Jean-Louis<\/td>\n<\/tr>\n<tr class=\"demijournee\">\n<td width=25%>Jeudi 7<\/td>\n<td><a href=\"https:\/\/gaisgodillots-cv.fr\/?page_id=1972\">La Bresse<br \/>Sentier du Textile<\/a><br \/><span class=\"infosrando\">Randonn\u00e9e virtuelle<\/span><\/td>\n<td>\u00c9dith et Dany<\/td>\n<\/tr>\n<tr class=\"journee\">\n<td width=25%>Jeudi 21<\/td>\n<td><a href=\"https:\/\/gaisgodillots-cv.fr\/?page_id=2037\">Gueberschwir<br \/>Husseren-l\u00e8s-Ch\u00e2teaux<\/a><\/td>\n<td>Patrick<\/td>\n<\/tr>\n<\/table>\n<\/div>\n<div id=\"juin\">\n<p class=\"center\"><a href=\"#mois\" class=\"mois\">Juin <span class=\"no-print\">\ud83d\udc46\ud83c\udffd<\/span><\/a><\/p>\n<table>\n<tr class=\"journee\">\n<td width=25%>Dimanche 7<\/td>\n<td><a href=\"https:\/\/gaisgodillots-cv.fr\/?page_id=2026\">Jussarupt &#8211; Champdray<\/a><\/td>\n<td>Michel, Patrick et Philippe<\/td>\n<\/tr>\n<tr class=\"journee\">\n<td width=25%>Dimanche 14<\/td>\n<td><a href=\"https:\/\/gaisgodillots-cv.fr\/?page_id=2071\">Li\u00e9zey<\/a><\/td>\n<td>Fran\u00e7oise et Jean-Louis<\/td>\n<\/tr>\n<tr class=\"journee\">\n<td width=25%>Dimanche 21<\/td>\n<td><a href=\"https:\/\/gaisgodillots-cv.fr\/?page_id=2103\">Mont Sainte-Odile<\/a><\/td>\n<td>Fran\u00e7oise et Jean-Louis<\/td>\n<\/tr>\n<tr class=\"demijournee\">\n<td width=25%>Jeudi 25<\/td>\n<td><a href=\"https:\/\/gaisgodillots-cv.fr\/?page_id=2099\">Rocher de Hangochet<\/a><\/td>\n<td>Fran\u00e7oise et Bernard<\/td>\n<\/tr>\n<tr class=\"journee\">\n<td width=25%>Dimanche 28<\/td>\n<td><a href=\"https:\/\/gaisgodillots-cv.fr\/?page_id=2101\">Au bord du Rhin<\/a><\/td>\n<td>Fran\u00e7oise et Jean-Louis<\/td>\n<\/tr>\n<\/table>\n<\/div>\n<div id=\"juillet\">\n<p class=\"center\"><a href=\"#mois\" class=\"mois\">Juillet <span class=\"no-print\">\ud83d\udc46\ud83c\udffd<\/span><\/a><\/p>\n<table>\n<tr class=\"demijournee\">\n<td width=25%>Jeudi 2<\/td>\n<td><a href=\"https:\/\/gaisgodillots-cv.fr\/?page_id=2129\">Les Balcons de Corcieux<\/a><\/td>\n<td>Simone et Pierrot<\/td>\n<\/tr>\n<tr class=\"journee\">\n<td width=25%>Dimanche 5<\/td>\n<td><a href=\"https:\/\/gaisgodillots-cv.fr\/?page_id=2108\">Col de Lauvy<\/a><\/td>\n<td>Francine et Roger<\/td>\n<\/tr>\n<tr class=\"demijournee\">\n<td width=25%>Jeudi 16<\/td>\n<td>Croix des Jumeaux<br \/>La Gueule du Loup<\/td>\n<td>Michel<\/td>\n<\/tr>\n<tr class=\"journee\">\n<td width=25%>Dimanche 19<\/td>\n<td><a href=\"https:\/\/gaisgodillots-cv.fr\/?page_id=2116\">Le Donon<br \/>Lac de la Maix<\/a><\/td>\n<td>Michel<\/td>\n<\/tr>\n<tr class=\"journee\">\n<td width=25%>Dimanche 26<\/td>\n<td><a href=\"https:\/\/gaisgodillots-cv.fr\/?page_id=2144\">Les Cuveaux<br \/>Bois-de-Champ<\/a><\/td>\n<td>Philippe<\/td>\n<\/tr>\n<\/table>\n<\/div>\n<div id=\"aout\">\n<p class=\"center\"><a href=\"#mois\" class=\"mois\">Ao\u00fbt <span class=\"no-print\">\ud83d\udc46\ud83c\udffd<\/span><\/a><\/p>\n<table>\n<tr class=\"journee\">\n<td width=25%>Dimanche 2<\/td>\n<td><a href=\"https:\/\/gaisgodillots-cv.fr\/?page_id=2152\">Sapois<br \/>Le Haut du T\u00f4t<br \/>Balcons de La Hazelle<\/a><\/td>\n<td>Roger et Michel<\/td>\n<\/tr>\n<tr class=\"journee\">\n<td width=25%>Dimanche 9<\/td>\n<td><a href=\"https:\/\/gaisgodillots-cv.fr\/?page_id=2161\">Cascade du Nideck<\/a><br \/><span class=\"alerte\">Randonn\u00e9e annul\u00e9e<\/span><\/td>\n<td>Roger et Michel<\/td>\n<\/tr>\n<tr class=\"journee\">\n<td width=25%>Dimanche 16<\/td>\n<td><a href=\"https:\/\/gaisgodillots-cv.fr\/?page_id=2174\">Dans les vignes de Molsheim<\/a><\/td>\n<td>Marie Agn\u00e8s<\/td>\n<\/tr>\n<tr class=\"demijournee\">\n<td width=25%>Jeudi 20<\/td>\n<td><a href=\"https:\/\/gaisgodillots-cv.fr\/?page_id=2181\">Saint-Jean-d&rsquo;Ormont<\/a><br \/><span class=\"infosrando\">Sortie Botanique<\/span><\/td>\n<td>Fran\u00e7ois V.<\/td>\n<\/tr>\n<tr class=\"journee\">\n<td width=25%>Dimanche 23<\/td>\n<td><a href=\"https:\/\/gaisgodillots-cv.fr\/?page_id=2194\">Fresse<\/a><\/td>\n<td>\u00c9dith et Dany<\/td>\n<\/tr>\n<tr class=\"demijournee\">\n<td width=25%>Jeudi 27<\/td>\n<td><a href=\"https:\/\/gaisgodillots-cv.fr\/?page_id=2200\">Sapois<br \/>Roche Fouchon<\/a><\/td>\n<td>Francine et Roger<\/td>\n<\/tr>\n<tr class=\"journee\">\n<td width=25%>Dimanche 30<\/td>\n<td><a href=\"https:\/\/gaisgodillots-cv.fr\/?page_id=2216\">Le Valtin<\/a><\/td>\n<td>Jacqueline et Jean-Pierre<\/td>\n<\/tr>\n<\/table>\n<\/div>\n<div id=\"septembre\">\n<p class=\"center\"><a href=\"#mois\" class=\"mois\">Septembre <span class=\"no-print\">\ud83d\udc46\ud83c\udffd<\/span><\/a><\/p>\n<table>\n<tr class=\"journee\">\n<td width=25%>Dimanche 6<\/td>\n<td><a href=\"https:\/\/gaisgodillots-cv.fr\/?page_id=2238\">Mortagne<\/a><\/td>\n<td>Philippe<\/td>\n<\/tr>\n<tr class=\"journee\">\n<td width=25%>Dimanche 13<\/td>\n<td><a href=\"https:\/\/gaisgodillots-cv.fr\/?page_id=2243\">Sur les Cr\u00eates<\/a><\/td>\n<td>Francine et Roger<\/td>\n<\/tr>\n<tr class=\"demijournee\">\n<td width=25%>Jeudi 17<\/td>\n<td><a href=\"https:\/\/gaisgodillots-cv.fr\/?page_id=2261\">Boslimpr\u00e9<\/a><\/td>\n<td>Michel<\/td>\n<\/tr>\n<tr class=\"journee\">\n<td width=25%>Dimanche 20<\/td>\n<td><a href=\"https:\/\/gaisgodillots-cv.fr\/?page_id=2246\">Moyenmoutier<\/a><\/td>\n<td>\u00c9dith et Dany<\/td>\n<\/tr>\n<tr class=\"demijournee\">\n<td width=25%>Jeudi 24<\/td>\n<td><a href=\"https:\/\/gaisgodillots-cv.fr\/?page_id=2270\">Le Valtin<\/a><\/td>\n<td>Jacqueline et Jean-Pierre<\/td>\n<\/tr>\n<\/table>\n<\/div>\n<div id=\"octobre\">\n<p class=\"center\"><a href=\"#mois\" class=\"mois\">Octobre <span class=\"no-print\">\ud83d\udc46\ud83c\udffd<\/span><\/a><\/p>\n<table>\n<tr class=\"journee\">\n<td width=25%>Dimanche 11<\/td>\n<td><a href=\"https:\/\/gaisgodillots-cv.fr\/?page_id=2279\">Docelles<\/a><\/td>\n<td>\u00c9dith et Dany<\/td>\n<\/tr>\n<tr class=\"journee\">\n<td width=25%>Dimanche 18<\/td>\n<td><a href=\"https:\/\/gaisgodillots-cv.fr\/?page_id=2305\">Les Mille \u00c9tangs<\/a><\/td>\n<td>Fran\u00e7oise et Jean-Louis<\/td>\n<\/tr>\n<\/table>\n<\/div>\n<\/div>\n","protected":false},"excerpt":{"rendered":"<p>Cliquer sur le mois \ud83d\udc47\ud83c\udffd Janvier &#8211; Mars &#8211; Avril &#8211; Mai &#8211; Juin &#8211; Juillet &#8211; Ao\u00fbt &#8211; Septembre &#8211; Octobre Janvier Mercredi 29 Col de La SchluchtLes 3 Fours Les Gais Godillots Mars \ud83d\udc46\ud83c\udffd Dimanche 1 Assembl\u00e9e G\u00e9n\u00e9rale Les Gais Godillots Dimanche 15 Col de Martimpr\u00e9 Francine et Roger Dimanche 29 Vers Li\u00e9zeyRandonn\u00e9e &hellip; <a href=\"https:\/\/gaisgodillots-cv.fr\/?page_id=1411\" class=\"more-link\">Continuer la lecture<span class=\"screen-reader-text\"> de &laquo;&nbsp;Calendrier 2020&nbsp;&raquo;<\/span><\/a><\/p>\n","protected":false},"author":1,"featured_media":4810,"parent":0,"menu_order":0,"comment_status":"closed","ping_status":"closed","template":"","meta":{"_uag_custom_page_level_css":"","footnotes":""},"class_list":["post-1411","page","type-page","status-publish","has-post-thumbnail","hentry"],"uagb_featured_image_src":{"full":["https:\/\/gaisgodillots-cv.fr\/wp-content\/uploads\/cropped-Bandeau-Gais-Godillots.png",1200,532,false],"thumbnail":["https:\/\/gaisgodillots-cv.fr\/wp-content\/uploads\/cropped-Bandeau-Gais-Godillots-150x150.png",150,150,true],"medium":["https:\/\/gaisgodillots-cv.fr\/wp-content\/uploads\/cropped-Bandeau-Gais-Godillots-300x133.png",300,133,true],"medium_large":["https:\/\/gaisgodillots-cv.fr\/wp-content\/uploads\/cropped-Bandeau-Gais-Godillots-768x340.png",768,340,true],"large":["https:\/\/gaisgodillots-cv.fr\/wp-content\/uploads\/cropped-Bandeau-Gais-Godillots-1024x454.png",840,372,true],"1536x1536":["https:\/\/gaisgodillots-cv.fr\/wp-content\/uploads\/cropped-Bandeau-Gais-Godillots.png",1200,532,false],"2048x2048":["https:\/\/gaisgodillots-cv.fr\/wp-content\/uploads\/cropped-Bandeau-Gais-Godillots.png",1200,532,false],"gg_gallery_thumbnail":["https:\/\/gaisgodillots-cv.fr\/wp-content\/uploads\/cropped-Bandeau-Gais-Godillots-450x250.png",450,250,true],"post-thumbnail":["https:\/\/gaisgodillots-cv.fr\/wp-content\/uploads\/cropped-Bandeau-Gais-Godillots.png",1200,532,false]},"uagb_author_info":{"display_name":"admin4159","author_link":"https:\/\/gaisgodillots-cv.fr\/?author=1"},"uagb_comment_info":0,"uagb_excerpt":"Cliquer sur le mois \ud83d\udc47\ud83c\udffd Janvier &#8211; Mars &#8211; Avril &#8211; Mai &#8211; Juin &#8211; Juillet &#8211; Ao\u00fbt &#8211; Septembre &#8211; Octobre Janvier Mercredi 29 Col de La SchluchtLes 3 Fours Les Gais Godillots Mars \ud83d\udc46\ud83c\udffd Dimanche 1 Assembl\u00e9e G\u00e9n\u00e9rale Les Gais Godillots Dimanche 15 Col de Martimpr\u00e9 Francine et Roger Dimanche 29 Vers Li\u00e9zeyRandonn\u00e9e\u2026","_links":{"self":[{"href":"https:\/\/gaisgodillots-cv.fr\/index.php?rest_route=\/wp\/v2\/pages\/1411","targetHints":{"allow":["GET"]}}],"collection":[{"href":"https:\/\/gaisgodillots-cv.fr\/index.php?rest_route=\/wp\/v2\/pages"}],"about":[{"href":"https:\/\/gaisgodillots-cv.fr\/index.php?rest_route=\/wp\/v2\/types\/page"}],"author":[{"embeddable":true,"href":"https:\/\/gaisgodillots-cv.fr\/index.php?rest_route=\/wp\/v2\/users\/1"}],"replies":[{"embeddable":true,"href":"https:\/\/gaisgodillots-cv.fr\/index.php?rest_route=%2Fwp%2Fv2%2Fcomments&post=1411"}],"version-history":[{"count":182,"href":"https:\/\/gaisgodillots-cv.fr\/index.php?rest_route=\/wp\/v2\/pages\/1411\/revisions"}],"predecessor-version":[{"id":6399,"href":"https:\/\/gaisgodillots-cv.fr\/index.php?rest_route=\/wp\/v2\/pages\/1411\/revisions\/6399"}],"wp:featuredmedia":[{"embeddable":true,"href":"https:\/\/gaisgodillots-cv.fr\/index.php?rest_route=\/wp\/v2\/media\/4810"}],"wp:attachment":[{"href":"https:\/\/gaisgodillots-cv.fr\/index.php?rest_route=%2Fwp%2Fv2%2Fmedia&parent=1411"}],"curies":[{"name":"wp","href":"https:\/\/api.w.org\/{rel}","templated":true}]}}